{"id":3334,"date":"2025-10-19T12:04:27","date_gmt":"2025-10-19T10:04:27","guid":{"rendered":"https:\/\/407artfoundation.org\/?post_type=product&#038;p=3334"},"modified":"2025-12-11T23:56:14","modified_gmt":"2025-12-11T22:56:14","slug":"klaudia-krzosek-powietrze-pozytyw","status":"publish","type":"product","link":"https:\/\/407artfoundation.org\/pl\/produkt\/klaudia-krzosek-powietrze-pozytyw\/","title":{"rendered":"Klaudia Krzosek &#8211; Powietrze (pozytyw) &#8211; 21.000 PLN"},"content":{"rendered":"<audio class=\"wp-audio-shortcode\" id=\"audio-3334-1\" preload=\"none\" style=\"width: 100%;\" controls=\"controls\"><source type=\"audio\/mpeg\" src=\"http:\/\/407artfoundation.org\/wp-content\/uploads\/2025\/12\/Klaudia-Krzosek_-Polska-Abstrakcja.mp3?_=1\" \/><a href=\"http:\/\/407artfoundation.org\/wp-content\/uploads\/2025\/12\/Klaudia-Krzosek_-Polska-Abstrakcja.mp3\">http:\/\/407artfoundation.org\/wp-content\/uploads\/2025\/12\/Klaudia-Krzosek_-Polska-Abstrakcja.mp3<\/a><\/audio>\n<p>Klaudia Krzosek (2000)<\/p>\n<p>Powietrze pozytyw \/ 100 x 100 cm \/ oil on canvas \/ 2025<\/p>\n<p><em>Powietrze jako \u017cywio\u0142 symbolizuje wolno\u015b\u0107, intelekt, komunikacj\u0119, zmiany i inspiracj\u0119, reprezentuje my\u015bli, idee, oraz duchow\u0105 ewolucj\u0119.  \nOdpowiada za rozsiewanie, ruch i oddech. Jest no\u015bnikiem \u017cycia i subtelnych energii.<\/em><\/p>\n<p>&nbsp;<\/p>\n<h3>POZNAJ HISTORIE TYCH OBRAZ\u00d3W - <a href=\"https:\/\/open.spotify.com\/episode\/3Z03FX0mveAhSVCQOqkx7y?si=QOyGV7azSOWPPfZjbYRg0A\">POS\u0141UCHAJ NA SPOTIFY<\/a><\/h3>\n<p>&nbsp;<\/p>\n<h3 dir=\"ltr\" data-placeholder=\"Translation\" data-ved=\"2ahUKEwic0JrcleeNAxVAR_EDHXS2LJUQ3ewLegQICRAV\" aria-label=\"Translated text: Excerpt from the review: &quot;When you stare at Klaudia Krzosek's paintings, you feel as if you were crossing the border of light. You literally immerse yourself in color. Each line is a fiber of energy, each layer is a frequency of mood, and the center... the center draws you in like a vortex, like a portal to your own imagination. These are not paintings to &quot;watch&quot;. These are paintings that breathe with you. You change the angle of view - they change. Depth appears. Space. Movement. When the light falls differently, the paintings start to live, showing you a different layer, different emotions and a different color. It is art like a pulse - it reacts to the light, to you, for a moment. Once you see a space of blue peace. Another time - pulsating green, or deep red. As if the color told you who you are today. And how you feel. Klaudia does not paint colors - she constructs them. Technical precision goes hand in hand with absolute emotionality. Her paintings are intricately woven structures - thousands of lines, each in a different shades of color that together create something more than a picture. They create an experience.&quot;\">Od kuratora<\/h3>\n<p class=\"tw-data-text tw-text-large tw-ta\" dir=\"ltr\" data-placeholder=\"Translation\" data-ved=\"2ahUKEwic0JrcleeNAxVAR_EDHXS2LJUQ3ewLegQICRAV\" aria-label=\"Translated text: Excerpt from the review: &quot;When you stare at Klaudia Krzosek's paintings, you feel as if you were crossing the border of light. You literally immerse yourself in color. Each line is a fiber of energy, each layer is a frequency of mood, and the center... the center draws you in like a vortex, like a portal to your own imagination. These are not paintings to &quot;watch&quot;. These are paintings that breathe with you. You change the angle of view - they change. Depth appears. Space. Movement. When the light falls differently, the paintings start to live, showing you a different layer, different emotions and a different color. It is art like a pulse - it reacts to the light, to you, for a moment. Once you see a space of blue peace. Another time - pulsating green, or deep red. As if the color told you who you are today. And how you feel. Klaudia does not paint colors - she constructs them. Technical precision goes hand in hand with absolute emotionality. Her paintings are intricately woven structures - thousands of lines, each in a different shades of color that together create something more than a picture. They create an experience.&quot;\"><span class=\"Y2IQFc\" lang=\"en\">\"Wpatruj\u0105c si\u0119 w obrazy Klaudii Krzosek, masz wra\u017cenie, jakby\u015b przekracza\u0142 granic\u0119 \u015bwiat\u0142a. Zanurzasz si\u0119 dos\u0142ownie w kolorze. Ka\u017cda linia to w\u0142\u00f3kno energii, ka\u017cda warstwa to cz\u0119stotliwo\u015b\u0107 nastroju, a centrum\u2026 centrum wci\u0105ga Ci\u0119 jak wir, jak portal do w\u0142asnej wyobra\u017ani. To nie s\u0105 obrazy do \"ogl\u0105dania\". To s\u0105 obrazy, kt\u00f3re oddychaj\u0105 z Tob\u0105. <\/span><\/p>\n<p class=\"tw-data-text tw-text-large tw-ta\" dir=\"ltr\" data-placeholder=\"Translation\" data-ved=\"2ahUKEwic0JrcleeNAxVAR_EDHXS2LJUQ3ewLegQICRAV\" aria-label=\"Translated text: Excerpt from the review: &quot;When you stare at Klaudia Krzosek's paintings, you feel as if you were crossing the border of light. You literally immerse yourself in color. Each line is a fiber of energy, each layer is a frequency of mood, and the center... the center draws you in like a vortex, like a portal to your own imagination. These are not paintings to &quot;watch&quot;. These are paintings that breathe with you. You change the angle of view - they change. Depth appears. Space. Movement. When the light falls differently, the paintings start to live, showing you a different layer, different emotions and a different color. It is art like a pulse - it reacts to the light, to you, for a moment. Once you see a space of blue peace. Another time - pulsating green, or deep red. As if the color told you who you are today. And how you feel. Klaudia does not paint colors - she constructs them. Technical precision goes hand in hand with absolute emotionality. Her paintings are intricately woven structures - thousands of lines, each in a different shades of color that together create something more than a picture. They create an experience.&quot;\"><span class=\"Y2IQFc\" lang=\"en\">Zmieniasz k\u0105t patrzenia - zmieniaj\u0105 si\u0119 one. Pojawia si\u0119 g\u0142\u0119bia. Przestrze\u0144. Ruch. Gdy \u015bwiat\u0142o pada inaczej, obrazy zaczynaj\u0105 \u017cy\u0107 pokazuj\u0105c Ci inn\u0105 warstw\u0119, inne emocje i inny kolor.\nTo sztuka jak puls - reaguje na \u015bwiat\u0142o, na Ciebie, na moment.\nRaz widzisz przestrze\u0144 b\u0142\u0119kitnego spokoju. Innym razem \u2013 pulsuj\u0105c\u0105 ziele\u0144, czy g\u0142\u0119bok\u0105 czerwie\u0144. Jakby kolor m\u00f3wi\u0142 Ci, kim jeste\u015b dzisiaj. I jak si\u0119 czujesz. <\/span><\/p>\n<p class=\"tw-data-text tw-text-large tw-ta\" dir=\"ltr\" data-placeholder=\"Translation\" data-ved=\"2ahUKEwic0JrcleeNAxVAR_EDHXS2LJUQ3ewLegQICRAV\" aria-label=\"Translated text: Excerpt from the review: &quot;When you stare at Klaudia Krzosek's paintings, you feel as if you were crossing the border of light. You literally immerse yourself in color. Each line is a fiber of energy, each layer is a frequency of mood, and the center... the center draws you in like a vortex, like a portal to your own imagination. These are not paintings to &quot;watch&quot;. These are paintings that breathe with you. You change the angle of view - they change. Depth appears. Space. Movement. When the light falls differently, the paintings start to live, showing you a different layer, different emotions and a different color. It is art like a pulse - it reacts to the light, to you, for a moment. Once you see a space of blue peace. Another time - pulsating green, or deep red. As if the color told you who you are today. And how you feel. Klaudia does not paint colors - she constructs them. Technical precision goes hand in hand with absolute emotionality. Her paintings are intricately woven structures - thousands of lines, each in a different shades of color that together create something more than a picture. They create an experience.&quot;\"><span class=\"Y2IQFc\" lang=\"en\">Klaudia Krzosek nie maluje barw - ona je konstruuje. Techniczna precyzja idzie tu w parze z absolutn\u0105 emocjonalno\u015bci\u0105. Jej obrazy to misternie utkane struktury - tysi\u0105ce linii, ka\u017cda w innym odcieniu koloru, kt\u00f3re razem tworz\u0105 co\u015b wi\u0119cej ni\u017c obraz. Tworz\u0105 do\u015bwiadczenie.\"\nAron Pude\u0142ko  - kurator<\/span><\/p>\n<h3>Nowa Kolekcja Sztuki - Klaudia Krzosek<\/h3>\n<p><a href=\"https:\/\/407artfoundation.org\/pl\/new-project-the-colors-of-color\/\">Wystawa The Colors of Color<\/a> prezentuje 30 oryginalnych dzie\u0142, kt\u00f3re na nowo definiuj\u0105 spos\u00f3b postrzegania przestrzeni, kolor\u00f3w i naszych relacji jako odbiorc\u00f3w. <a href=\"https:\/\/407artfoundation.org\/pl\/klaudia-krzosek-artist\/\">Klaudia Krzosek<\/a> i jej <a href=\"https:\/\/pl.wikipedia.org\/wiki\/Op-art\">sztuki abtrakcyjnej<\/a> przemawia bezpo\u015brednio do pokolenia otwartego na nowe media - pokolenia pe\u0142nego energii, ciekawo\u015bci i nadziei.Tym razem nasza uwaga skupia si\u0119 na fascynuj\u0105cym \u015bwiecie koloru, \u015bwiat\u0142a i ich dynamicznej relacji, otwieraj\u0105c szerok\u0105 dyskusj\u0119 na temat ewolucji sztuki abstrakcyjnej.\n\nSztuka abstrakcyjna od zawsze stanowi\u0142a przestrze\u0144 poszerzania granic percepcji. Od iluzji optycznych op-artu po wsp\u00f3\u0142czesne badania nad \u015bwiat\u0142em i przestrzeni\u0105.  Abstrakcja nieustannie prowokuje, porusza i budzi zmys\u0142y.<\/p>","protected":false},"excerpt":{"rendered":"<h2>Klaudia Krzosek<\/h2>\n<p>Powietrze (pozytyw) \/ 100 x 100 cm \/ oil on canvas \/ <a href=\"https:\/\/407artfoundation.org\/pl\/new-project-the-colors-of-color\/\">&#8220;The Colors of Color&#8221;<\/a> 2025-2026<\/p>\n<p>Obraz jest cz\u0119\u015bci\u0105 wystawy \"The Colors of Color\". Premiera w marcu 2026. Wi\u0119cej informacji znajdziesz <a href=\"https:\/\/407artfoundation.org\/pl\/new-project-the-colors-of-color\/\">Tutaj<\/a>.<\/p>\n<h2>Klaudia Krzosek<\/h2>\n<p><strong>Artystka, Klaudia Krzosek (2000)<\/strong> - absolwentka <a href=\"https:\/\/online2020.asp.waw.pl\/autorzy\/krzosek-klaudia\/\">Akademii Sztuk Pi\u0119knych w Warszawie.<\/a> W 2024 realizowa\u0142a aneks dyplomowy w pracowni malarstwa prowadzonej przez profesora <a href=\"https:\/\/pl.wikipedia.org\/wiki\/Andrzej_Zwierzchowski\">Andrzeja Zwierzchowskiego<\/a>Jeszcze w trakcie studi\u00f3w bra\u0142a udzia\u0142 w wielu wystawach zbiorowych. Jej indywidualna wystawa \u201eBreak on through\u201d (2023) pokaza\u0142a, \u017ce potrafi w wyj\u0105tkowy spos\u00f3b \u0142\u0105czy\u0107 techniczn\u0105 precyzj\u0119 z g\u0142\u0119bi\u0105 emocjonaln\u0105. Prace Klaudii Krzosek wyr\u00f3\u017cniaj\u0105 si\u0119 unikalnym stylem. Buduje nastr\u00f3j poprzez subtelne gry \u015bwiat\u0142a i cienia oraz intensywno\u015b\u0107 barwnych akcent\u00f3w.<\/p>\n<p>&nbsp;<\/p>","protected":false},"featured_media":3335,"comment_status":"open","ping_status":"closed","template":"","meta":{"give_campaign_id":0},"product_brand":[],"product_cat":[178],"product_tag":[187,186,185,179,180,182,183,184,181],"class_list":{"0":"post-3334","1":"product","2":"type-product","3":"status-publish","4":"has-post-thumbnail","6":"product_cat-the-colors-of-color","7":"product_tag-krzosek-abstrakcja","8":"product_tag-krzosek-obrazy","9":"product_tag-investinart","10":"product_tag-klaudiakrzosek","11":"product_tag-krzosek","12":"product_tag-krzosek-obraz","13":"product_tag-krzosek-obrazy-do-kupna","14":"product_tag-op-art","15":"product_tag-thecolorsofcolor","17":"first","18":"instock","19":"shipping-taxable","20":"purchasable","21":"product-type-simple"},"yoast_head":"<!-- This site is optimized with the Yoast SEO plugin v27.5 - https:\/\/yoast.com\/product\/yoast-seo-wordpress\/ -->\n<title>Klaudia Krzosek - Powietrze (pozytyw) - 21.000 PLN - 407artfoundation.org<\/title>\n<meta name=\"description\" content=\"Obraz &quot;Powietrze&quot; (pozytyw) Klaudii Krzosek wchodzi w sk\u0142ad nowego cyklu malarskiego &quot;The Colors of Color&quot;, w kt\u00f3rym artystka bada kolor, \u015bwiat\u0142o i warstwy.\" \/>\n<meta name=\"robots\" content=\"index, follow, max-snippet:-1, max-image-preview:large, max-video-preview:-1\" \/>\n<link rel=\"canonical\" href=\"https:\/\/407artfoundation.org\/pl\/produkt\/klaudia-krzosek-powietrze-pozytyw\/\" \/>\n<meta property=\"og:locale\" content=\"pl_PL\" \/>\n<meta property=\"og:type\" content=\"article\" \/>\n<meta property=\"og:title\" content=\"Klaudia Krzosek - Powietrze (pozytyw) - 21.000 PLN - 407artfoundation.org\" \/>\n<meta property=\"og:description\" content=\"Obraz &quot;Powietrze&quot; (pozytyw) Klaudii Krzosek wchodzi w sk\u0142ad nowego cyklu malarskiego &quot;The Colors of Color&quot;, w kt\u00f3rym artystka bada kolor, \u015bwiat\u0142o i warstwy.\" \/>\n<meta property=\"og:url\" content=\"https:\/\/407artfoundation.org\/pl\/produkt\/klaudia-krzosek-powietrze-pozytyw\/\" \/>\n<meta property=\"og:site_name\" content=\"407artfoundation.org\" \/>\n<meta property=\"article:modified_time\" content=\"2025-12-11T22:56:14+00:00\" \/>\n<meta property=\"og:image\" content=\"http:\/\/407artfoundation.org\/wp-content\/uploads\/2025\/10\/7.-Powietrze_pozytyw_100x100-scaled.jpg\" \/>\n\t<meta property=\"og:image:width\" content=\"2560\" \/>\n\t<meta property=\"og:image:height\" content=\"2498\" \/>\n\t<meta property=\"og:image:type\" content=\"image\/jpeg\" \/>\n<meta name=\"twitter:card\" content=\"summary_large_image\" \/>\n<meta name=\"twitter:label1\" content=\"Szacowany czas czytania\" \/>\n\t<meta name=\"twitter:data1\" content=\"2 minuty\" \/>\n<script type=\"application\/ld+json\" class=\"yoast-schema-graph\">{\"@context\":\"https:\\\/\\\/schema.org\",\"@graph\":[{\"@type\":\"WebPage\",\"@id\":\"https:\\\/\\\/407artfoundation.org\\\/product\\\/klaudia-krzosek-powietrze-pozytyw\\\/\",\"url\":\"https:\\\/\\\/407artfoundation.org\\\/product\\\/klaudia-krzosek-powietrze-pozytyw\\\/\",\"name\":\"Klaudia Krzosek - Powietrze (pozytyw) - 21.000 PLN - 407artfoundation.org\",\"isPartOf\":{\"@id\":\"https:\\\/\\\/407artfoundation.org\\\/#website\"},\"primaryImageOfPage\":{\"@id\":\"https:\\\/\\\/407artfoundation.org\\\/product\\\/klaudia-krzosek-powietrze-pozytyw\\\/#primaryimage\"},\"image\":{\"@id\":\"https:\\\/\\\/407artfoundation.org\\\/product\\\/klaudia-krzosek-powietrze-pozytyw\\\/#primaryimage\"},\"thumbnailUrl\":\"https:\\\/\\\/407artfoundation.org\\\/wp-content\\\/uploads\\\/2025\\\/10\\\/7.-Powietrze_pozytyw_100x100-scaled.jpg\",\"datePublished\":\"2025-10-19T10:04:27+00:00\",\"dateModified\":\"2025-12-11T22:56:14+00:00\",\"description\":\"Obraz \\\"Powietrze\\\" (pozytyw) Klaudii Krzosek wchodzi w sk\u0142ad nowego cyklu malarskiego \\\"The Colors of Color\\\", w kt\u00f3rym artystka bada kolor, \u015bwiat\u0142o i warstwy.\",\"breadcrumb\":{\"@id\":\"https:\\\/\\\/407artfoundation.org\\\/product\\\/klaudia-krzosek-powietrze-pozytyw\\\/#breadcrumb\"},\"inLanguage\":\"pl-PL\",\"potentialAction\":[{\"@type\":\"ReadAction\",\"target\":[\"https:\\\/\\\/407artfoundation.org\\\/product\\\/klaudia-krzosek-powietrze-pozytyw\\\/\"]}]},{\"@type\":\"ImageObject\",\"inLanguage\":\"pl-PL\",\"@id\":\"https:\\\/\\\/407artfoundation.org\\\/product\\\/klaudia-krzosek-powietrze-pozytyw\\\/#primaryimage\",\"url\":\"https:\\\/\\\/407artfoundation.org\\\/wp-content\\\/uploads\\\/2025\\\/10\\\/7.-Powietrze_pozytyw_100x100-scaled.jpg\",\"contentUrl\":\"https:\\\/\\\/407artfoundation.org\\\/wp-content\\\/uploads\\\/2025\\\/10\\\/7.-Powietrze_pozytyw_100x100-scaled.jpg\",\"width\":2560,\"height\":2498,\"caption\":\"Klaudia Krzosek \\\"Powietrze\\\" pozytyw\"},{\"@type\":\"BreadcrumbList\",\"@id\":\"https:\\\/\\\/407artfoundation.org\\\/product\\\/klaudia-krzosek-powietrze-pozytyw\\\/#breadcrumb\",\"itemListElement\":[{\"@type\":\"ListItem\",\"position\":1,\"name\":\"Home\",\"item\":\"https:\\\/\\\/407artfoundation.org\\\/\"},{\"@type\":\"ListItem\",\"position\":2,\"name\":\"Shop\",\"item\":\"https:\\\/\\\/407artfoundation.org\\\/shop\\\/\"},{\"@type\":\"ListItem\",\"position\":3,\"name\":\"Klaudia Krzosek &#8211; Powietrze (pozytyw) &#8211; 21.000 PLN\"}]},{\"@type\":\"WebSite\",\"@id\":\"https:\\\/\\\/407artfoundation.org\\\/#website\",\"url\":\"https:\\\/\\\/407artfoundation.org\\\/\",\"name\":\"407artfoundation.org\",\"description\":\"Promujemy polsk\u0105 sztuk\u0119 i kultur\u0119. \u0141\u0105czymy artyst\u00f3w z kolekcjonerami. Pomagamy budowa\u0107 warto\u015bciowe kolekcje sztuki. Organizujemy wyj\u0105tkowe wystawy w ramach cyklu &quot;Sztuka na Z\u0142otej44&quot;. Wspieramy inne organizacje i instytucje dzia\u0142aj\u0105ce na rzecz szerzenia kultury.\",\"potentialAction\":[{\"@type\":\"SearchAction\",\"target\":{\"@type\":\"EntryPoint\",\"urlTemplate\":\"https:\\\/\\\/407artfoundation.org\\\/?s={search_term_string}\"},\"query-input\":{\"@type\":\"PropertyValueSpecification\",\"valueRequired\":true,\"valueName\":\"search_term_string\"}}],\"inLanguage\":\"pl-PL\"}]}<\/script>\n<!-- \/ Yoast SEO plugin. -->","yoast_head_json":{"title":"Klaudia Krzosek - Powietrze (pozytyw) - 21.000 PLN - 407artfoundation.org","description":"Obraz \"Powietrze\" (pozytyw) Klaudii Krzosek wchodzi w sk\u0142ad nowego cyklu malarskiego \"The Colors of Color\", w kt\u00f3rym artystka bada kolor, \u015bwiat\u0142o i warstwy.","robots":{"index":"index","follow":"follow","max-snippet":"max-snippet:-1","max-image-preview":"max-image-preview:large","max-video-preview":"max-video-preview:-1"},"canonical":"https:\/\/407artfoundation.org\/pl\/produkt\/klaudia-krzosek-powietrze-pozytyw\/","og_locale":"pl_PL","og_type":"article","og_title":"Klaudia Krzosek - Powietrze (pozytyw) - 21.000 PLN - 407artfoundation.org","og_description":"Obraz \"Powietrze\" (pozytyw) Klaudii Krzosek wchodzi w sk\u0142ad nowego cyklu malarskiego \"The Colors of Color\", w kt\u00f3rym artystka bada kolor, \u015bwiat\u0142o i warstwy.","og_url":"https:\/\/407artfoundation.org\/pl\/produkt\/klaudia-krzosek-powietrze-pozytyw\/","og_site_name":"407artfoundation.org","article_modified_time":"2025-12-11T22:56:14+00:00","og_image":[{"width":2560,"height":2498,"url":"http:\/\/407artfoundation.org\/wp-content\/uploads\/2025\/10\/7.-Powietrze_pozytyw_100x100-scaled.jpg","type":"image\/jpeg"}],"twitter_card":"summary_large_image","twitter_misc":{"Szacowany czas czytania":"2 minuty"},"schema":{"@context":"https:\/\/schema.org","@graph":[{"@type":"WebPage","@id":"https:\/\/407artfoundation.org\/product\/klaudia-krzosek-powietrze-pozytyw\/","url":"https:\/\/407artfoundation.org\/product\/klaudia-krzosek-powietrze-pozytyw\/","name":"Klaudia Krzosek - Powietrze (pozytyw) - 21.000 PLN - 407artfoundation.org","isPartOf":{"@id":"https:\/\/407artfoundation.org\/#website"},"primaryImageOfPage":{"@id":"https:\/\/407artfoundation.org\/product\/klaudia-krzosek-powietrze-pozytyw\/#primaryimage"},"image":{"@id":"https:\/\/407artfoundation.org\/product\/klaudia-krzosek-powietrze-pozytyw\/#primaryimage"},"thumbnailUrl":"https:\/\/407artfoundation.org\/wp-content\/uploads\/2025\/10\/7.-Powietrze_pozytyw_100x100-scaled.jpg","datePublished":"2025-10-19T10:04:27+00:00","dateModified":"2025-12-11T22:56:14+00:00","description":"Obraz \"Powietrze\" (pozytyw) Klaudii Krzosek wchodzi w sk\u0142ad nowego cyklu malarskiego \"The Colors of Color\", w kt\u00f3rym artystka bada kolor, \u015bwiat\u0142o i warstwy.","breadcrumb":{"@id":"https:\/\/407artfoundation.org\/product\/klaudia-krzosek-powietrze-pozytyw\/#breadcrumb"},"inLanguage":"pl-PL","potentialAction":[{"@type":"ReadAction","target":["https:\/\/407artfoundation.org\/product\/klaudia-krzosek-powietrze-pozytyw\/"]}]},{"@type":"ImageObject","inLanguage":"pl-PL","@id":"https:\/\/407artfoundation.org\/product\/klaudia-krzosek-powietrze-pozytyw\/#primaryimage","url":"https:\/\/407artfoundation.org\/wp-content\/uploads\/2025\/10\/7.-Powietrze_pozytyw_100x100-scaled.jpg","contentUrl":"https:\/\/407artfoundation.org\/wp-content\/uploads\/2025\/10\/7.-Powietrze_pozytyw_100x100-scaled.jpg","width":2560,"height":2498,"caption":"Klaudia Krzosek \"Powietrze\" pozytyw"},{"@type":"BreadcrumbList","@id":"https:\/\/407artfoundation.org\/product\/klaudia-krzosek-powietrze-pozytyw\/#breadcrumb","itemListElement":[{"@type":"ListItem","position":1,"name":"Home","item":"https:\/\/407artfoundation.org\/"},{"@type":"ListItem","position":2,"name":"Shop","item":"https:\/\/407artfoundation.org\/shop\/"},{"@type":"ListItem","position":3,"name":"Klaudia Krzosek &#8211; Powietrze (pozytyw) &#8211; 21.000 PLN"}]},{"@type":"WebSite","@id":"https:\/\/407artfoundation.org\/#website","url":"https:\/\/407artfoundation.org\/","name":"407artfoundation.org","description":"Promujemy polsk\u0105 sztuk\u0119 i kultur\u0119. \u0141\u0105czymy artyst\u00f3w z kolekcjonerami. Pomagamy budowa\u0107 warto\u015bciowe kolekcje sztuki. Organizujemy wyj\u0105tkowe wystawy w ramach cyklu &quot;Sztuka na Z\u0142otej44&quot;. Wspieramy inne organizacje i instytucje dzia\u0142aj\u0105ce na rzecz szerzenia kultury.","potentialAction":[{"@type":"SearchAction","target":{"@type":"EntryPoint","urlTemplate":"https:\/\/407artfoundation.org\/?s={search_term_string}"},"query-input":{"@type":"PropertyValueSpecification","valueRequired":true,"valueName":"search_term_string"}}],"inLanguage":"pl-PL"}]}},"_links":{"self":[{"href":"https:\/\/407artfoundation.org\/pl\/wp-json\/wp\/v2\/product\/3334","targetHints":{"allow":["GET"]}}],"collection":[{"href":"https:\/\/407artfoundation.org\/pl\/wp-json\/wp\/v2\/product"}],"about":[{"href":"https:\/\/407artfoundation.org\/pl\/wp-json\/wp\/v2\/types\/product"}],"replies":[{"embeddable":true,"href":"https:\/\/407artfoundation.org\/pl\/wp-json\/wp\/v2\/comments?post=3334"}],"wp:featuredmedia":[{"embeddable":true,"href":"https:\/\/407artfoundation.org\/pl\/wp-json\/wp\/v2\/media\/3335"}],"wp:attachment":[{"href":"https:\/\/407artfoundation.org\/pl\/wp-json\/wp\/v2\/media?parent=3334"}],"wp:term":[{"taxonomy":"product_brand","embeddable":true,"href":"https:\/\/407artfoundation.org\/pl\/wp-json\/wp\/v2\/product_brand?post=3334"},{"taxonomy":"product_cat","embeddable":true,"href":"https:\/\/407artfoundation.org\/pl\/wp-json\/wp\/v2\/product_cat?post=3334"},{"taxonomy":"product_tag","embeddable":true,"href":"https:\/\/407artfoundation.org\/pl\/wp-json\/wp\/v2\/product_tag?post=3334"}],"curies":[{"name":"wp","href":"https:\/\/api.w.org\/{rel}","templated":true}]}}