{"id":2614,"date":"2025-06-12T18:58:12","date_gmt":"2025-06-12T16:58:12","guid":{"rendered":"https:\/\/407artfoundation.org\/?post_type=product&#038;p=2614"},"modified":"2025-07-14T15:55:14","modified_gmt":"2025-07-14T13:55:14","slug":"oblicza-duszy-zazdrosc-wojciech-ciesniewski","status":"publish","type":"product","link":"https:\/\/407artfoundation.org\/pl\/produkt\/oblicza-duszy-zazdrosc-wojciech-ciesniewski\/","title":{"rendered":"Wojciech Cie\u015bniewski &#8211; Oblicza Duszy &#8211; &#8220;Zazdro\u015b\u0107&#8221; &#8211; 58.000 PLN"},"content":{"rendered":"<h3 data-start=\"364\" data-end=\"422\">Orginalny obraz Wojciecha Cie\u015bniewskiego - Ju\u017c dostepny<\/h3>\n<p data-start=\"424\" data-end=\"680\">Wprowad\u017a do swojego wn\u0119trza dzie\u0142o z wyj\u0105tkowej wystawy 2025 roku. <em data-start=\"493\" data-end=\"536\">\u201c<a href=\"https:\/\/407artfoundation.org\/pl\/faces-of-the-soul-virtues-and-sins\/\">\"Oblicza Duszy: Cnoty i Grzechy\"<\/a>\u201d<\/em> to wyj\u0105tkowa kolekcja mistrza polskiej sztuki wspo\u0142czesnej, <a href=\"https:\/\/youtu.be\/TW9-DNe4bkc?si=M8KCehGue4h3nmEq\"><strong data-start=\"590\" data-end=\"614\">Wojciech Cie\u015bniewski<\/strong><\/a>kt\u00f3ry eksploruje odwieczn\u0105 tematyk\u0119 moralno\u015bci, pi\u0119kna i ludzkiej natury.<\/p>\n<p data-start=\"682\" data-end=\"1005\">Ten oryginalny obraz powystawowy jest dost\u0119pny do nabycia tylko przez 407 Art Foundation. Ka\u017cdy obraz z tej kolekcji porusza dog\u0142\u0119bnie obecne znaczenia <strong data-start=\"833\" data-end=\"851\">cn\u00f3t i grzech\u00f3w<\/strong> w swiecie kszta\u0142towanym przez kulturowe zmiany. To co kiedy\u015b by\u0142o wstydem, dzi\u015b mo\u017ce by\u0107 neutralne. Co\u015b raz zdefiniowane jako ludzki idea\u0142, dzi\u015b mo\u017ce by\u0107 reinterpretowane.<\/p>\n<p data-start=\"1007\" data-end=\"1135\">Cie\u015bniewski nie daje odpowiedzi. Oferuje <strong data-start=\"1053\" data-end=\"1134\">akt sztuki, kt\u00f3ry prowokuje, wzbudza emocje, a nawet jest lustrem dla nas samych.<\/strong>.<\/p>\n<h3 data-start=\"1137\" data-end=\"1165\">Dlaczego kolekcjonowa\u0107 obrazy Wojciecha Cie\u015bniewskiego?<\/h3>\n<ul data-start=\"1167\" data-end=\"1512\">\n<li data-start=\"1167\" data-end=\"1244\">\n<p data-start=\"1169\" data-end=\"1244\"><strong data-start=\"1169\" data-end=\"1191\">Artysta klasy muzealnej<\/strong> jako nieliczny z malarzy wsp\u00f3\u0142czesnych<\/p>\n<\/li>\n<li data-start=\"1245\" data-end=\"1295\">\n<p data-start=\"1247\" data-end=\"1295\">Pokazywany na ponad <strong data-start=\"1264\" data-end=\"1293\">150 wystawach \u015bwiatowych<\/strong><\/p>\n<\/li>\n<li data-start=\"1296\" data-end=\"1353\">\n<p data-start=\"1298\" data-end=\"1353\">Uhonorowany <strong data-start=\"1310\" data-end=\"1351\"><a href=\"https:\/\/www.gov.pl\/web\/kultura\/medal-zasluzony-kulturze-gloria-artis\">Medalem Gloria Artis<\/a> za dokonania w kulturze i sztuce<\/strong><\/p>\n<\/li>\n<li data-start=\"1354\" data-end=\"1421\">\n<p data-start=\"1356\" data-end=\"1421\">Obecny w ponad stu prywatnych kolekcjach w Europie, Azji i Stanach Zjednoczonych<\/p>\n<\/li>\n<li data-start=\"1422\" data-end=\"1512\">\n<p data-start=\"1424\" data-end=\"1512\">Idealny wyb\u00f3r dla Kolekcjoner\u00f3w sztuki figuratywnej, temat\u00f3w etycznych i nastawionych na mocny emocjonalny rezonans<\/p>\n<\/li>\n<\/ul>\n<p data-start=\"1514\" data-end=\"1808\">Ka\u017cdy obraz z tego cyklu nosi nie tylko znami\u0119 mistrza, ale i ducha \u015bwiata w okresie przej\u015bciowym. Warstwowe poci\u0105gni\u0119cia p\u0119dzla Cie\u015bniewskiego i symboliczne kompozycje odzwierciedlaj\u0105 wp\u0142ywy <strong data-start=\"1707\" data-end=\"1740\"><a href=\"https:\/\/www.caravaggio.org\/\">Caravaggio<\/a>, <a href=\"https:\/\/pl.wikipedia.org\/wiki\/Jan_Vermeer\">Vermeer<\/a>, <a href=\"https:\/\/niezlasztuka.net\/artysta\/gian-lorenzo-bernini\/\">Bernini<\/a>,<\/strong> i <a href=\"https:\/\/www.christianiconography.info\/\"><strong data-start=\"1745\" data-end=\"1770\">Christian iconography<\/strong><\/a>pozostaj\u0105c przy tym wsp\u00f3\u0142czesne. <strong data-start=\"2215\" data-end=\"2239\">Wojciech Cie\u015bniewski<\/strong> (ur. 1958) jest malarzem, profesorem i jednym z najbardziej szanowanych g\u0142os\u00f3w w dzisiejszej sztuce polskiej. Od wczesnej abstrakcji do dojrza\u0142ej pracy figuralnej, jego sztuka zawsze by\u0142a czym\u015b wi\u0119cej ni\u017c estetyk\u0105. To filozoficzna refleksja nad tym, co czyni nas lud\u017ami.<\/p>\n<h3 data-start=\"1815\" data-end=\"1862\">Kupuj\u0105c \"Zazdro\u015b\u0107\" b\u0119dziesz posiada\u0107 wyj\u0105tkowe dzie\u0142o, kt\u00f3re porusza dusz\u0119<\/h3>\n<p data-start=\"1863\" data-end=\"2012\">Niezale\u017cnie od tego, czy jeste\u015b kolekcjonerem sztuki, projektantem wn\u0119trz, czy szukasz niezapomnianego prezentu, te dzie\u0142a wnosz\u0105 g\u0142\u0119bi\u0119, elegancj\u0119 i znaczenie do ka\u017cdej przestrzeni. Ka\u017cdemu obrazowi towarzyszy:<\/p>\n<ul>\n<li data-start=\"2014\" data-end=\"2185\">Certyfikat autentyczno\u015bci<\/li>\n<li data-start=\"2014\" data-end=\"2185\">Udokumentowany udzia\u0142 w wystawie <em data-start=\"2108\" data-end=\"2129\">\"Oblicza Duszy: Cnoty i Grzechy\"<\/em> exhibition<\/li>\n<li data-start=\"2014\" data-end=\"2185\">Katalog z biografi\u0105 i esejami kuratorskimi<\/li>\n<li>Mo\u017cliwo\u015b\u0107 wysy\u0142ki do dowolnego miejsca<\/li>\n<li>Profesjonalne zabezpieczenie<\/li>\n<li>Osobiste doradztwo dla Kolekcjoner\u00f3w (indywidualne porady obejmuj\u0105ce dob\u00f3r obramowania)<\/li>\n<\/ul>\n<h3 data-start=\"2523\" data-end=\"2688\">\"Zazdro\u015b\u0107\" - Wprowad\u017a do swojej kolekcji sztuki ten wyj\u0105tkowo pi\u0119kny i refleksyjny obraz jak z sali muzealnej<\/h3>\n<h3 data-start=\"2523\" data-end=\"2688\">Wszystkie dost\u0119pne obrazy znajdziesz <a href=\"https:\/\/407artfoundation.org\/pl\/works-for-sale\/\">Tutaj<\/a>.<br data-start=\"2765\" data-end=\"2768\" \/><br data-start=\"2840\" data-end=\"2843\" \/><\/h3>","protected":false},"excerpt":{"rendered":"<p>Wojciech Cie\u015bniewski (1958)<\/p>\n<p>&#8220;Zazdro\u015b\u0107 &#8211; Envy&#8221; \/ 90 x 93 cm\u00a0 \/\u00a0 oil on canvas<\/p>\n<h6>Wskaz\u00f3wki od kurator\u00f3w wystawy oraz od Artysty jak mo\u017cna patrze\u0107 i interpretowa\u0107 wspo\u0142cze\u015bnie obraz zach\u0119c\u0105c do w\u0142asnej analizy grzechu i cnoty.<\/h6>\n<p class=\"DomylneA\" style=\"margin-top: 0in; line-height: normal; tab-stops: 28.0pt 56.0pt 84.0pt 112.0pt 140.0pt 168.0pt 196.0pt 224.0pt;\"><span class=\"Brak\"><i><span style=\"color: #9e9e9e;\">Zazdro\u015bci\u0105 okre\u015blamy ten stan - kt\u00f3ry ma ju\u017c aspekt negatywny. Chocia\u017c niekoniecznie destrukcyjny!!!<\/span><\/i><\/span><i><\/i><\/p>\n<p class=\"DomylneA\" style=\"margin-top: 0in; line-height: normal; tab-stops: 28.0pt 56.0pt 84.0pt 112.0pt 140.0pt 168.0pt 196.0pt 224.0pt;\"><span class=\"Brak\"><i><span style=\"color: #9e9e9e;\">Zazdro\u015b\u0107 to Frustracja!<br \/>\nTak, ale\u2026 mo\u017ce to dzia\u0142a\u0107 niszcz\u0105co, destrukcyjnie, lub buduj\u0105co! Ha!<\/span><\/i><\/span><i><\/i><\/p>\n<pre><strong>Wojciech Cie\u015bniewski - Artysta \r\n\r\n<\/strong><\/pre>\n<h3>Private Viewing<\/h3>\n<p>Kolekcjonerzy mog\u0105\u00a0<a href=\"https:\/\/407artfoundation.org\/pl\/contact\/\">skontaktowa\u0107 si\u0119 z nami,<\/a> aby um\u00f3wi\u0107 si\u0119 na indywidualne okazanie obrazu przed jego zakupem.<\/p>\n<p>Podczas ekskluzywnego spotkania kolekcjonerzy b\u0119d\u0105 mieli okazj\u0119 przyjrze\u0107 si\u0119 dzie\u0142u sztuki z bliska i porozmawia\u0107 z kuratorem wystawy o ca\u0142ej kolekcji dzie\u0142 sztuki i wyj\u0105tkowej warto\u015bci tego obrazu.<\/p>\n<p>Po zakupie oferujemy mo\u017cliwo\u015b\u0107 bezpiecznego przechowywania dzie\u0142a sztuki w depozycie, je\u015bli kolekcjoner jest zainteresowany typowym inwestowaniem w sztuk\u0119.<\/p>\n<p>Mo\u017cna skontaktowa\u0107 si\u0119 z nami poprzez <strong>przycisk pod cen\u0105<\/strong> na dole strony <strong>albo telefonicznie:<\/strong>:<\/p>\n<h4>Osoba kontaktowa<\/h4>\n<p>Grzegorz Jaworski<br data-start=\"2535\" data-end=\"2538\" \/>+48 736 407 704<\/p>\n<p>info@407artfoundation.org<\/p>","protected":false},"featured_media":2616,"comment_status":"open","ping_status":"closed","template":"","meta":{"give_campaign_id":0},"product_brand":[],"product_cat":[91],"product_tag":[166,167,165,193,164],"class_list":{"0":"post-2614","1":"product","2":"type-product","3":"status-publish","4":"has-post-thumbnail","6":"product_cat-oblicza-duszy","7":"product_tag-kolekcjasztuki","8":"product_tag-kolekcjonerzy","9":"product_tag-obraz","10":"product_tag-obrazyciesniewskiego","11":"product_tag-wojciechciesniewski","13":"first","14":"instock","15":"shipping-taxable","16":"purchasable","17":"product-type-simple"},"yoast_head":"<!-- This site is optimized with the Yoast SEO plugin v27.5 - https:\/\/yoast.com\/product\/yoast-seo-wordpress\/ -->\n<title>Wojciech Cie\u015bniewski - Oblicza Duszy - &quot;Zazdro\u015b\u0107&quot; - 58.000 PLN - 407artfoundation.org<\/title>\n<meta name=\"description\" content=\"Obraz wchodz\u0105cy w sk\u0142ad wyj\u0105tkowej kolekcji nowego cyklu malarskiego &quot;Oblicza Duszy: Cnoty i Grzechy&quot;. Wojciech Cie\u015bniewski i jego mistrzowska narracja.\" \/>\n<meta name=\"robots\" content=\"index, follow, max-snippet:-1, max-image-preview:large, max-video-preview:-1\" \/>\n<link rel=\"canonical\" href=\"https:\/\/407artfoundation.org\/pl\/produkt\/oblicza-duszy-zazdrosc-wojciech-ciesniewski\/\" \/>\n<meta property=\"og:locale\" content=\"pl_PL\" \/>\n<meta property=\"og:type\" content=\"article\" \/>\n<meta property=\"og:title\" content=\"Wojciech Cie\u015bniewski - Oblicza Duszy - &quot;Zazdro\u015b\u0107&quot; - 58.000 PLN - 407artfoundation.org\" \/>\n<meta property=\"og:description\" content=\"Obraz wchodz\u0105cy w sk\u0142ad wyj\u0105tkowej kolekcji nowego cyklu malarskiego &quot;Oblicza Duszy: Cnoty i Grzechy&quot;. Wojciech Cie\u015bniewski i jego mistrzowska narracja.\" \/>\n<meta property=\"og:url\" content=\"https:\/\/407artfoundation.org\/pl\/produkt\/oblicza-duszy-zazdrosc-wojciech-ciesniewski\/\" \/>\n<meta property=\"og:site_name\" content=\"407artfoundation.org\" \/>\n<meta property=\"article:modified_time\" content=\"2025-07-14T13:55:14+00:00\" \/>\n<meta property=\"og:image\" content=\"http:\/\/407artfoundation.org\/wp-content\/uploads\/2025\/06\/zazdrosc-front-1.jpg\" \/>\n\t<meta property=\"og:image:width\" content=\"1800\" \/>\n\t<meta property=\"og:image:height\" content=\"1727\" \/>\n\t<meta property=\"og:image:type\" content=\"image\/jpeg\" \/>\n<meta name=\"twitter:card\" content=\"summary_large_image\" \/>\n<meta name=\"twitter:label1\" content=\"Szacowany czas czytania\" \/>\n\t<meta name=\"twitter:data1\" content=\"2 minuty\" \/>\n<script type=\"application\/ld+json\" class=\"yoast-schema-graph\">{\"@context\":\"https:\\\/\\\/schema.org\",\"@graph\":[{\"@type\":\"WebPage\",\"@id\":\"https:\\\/\\\/407artfoundation.org\\\/product\\\/oblicza-duszy-zazdrosc-wojciech-ciesniewski\\\/\",\"url\":\"https:\\\/\\\/407artfoundation.org\\\/product\\\/oblicza-duszy-zazdrosc-wojciech-ciesniewski\\\/\",\"name\":\"Wojciech Cie\u015bniewski - Oblicza Duszy - \\\"Zazdro\u015b\u0107\\\" - 58.000 PLN - 407artfoundation.org\",\"isPartOf\":{\"@id\":\"https:\\\/\\\/407artfoundation.org\\\/#website\"},\"primaryImageOfPage\":{\"@id\":\"https:\\\/\\\/407artfoundation.org\\\/product\\\/oblicza-duszy-zazdrosc-wojciech-ciesniewski\\\/#primaryimage\"},\"image\":{\"@id\":\"https:\\\/\\\/407artfoundation.org\\\/product\\\/oblicza-duszy-zazdrosc-wojciech-ciesniewski\\\/#primaryimage\"},\"thumbnailUrl\":\"https:\\\/\\\/407artfoundation.org\\\/wp-content\\\/uploads\\\/2025\\\/06\\\/zazdrosc-front-1.jpg\",\"datePublished\":\"2025-06-12T16:58:12+00:00\",\"dateModified\":\"2025-07-14T13:55:14+00:00\",\"description\":\"Obraz wchodz\u0105cy w sk\u0142ad wyj\u0105tkowej kolekcji nowego cyklu malarskiego \\\"Oblicza Duszy: Cnoty i Grzechy\\\". Wojciech Cie\u015bniewski i jego mistrzowska narracja.\",\"breadcrumb\":{\"@id\":\"https:\\\/\\\/407artfoundation.org\\\/product\\\/oblicza-duszy-zazdrosc-wojciech-ciesniewski\\\/#breadcrumb\"},\"inLanguage\":\"pl-PL\",\"potentialAction\":[{\"@type\":\"ReadAction\",\"target\":[\"https:\\\/\\\/407artfoundation.org\\\/product\\\/oblicza-duszy-zazdrosc-wojciech-ciesniewski\\\/\"]}]},{\"@type\":\"ImageObject\",\"inLanguage\":\"pl-PL\",\"@id\":\"https:\\\/\\\/407artfoundation.org\\\/product\\\/oblicza-duszy-zazdrosc-wojciech-ciesniewski\\\/#primaryimage\",\"url\":\"https:\\\/\\\/407artfoundation.org\\\/wp-content\\\/uploads\\\/2025\\\/06\\\/zazdrosc-front-1.jpg\",\"contentUrl\":\"https:\\\/\\\/407artfoundation.org\\\/wp-content\\\/uploads\\\/2025\\\/06\\\/zazdrosc-front-1.jpg\",\"width\":1800,\"height\":1727,\"caption\":\"Zazdro\u015b\u0107\"},{\"@type\":\"BreadcrumbList\",\"@id\":\"https:\\\/\\\/407artfoundation.org\\\/product\\\/oblicza-duszy-zazdrosc-wojciech-ciesniewski\\\/#breadcrumb\",\"itemListElement\":[{\"@type\":\"ListItem\",\"position\":1,\"name\":\"Home\",\"item\":\"https:\\\/\\\/407artfoundation.org\\\/\"},{\"@type\":\"ListItem\",\"position\":2,\"name\":\"Shop\",\"item\":\"https:\\\/\\\/407artfoundation.org\\\/shop\\\/\"},{\"@type\":\"ListItem\",\"position\":3,\"name\":\"Wojciech Cie\u015bniewski &#8211; Oblicza Duszy &#8211; &#8220;Zazdro\u015b\u0107&#8221; &#8211; 58.000 PLN\"}]},{\"@type\":\"WebSite\",\"@id\":\"https:\\\/\\\/407artfoundation.org\\\/#website\",\"url\":\"https:\\\/\\\/407artfoundation.org\\\/\",\"name\":\"407artfoundation.org\",\"description\":\"Promujemy polsk\u0105 sztuk\u0119 i kultur\u0119. \u0141\u0105czymy artyst\u00f3w z kolekcjonerami. Pomagamy budowa\u0107 warto\u015bciowe kolekcje sztuki. Organizujemy wyj\u0105tkowe wystawy w ramach cyklu &quot;Sztuka na Z\u0142otej44&quot;. Wspieramy inne organizacje i instytucje dzia\u0142aj\u0105ce na rzecz szerzenia kultury.\",\"potentialAction\":[{\"@type\":\"SearchAction\",\"target\":{\"@type\":\"EntryPoint\",\"urlTemplate\":\"https:\\\/\\\/407artfoundation.org\\\/?s={search_term_string}\"},\"query-input\":{\"@type\":\"PropertyValueSpecification\",\"valueRequired\":true,\"valueName\":\"search_term_string\"}}],\"inLanguage\":\"pl-PL\"}]}<\/script>\n<!-- \/ Yoast SEO plugin. -->","yoast_head_json":{"title":"Wojciech Cie\u015bniewski - Oblicza Duszy - \"Zazdro\u015b\u0107\" - 58.000 PLN - 407artfoundation.org","description":"Obraz wchodz\u0105cy w sk\u0142ad wyj\u0105tkowej kolekcji nowego cyklu malarskiego \"Oblicza Duszy: Cnoty i Grzechy\". Wojciech Cie\u015bniewski i jego mistrzowska narracja.","robots":{"index":"index","follow":"follow","max-snippet":"max-snippet:-1","max-image-preview":"max-image-preview:large","max-video-preview":"max-video-preview:-1"},"canonical":"https:\/\/407artfoundation.org\/pl\/produkt\/oblicza-duszy-zazdrosc-wojciech-ciesniewski\/","og_locale":"pl_PL","og_type":"article","og_title":"Wojciech Cie\u015bniewski - Oblicza Duszy - \"Zazdro\u015b\u0107\" - 58.000 PLN - 407artfoundation.org","og_description":"Obraz wchodz\u0105cy w sk\u0142ad wyj\u0105tkowej kolekcji nowego cyklu malarskiego \"Oblicza Duszy: Cnoty i Grzechy\". Wojciech Cie\u015bniewski i jego mistrzowska narracja.","og_url":"https:\/\/407artfoundation.org\/pl\/produkt\/oblicza-duszy-zazdrosc-wojciech-ciesniewski\/","og_site_name":"407artfoundation.org","article_modified_time":"2025-07-14T13:55:14+00:00","og_image":[{"width":1800,"height":1727,"url":"http:\/\/407artfoundation.org\/wp-content\/uploads\/2025\/06\/zazdrosc-front-1.jpg","type":"image\/jpeg"}],"twitter_card":"summary_large_image","twitter_misc":{"Szacowany czas czytania":"2 minuty"},"schema":{"@context":"https:\/\/schema.org","@graph":[{"@type":"WebPage","@id":"https:\/\/407artfoundation.org\/product\/oblicza-duszy-zazdrosc-wojciech-ciesniewski\/","url":"https:\/\/407artfoundation.org\/product\/oblicza-duszy-zazdrosc-wojciech-ciesniewski\/","name":"Wojciech Cie\u015bniewski - Oblicza Duszy - \"Zazdro\u015b\u0107\" - 58.000 PLN - 407artfoundation.org","isPartOf":{"@id":"https:\/\/407artfoundation.org\/#website"},"primaryImageOfPage":{"@id":"https:\/\/407artfoundation.org\/product\/oblicza-duszy-zazdrosc-wojciech-ciesniewski\/#primaryimage"},"image":{"@id":"https:\/\/407artfoundation.org\/product\/oblicza-duszy-zazdrosc-wojciech-ciesniewski\/#primaryimage"},"thumbnailUrl":"https:\/\/407artfoundation.org\/wp-content\/uploads\/2025\/06\/zazdrosc-front-1.jpg","datePublished":"2025-06-12T16:58:12+00:00","dateModified":"2025-07-14T13:55:14+00:00","description":"Obraz wchodz\u0105cy w sk\u0142ad wyj\u0105tkowej kolekcji nowego cyklu malarskiego \"Oblicza Duszy: Cnoty i Grzechy\". Wojciech Cie\u015bniewski i jego mistrzowska narracja.","breadcrumb":{"@id":"https:\/\/407artfoundation.org\/product\/oblicza-duszy-zazdrosc-wojciech-ciesniewski\/#breadcrumb"},"inLanguage":"pl-PL","potentialAction":[{"@type":"ReadAction","target":["https:\/\/407artfoundation.org\/product\/oblicza-duszy-zazdrosc-wojciech-ciesniewski\/"]}]},{"@type":"ImageObject","inLanguage":"pl-PL","@id":"https:\/\/407artfoundation.org\/product\/oblicza-duszy-zazdrosc-wojciech-ciesniewski\/#primaryimage","url":"https:\/\/407artfoundation.org\/wp-content\/uploads\/2025\/06\/zazdrosc-front-1.jpg","contentUrl":"https:\/\/407artfoundation.org\/wp-content\/uploads\/2025\/06\/zazdrosc-front-1.jpg","width":1800,"height":1727,"caption":"Zazdro\u015b\u0107"},{"@type":"BreadcrumbList","@id":"https:\/\/407artfoundation.org\/product\/oblicza-duszy-zazdrosc-wojciech-ciesniewski\/#breadcrumb","itemListElement":[{"@type":"ListItem","position":1,"name":"Home","item":"https:\/\/407artfoundation.org\/"},{"@type":"ListItem","position":2,"name":"Shop","item":"https:\/\/407artfoundation.org\/shop\/"},{"@type":"ListItem","position":3,"name":"Wojciech Cie\u015bniewski &#8211; Oblicza Duszy &#8211; &#8220;Zazdro\u015b\u0107&#8221; &#8211; 58.000 PLN"}]},{"@type":"WebSite","@id":"https:\/\/407artfoundation.org\/#website","url":"https:\/\/407artfoundation.org\/","name":"407artfoundation.org","description":"Promujemy polsk\u0105 sztuk\u0119 i kultur\u0119. \u0141\u0105czymy artyst\u00f3w z kolekcjonerami. Pomagamy budowa\u0107 warto\u015bciowe kolekcje sztuki. Organizujemy wyj\u0105tkowe wystawy w ramach cyklu &quot;Sztuka na Z\u0142otej44&quot;. Wspieramy inne organizacje i instytucje dzia\u0142aj\u0105ce na rzecz szerzenia kultury.","potentialAction":[{"@type":"SearchAction","target":{"@type":"EntryPoint","urlTemplate":"https:\/\/407artfoundation.org\/?s={search_term_string}"},"query-input":{"@type":"PropertyValueSpecification","valueRequired":true,"valueName":"search_term_string"}}],"inLanguage":"pl-PL"}]}},"_links":{"self":[{"href":"https:\/\/407artfoundation.org\/pl\/wp-json\/wp\/v2\/product\/2614","targetHints":{"allow":["GET"]}}],"collection":[{"href":"https:\/\/407artfoundation.org\/pl\/wp-json\/wp\/v2\/product"}],"about":[{"href":"https:\/\/407artfoundation.org\/pl\/wp-json\/wp\/v2\/types\/product"}],"replies":[{"embeddable":true,"href":"https:\/\/407artfoundation.org\/pl\/wp-json\/wp\/v2\/comments?post=2614"}],"wp:featuredmedia":[{"embeddable":true,"href":"https:\/\/407artfoundation.org\/pl\/wp-json\/wp\/v2\/media\/2616"}],"wp:attachment":[{"href":"https:\/\/407artfoundation.org\/pl\/wp-json\/wp\/v2\/media?parent=2614"}],"wp:term":[{"taxonomy":"product_brand","embeddable":true,"href":"https:\/\/407artfoundation.org\/pl\/wp-json\/wp\/v2\/product_brand?post=2614"},{"taxonomy":"product_cat","embeddable":true,"href":"https:\/\/407artfoundation.org\/pl\/wp-json\/wp\/v2\/product_cat?post=2614"},{"taxonomy":"product_tag","embeddable":true,"href":"https:\/\/407artfoundation.org\/pl\/wp-json\/wp\/v2\/product_tag?post=2614"}],"curies":[{"name":"wp","href":"https:\/\/api.w.org\/{rel}","templated":true}]}}