{"id":2596,"date":"2025-06-12T17:49:19","date_gmt":"2025-06-12T15:49:19","guid":{"rendered":"https:\/\/407artfoundation.org\/?post_type=product&#038;p=2596"},"modified":"2025-09-18T20:42:41","modified_gmt":"2025-09-18T18:42:41","slug":"chciwosc-greed-wojciech-ciesniewski","status":"publish","type":"product","link":"https:\/\/407artfoundation.org\/pl\/produkt\/chciwosc-greed-wojciech-ciesniewski\/","title":{"rendered":"Wojciech Cie\u015bniewski &#8211; &#8220;Chciwo\u015b\u0107 &#8211; Greed&#8221; &#8211; 100.000 PLN"},"content":{"rendered":"<p>Wojciech Cie\u015bniewski (1958)<\/p>\n<p>110 x 123 cm\u00a0 \/\u00a0 oil on canvas<\/p>\n<h6>Wskaz\u00f3wki od kurator\u00f3w wystawy oraz od Artysty jak mo\u017cna patrze\u0107 i interpretowa\u0107 wspo\u0142cze\u015bnie obraz zach\u0119c\u0105c do w\u0142asnej analizy grzechu i cnoty.<\/h6>\n<p class=\"DomylneA\" style=\"margin-top: 0in; line-height: 150%; tab-stops: 28.0pt 56.0pt 84.0pt 112.0pt 140.0pt 168.0pt 196.0pt 224.0pt 3.5in 280.0pt 308.0pt 336.0pt 364.0pt 392.0pt 420.0pt 448.0pt 456.6pt;\"><span class=\"Brak\"><span style=\"font-size: 11.0pt; line-height: 150%; color: #535353;\">\"Co jest wi\u0119cej warte: chciwo\u015b\u0107 czy filantropia\" <\/span><\/span><\/p>\n<h4><strong>Aron Pude\u0142ko - wsp\u00f3\u0142kurator wystawy<\/strong><\/h4>\n<p>Wyci\u0105g z listu od Artysty dla posiadacza obrazu \"Chciwo\u015b\u0107\"<\/p>\n<pre class=\"Domylne\" style=\"margin-top: 0in; line-height: normal; tab-stops: 28.0pt 56.0pt 84.0pt 112.0pt 140.0pt 168.0pt 196.0pt 224.0pt 3.5in 280.0pt 308.0pt 336.0pt 364.0pt 392.0pt 420.0pt 448.0pt 476.0pt;\"><i><span style=\"font-size: 10.0pt; color: #a7a7a7;\">Ja, Wojciech Cie\u015bniewski, autor tego dzie\u0142a, przez d\u0142ugi czas zastanawia\u0142em si\u0119 nad tym, czym dla mnie jest chciwo\u015b\u0107. A czym ona jest dla Ciebie?<\/span><\/i>\r\n\r\n<i><span style=\"font-size: 10.0pt; color: #a7a7a7;\">\u00a0<\/span><\/i><i><span style=\"font-size: 10.0pt; color: #a7a7a7;\">Pozw\u00f3l, \u017ce przedstawi\u0119 Ci propozycj\u0119, kt\u00f3ra mo\u017ce sta\u0107 si\u0119 cz\u0119\u015bci\u0105 wi\u0119kszej opowie\u015bci. Po roku od zakupu, czy rozwa\u017cy\u0142by\u015b podarowanie tego obrazu Fundacji mojego imienia, aby m\u00f3g\u0142 ponownie trafi\u0107 na rynek sztuki, zyskuj\u0105c now\u0105 warto\u015b\u0107? \u015arodki uzyskane z jego sprzeda\u017cy wspar\u0142yby cele charytatywne i m\u0142odych artyst\u00f3w, kt\u00f3rzy wci\u0105\u017c poszukuj\u0105 swojej drogi.<\/span><\/i>\r\n\r\n<i><span style=\"font-size: 10.0pt; color: #a7a7a7;\">\u00a0<\/span><\/i><i><span style=\"font-size: 10.0pt; color: #a7a7a7;\">Je\u015bli zdecydujesz si\u0119 na ten krok, Twoje nazwisko i rok zakupu zostan\u0105 zapisane na rewersie obrazu \u2013 jako trwa\u0142y \u015blad Twojej decyzji, kt\u00f3ra wprowadza ten eksperyment w \u017cycie. Ka\u017cdy kolejny w\u0142a\u015bciciel b\u0119dzie cz\u0119\u015bci\u0105 tej historii, kt\u00f3ra pyta: czym dla Ciebie jest Chciwo\u015b\u0107?<\/span><\/i><\/pre>\n<h6><strong>Ca\u0142a tre\u015b\u0107 listu zostanie przekazana tylko kupuj\u0105cemu obraz<\/strong><\/h6>\n<h4><strong>\u00a0<\/strong><\/h4>","protected":false},"excerpt":{"rendered":"<h3>O cyklu malarskim<\/h3>\n<p>Wystawa<strong>\"Oblicza Duszy: Cnoty i Grzechy\"<\/strong>zainicjowana przez Fundacj\u0119 407 Art Foundation to pr\u00f3ba redefinicji poj\u0119\u0107 zakorzenionych w kulturze, kt\u00f3re przez wieki wyznacza\u0142y moralny kompas ludzko\u015bci. \n\nWojciech Cie\u015bniewski, podejmuje \u015bmia\u0142e wyzwanie: analizuje ewolucj\u0119 tych poj\u0119\u0107 w kontek\u015bcie wsp\u00f3\u0142czesnych zmian spo\u0142ecznych i kulturowych. \n\nCzy to, co dawniej postrzegano jako grzech, nie sta\u0142o si\u0119 dzi\u015b po prostu cech\u0105 osobowo\u015bci?<br \/>\nCzy cnoty, kt\u00f3re kiedy\u015b okre\u015bla\u0142y idea\u0142 cz\u0142owieka, maj\u0105 wci\u0105\u017c tak\u0105 sam\u0105 wag\u0119 w rzeczywisto\u015bci, gdzie wszystko ulega redefinicji?\t\n\nCie\u015bniewski nie daje \u0142atwych odpowiedzi. Zmusza widza do refleksji, stawia przed nim lustro, w kt\u00f3rym mo\u017ce dostrzec zar\u00f3wno siebie, jak i ca\u0142e spo\u0142ecze\u0144stwo. Jego prace balansuj\u0105 na granicy tego, co znane, i tego, co pod\u015bwiadomie odczuwane \u2013 s\u0105 emocjonalne, prowokacyjne i intelektualne.<\/p>\n<h3>Wojciech Cie\u015bniewski (1958)<\/h3>\n<p>Artysta malarz, profesor sztuki. \nUrodzi\u0142 si\u0119 w 1958 r. w Dzia\u0142dowie. Pocz\u0105tkowo fascynowa\u0142 si\u0119 matematyk\u0105 teoretyczn\u0105, kt\u00f3r\u0105 studiowa\u0142, uzyskuj\u0105c tytu\u0142 magistra w Wy\u017cszej Szkole Pedagogicznej w Olsztynie w 1984 roku. W trakcie studi\u00f3w odkry\u0142, \u017ce j\u0119zyk znak\u00f3w matematycznych nie pozwala mu wyra\u017ca\u0107 emocji.<\/p>\n<p>W 1983 roku rozpocz\u0105\u0142 studia na Wydziale Malarstwa Akademii Sztuk Pi\u0119knych w Warszawie. W 1988 roku uzyska\u0142 dyplom z wyr\u00f3\u017cnieniem w pracowni prof. Rajmunda Ziemskiego. Od 1990 roku jest pracownikiem tej uczelni. W latach 2005-2012 pe\u0142ni\u0142 funkcj\u0119 prodziekana Wydzia\u0142u Malarstwa. Obecnie prowadzi w\u0142asn\u0105 pracowni\u0119 dyplomuj\u0105c\u0105.<\/p>\n<p>Cie\u015bniewski jest jednym z wa\u017cniejszych polskich malarzy wsp\u00f3\u0142czesnych o du\u017cym dorobku artystycznym i intelektualnym. Przez pierwsze dwadzie\u015bcia lat w centrum jego tw\u00f3rczo\u015bci by\u0142o zagadnienie abstrakcji, bada\u0142 mo\u017cliwo\u015bci usamodzielnienia wymowy i dzia\u0142ania obraz\u00f3w. W kolejnych latach pracy wr\u00f3ci\u0142 do malarstwa figuratywnego. Podejmowa\u0142 dialog z tradycj\u0105 europejskiego malarstwa nowo\u017cytnego, nawi\u0105zuj\u0105c m.in. do tw\u00f3rczo\u015bci Caravaggia, Giotta, Micha\u0142a Anio\u0142a, Gian Lorenza Berniniego, Vermeera.<\/p>\n<p>Z czasem coraz cz\u0119\u015bciej zacz\u0105\u0142 dotyka\u0107 problem\u00f3w etycznych, szeroko poj\u0119tych zagadnie\u0144 dobra i z\u0142a w \u017cyciu cz\u0142owieka, jednocze\u015bnie badaj\u0105c funkcj\u0119 sztuki jako no\u015bnika dobra i pi\u0119kna. W swojej tw\u00f3rczo\u015bci cz\u0119sto si\u0119ga po w\u0105tki z Biblii, mitologii, ikonografii chrze\u015bcija\u0144skiej i historii.<\/p>\n<p>Wojciech Cie\u015bniewski jest laureatem wielu nagr\u00f3d i wyr\u00f3\u017cnie\u0144, m.in.: Special Merit Award 2nd Malaysia International Art  Miasta Dzia\u0142dowo (2012) oraz Medalu \u201eZas\u0142u\u017cony Kulturze Gloria Artis\u201d (2011). Jego tw\u00f3rczo\u015b\u0107 prezentowana by\u0142a na ponad 150 wystawach indywidualnych i zbiorowych, zar\u00f3wno w kraju, jak i zagranic\u0105.<\/p>","protected":false},"featured_media":2597,"comment_status":"open","ping_status":"closed","template":"","meta":{"give_campaign_id":0},"product_brand":[],"product_cat":[91],"product_tag":[170,166,167,165,164],"class_list":{"0":"post-2596","1":"product","2":"type-product","3":"status-publish","4":"has-post-thumbnail","6":"product_cat-oblicza-duszy","7":"product_tag-chciwosc","8":"product_tag-kolekcjasztuki","9":"product_tag-kolekcjonerzy","10":"product_tag-obraz","11":"product_tag-wojciechciesniewski","13":"first","14":"instock","15":"shipping-taxable","16":"purchasable","17":"product-type-simple"},"yoast_head":"<!-- This site is optimized with the Yoast SEO plugin v27.5 - https:\/\/yoast.com\/product\/yoast-seo-wordpress\/ -->\n<title>Wojciech Cie\u015bniewski - &quot;Chciwo\u015b\u0107 - Greed&quot; - 100.000 PLN - 407artfoundation.org<\/title>\n<meta name=\"description\" content=\"Posiadacz obrazu &quot;Chciwo\u015b\u0107&quot; dostanie po roku specjalny list od tw\u00f3rcy, Wojciecha Cie\u015bniewskiego z pytaniem i propozycj\u0105 maj\u0105c\u0105 wyceni\u0107 wsp\u00f3\u0142czesn\u0105 chciwo\u015b\u0107.\" \/>\n<meta name=\"robots\" content=\"index, follow, max-snippet:-1, max-image-preview:large, max-video-preview:-1\" \/>\n<link rel=\"canonical\" href=\"https:\/\/407artfoundation.org\/pl\/produkt\/chciwosc-greed-wojciech-ciesniewski\/\" \/>\n<meta property=\"og:locale\" content=\"pl_PL\" \/>\n<meta property=\"og:type\" content=\"article\" \/>\n<meta property=\"og:title\" content=\"Wojciech Cie\u015bniewski - &quot;Chciwo\u015b\u0107 - Greed&quot; - 100.000 PLN - 407artfoundation.org\" \/>\n<meta property=\"og:description\" content=\"Posiadacz obrazu &quot;Chciwo\u015b\u0107&quot; dostanie po roku specjalny list od tw\u00f3rcy, Wojciecha Cie\u015bniewskiego z pytaniem i propozycj\u0105 maj\u0105c\u0105 wyceni\u0107 wsp\u00f3\u0142czesn\u0105 chciwo\u015b\u0107.\" \/>\n<meta property=\"og:url\" content=\"https:\/\/407artfoundation.org\/pl\/produkt\/chciwosc-greed-wojciech-ciesniewski\/\" \/>\n<meta property=\"og:site_name\" content=\"407artfoundation.org\" \/>\n<meta property=\"article:modified_time\" content=\"2025-09-18T18:42:41+00:00\" \/>\n<meta property=\"og:image\" content=\"http:\/\/407artfoundation.org\/wp-content\/uploads\/2025\/06\/chciwosc.jpg\" \/>\n\t<meta property=\"og:image:width\" content=\"1800\" \/>\n\t<meta property=\"og:image:height\" content=\"1639\" \/>\n\t<meta property=\"og:image:type\" content=\"image\/jpeg\" \/>\n<meta name=\"twitter:card\" content=\"summary_large_image\" \/>\n<meta name=\"twitter:label1\" content=\"Szacowany czas czytania\" \/>\n\t<meta name=\"twitter:data1\" content=\"1 minuta\" \/>\n<script type=\"application\/ld+json\" class=\"yoast-schema-graph\">{\"@context\":\"https:\\\/\\\/schema.org\",\"@graph\":[{\"@type\":\"WebPage\",\"@id\":\"https:\\\/\\\/407artfoundation.org\\\/product\\\/chciwosc-greed-wojciech-ciesniewski\\\/\",\"url\":\"https:\\\/\\\/407artfoundation.org\\\/product\\\/chciwosc-greed-wojciech-ciesniewski\\\/\",\"name\":\"Wojciech Cie\u015bniewski - \\\"Chciwo\u015b\u0107 - Greed\\\" - 100.000 PLN - 407artfoundation.org\",\"isPartOf\":{\"@id\":\"https:\\\/\\\/407artfoundation.org\\\/#website\"},\"primaryImageOfPage\":{\"@id\":\"https:\\\/\\\/407artfoundation.org\\\/product\\\/chciwosc-greed-wojciech-ciesniewski\\\/#primaryimage\"},\"image\":{\"@id\":\"https:\\\/\\\/407artfoundation.org\\\/product\\\/chciwosc-greed-wojciech-ciesniewski\\\/#primaryimage\"},\"thumbnailUrl\":\"https:\\\/\\\/407artfoundation.org\\\/wp-content\\\/uploads\\\/2025\\\/06\\\/chciwosc.jpg\",\"datePublished\":\"2025-06-12T15:49:19+00:00\",\"dateModified\":\"2025-09-18T18:42:41+00:00\",\"description\":\"Posiadacz obrazu \\\"Chciwo\u015b\u0107\\\" dostanie po roku specjalny list od tw\u00f3rcy, Wojciecha Cie\u015bniewskiego z pytaniem i propozycj\u0105 maj\u0105c\u0105 wyceni\u0107 wsp\u00f3\u0142czesn\u0105 chciwo\u015b\u0107.\",\"breadcrumb\":{\"@id\":\"https:\\\/\\\/407artfoundation.org\\\/product\\\/chciwosc-greed-wojciech-ciesniewski\\\/#breadcrumb\"},\"inLanguage\":\"pl-PL\",\"potentialAction\":[{\"@type\":\"ReadAction\",\"target\":[\"https:\\\/\\\/407artfoundation.org\\\/product\\\/chciwosc-greed-wojciech-ciesniewski\\\/\"]}]},{\"@type\":\"ImageObject\",\"inLanguage\":\"pl-PL\",\"@id\":\"https:\\\/\\\/407artfoundation.org\\\/product\\\/chciwosc-greed-wojciech-ciesniewski\\\/#primaryimage\",\"url\":\"https:\\\/\\\/407artfoundation.org\\\/wp-content\\\/uploads\\\/2025\\\/06\\\/chciwosc.jpg\",\"contentUrl\":\"https:\\\/\\\/407artfoundation.org\\\/wp-content\\\/uploads\\\/2025\\\/06\\\/chciwosc.jpg\",\"width\":1800,\"height\":1639,\"caption\":\"Chciwo\u015b\u0107\"},{\"@type\":\"BreadcrumbList\",\"@id\":\"https:\\\/\\\/407artfoundation.org\\\/product\\\/chciwosc-greed-wojciech-ciesniewski\\\/#breadcrumb\",\"itemListElement\":[{\"@type\":\"ListItem\",\"position\":1,\"name\":\"Home\",\"item\":\"https:\\\/\\\/407artfoundation.org\\\/\"},{\"@type\":\"ListItem\",\"position\":2,\"name\":\"Shop\",\"item\":\"https:\\\/\\\/407artfoundation.org\\\/shop\\\/\"},{\"@type\":\"ListItem\",\"position\":3,\"name\":\"Wojciech Cie\u015bniewski &#8211; &#8220;Chciwo\u015b\u0107 &#8211; Greed&#8221; &#8211; 100.000 PLN\"}]},{\"@type\":\"WebSite\",\"@id\":\"https:\\\/\\\/407artfoundation.org\\\/#website\",\"url\":\"https:\\\/\\\/407artfoundation.org\\\/\",\"name\":\"407artfoundation.org\",\"description\":\"Promujemy polsk\u0105 sztuk\u0119 i kultur\u0119. \u0141\u0105czymy artyst\u00f3w z kolekcjonerami. Pomagamy budowa\u0107 warto\u015bciowe kolekcje sztuki. Organizujemy wyj\u0105tkowe wystawy w ramach cyklu &quot;Sztuka na Z\u0142otej44&quot;. Wspieramy inne organizacje i instytucje dzia\u0142aj\u0105ce na rzecz szerzenia kultury.\",\"potentialAction\":[{\"@type\":\"SearchAction\",\"target\":{\"@type\":\"EntryPoint\",\"urlTemplate\":\"https:\\\/\\\/407artfoundation.org\\\/?s={search_term_string}\"},\"query-input\":{\"@type\":\"PropertyValueSpecification\",\"valueRequired\":true,\"valueName\":\"search_term_string\"}}],\"inLanguage\":\"pl-PL\"}]}<\/script>\n<!-- \/ Yoast SEO plugin. -->","yoast_head_json":{"title":"Wojciech Cie\u015bniewski - \"Chciwo\u015b\u0107 - Greed\" - 100.000 PLN - 407artfoundation.org","description":"Posiadacz obrazu \"Chciwo\u015b\u0107\" dostanie po roku specjalny list od tw\u00f3rcy, Wojciecha Cie\u015bniewskiego z pytaniem i propozycj\u0105 maj\u0105c\u0105 wyceni\u0107 wsp\u00f3\u0142czesn\u0105 chciwo\u015b\u0107.","robots":{"index":"index","follow":"follow","max-snippet":"max-snippet:-1","max-image-preview":"max-image-preview:large","max-video-preview":"max-video-preview:-1"},"canonical":"https:\/\/407artfoundation.org\/pl\/produkt\/chciwosc-greed-wojciech-ciesniewski\/","og_locale":"pl_PL","og_type":"article","og_title":"Wojciech Cie\u015bniewski - \"Chciwo\u015b\u0107 - Greed\" - 100.000 PLN - 407artfoundation.org","og_description":"Posiadacz obrazu \"Chciwo\u015b\u0107\" dostanie po roku specjalny list od tw\u00f3rcy, Wojciecha Cie\u015bniewskiego z pytaniem i propozycj\u0105 maj\u0105c\u0105 wyceni\u0107 wsp\u00f3\u0142czesn\u0105 chciwo\u015b\u0107.","og_url":"https:\/\/407artfoundation.org\/pl\/produkt\/chciwosc-greed-wojciech-ciesniewski\/","og_site_name":"407artfoundation.org","article_modified_time":"2025-09-18T18:42:41+00:00","og_image":[{"width":1800,"height":1639,"url":"http:\/\/407artfoundation.org\/wp-content\/uploads\/2025\/06\/chciwosc.jpg","type":"image\/jpeg"}],"twitter_card":"summary_large_image","twitter_misc":{"Szacowany czas czytania":"1 minuta"},"schema":{"@context":"https:\/\/schema.org","@graph":[{"@type":"WebPage","@id":"https:\/\/407artfoundation.org\/product\/chciwosc-greed-wojciech-ciesniewski\/","url":"https:\/\/407artfoundation.org\/product\/chciwosc-greed-wojciech-ciesniewski\/","name":"Wojciech Cie\u015bniewski - \"Chciwo\u015b\u0107 - Greed\" - 100.000 PLN - 407artfoundation.org","isPartOf":{"@id":"https:\/\/407artfoundation.org\/#website"},"primaryImageOfPage":{"@id":"https:\/\/407artfoundation.org\/product\/chciwosc-greed-wojciech-ciesniewski\/#primaryimage"},"image":{"@id":"https:\/\/407artfoundation.org\/product\/chciwosc-greed-wojciech-ciesniewski\/#primaryimage"},"thumbnailUrl":"https:\/\/407artfoundation.org\/wp-content\/uploads\/2025\/06\/chciwosc.jpg","datePublished":"2025-06-12T15:49:19+00:00","dateModified":"2025-09-18T18:42:41+00:00","description":"Posiadacz obrazu \"Chciwo\u015b\u0107\" dostanie po roku specjalny list od tw\u00f3rcy, Wojciecha Cie\u015bniewskiego z pytaniem i propozycj\u0105 maj\u0105c\u0105 wyceni\u0107 wsp\u00f3\u0142czesn\u0105 chciwo\u015b\u0107.","breadcrumb":{"@id":"https:\/\/407artfoundation.org\/product\/chciwosc-greed-wojciech-ciesniewski\/#breadcrumb"},"inLanguage":"pl-PL","potentialAction":[{"@type":"ReadAction","target":["https:\/\/407artfoundation.org\/product\/chciwosc-greed-wojciech-ciesniewski\/"]}]},{"@type":"ImageObject","inLanguage":"pl-PL","@id":"https:\/\/407artfoundation.org\/product\/chciwosc-greed-wojciech-ciesniewski\/#primaryimage","url":"https:\/\/407artfoundation.org\/wp-content\/uploads\/2025\/06\/chciwosc.jpg","contentUrl":"https:\/\/407artfoundation.org\/wp-content\/uploads\/2025\/06\/chciwosc.jpg","width":1800,"height":1639,"caption":"Chciwo\u015b\u0107"},{"@type":"BreadcrumbList","@id":"https:\/\/407artfoundation.org\/product\/chciwosc-greed-wojciech-ciesniewski\/#breadcrumb","itemListElement":[{"@type":"ListItem","position":1,"name":"Home","item":"https:\/\/407artfoundation.org\/"},{"@type":"ListItem","position":2,"name":"Shop","item":"https:\/\/407artfoundation.org\/shop\/"},{"@type":"ListItem","position":3,"name":"Wojciech Cie\u015bniewski &#8211; &#8220;Chciwo\u015b\u0107 &#8211; Greed&#8221; &#8211; 100.000 PLN"}]},{"@type":"WebSite","@id":"https:\/\/407artfoundation.org\/#website","url":"https:\/\/407artfoundation.org\/","name":"407artfoundation.org","description":"Promujemy polsk\u0105 sztuk\u0119 i kultur\u0119. \u0141\u0105czymy artyst\u00f3w z kolekcjonerami. Pomagamy budowa\u0107 warto\u015bciowe kolekcje sztuki. Organizujemy wyj\u0105tkowe wystawy w ramach cyklu &quot;Sztuka na Z\u0142otej44&quot;. Wspieramy inne organizacje i instytucje dzia\u0142aj\u0105ce na rzecz szerzenia kultury.","potentialAction":[{"@type":"SearchAction","target":{"@type":"EntryPoint","urlTemplate":"https:\/\/407artfoundation.org\/?s={search_term_string}"},"query-input":{"@type":"PropertyValueSpecification","valueRequired":true,"valueName":"search_term_string"}}],"inLanguage":"pl-PL"}]}},"_links":{"self":[{"href":"https:\/\/407artfoundation.org\/pl\/wp-json\/wp\/v2\/product\/2596","targetHints":{"allow":["GET"]}}],"collection":[{"href":"https:\/\/407artfoundation.org\/pl\/wp-json\/wp\/v2\/product"}],"about":[{"href":"https:\/\/407artfoundation.org\/pl\/wp-json\/wp\/v2\/types\/product"}],"replies":[{"embeddable":true,"href":"https:\/\/407artfoundation.org\/pl\/wp-json\/wp\/v2\/comments?post=2596"}],"wp:featuredmedia":[{"embeddable":true,"href":"https:\/\/407artfoundation.org\/pl\/wp-json\/wp\/v2\/media\/2597"}],"wp:attachment":[{"href":"https:\/\/407artfoundation.org\/pl\/wp-json\/wp\/v2\/media?parent=2596"}],"wp:term":[{"taxonomy":"product_brand","embeddable":true,"href":"https:\/\/407artfoundation.org\/pl\/wp-json\/wp\/v2\/product_brand?post=2596"},{"taxonomy":"product_cat","embeddable":true,"href":"https:\/\/407artfoundation.org\/pl\/wp-json\/wp\/v2\/product_cat?post=2596"},{"taxonomy":"product_tag","embeddable":true,"href":"https:\/\/407artfoundation.org\/pl\/wp-json\/wp\/v2\/product_tag?post=2596"}],"curies":[{"name":"wp","href":"https:\/\/api.w.org\/{rel}","templated":true}]}}