{"id":2590,"date":"2025-06-12T17:36:48","date_gmt":"2025-06-12T15:36:48","guid":{"rendered":"https:\/\/407artfoundation.org\/?post_type=product&#038;p=2590"},"modified":"2025-12-03T19:45:22","modified_gmt":"2025-12-03T18:45:22","slug":"sprawiedliwosc-wojciech-ciesniewski","status":"publish","type":"product","link":"https:\/\/407artfoundation.org\/pl\/produkt\/sprawiedliwosc-wojciech-ciesniewski\/","title":{"rendered":"Wojciech Cie\u015bniewski &#8211; dyptyk &#8220;Sprawiedliwo\u015b\u0107 &#8211; Justice&#8221; 76.000 PLN"},"content":{"rendered":"<div class=\"wp-playlist wp-audio-playlist wp-playlist-light\">\n\t\t\t<div class=\"wp-playlist-current-item\"><\/div>\n\t\t<audio controls=\"controls\" preload=\"none\" width=\"778\"\n\t\t\t><\/audio>\n\t<div class=\"wp-playlist-next\"><\/div>\n\t<div class=\"wp-playlist-prev\"><\/div>\n\t<noscript>\n\t<ol>\n\t\t<li><a href='https:\/\/407artfoundation.org\/wp-content\/uploads\/2025\/06\/Sprawiedliwosc-Ciesniewskiego.mp3'>Sprawiedliwo\u015b\u0107 Cie\u015bniewskiego<\/a><\/li>\t<\/ol>\n\t<\/noscript>\n\t<script type=\"application\/json\" class=\"wp-playlist-script\">{\"type\":\"audio\",\"tracklist\":true,\"tracknumbers\":true,\"images\":true,\"artists\":true,\"tracks\":[{\"src\":\"https:\/\/407artfoundation.org\/wp-content\/uploads\/2025\/06\/Sprawiedliwosc-Ciesniewskiego.mp3\",\"type\":\"audio\/mpeg\",\"title\":\"Sprawiedliwo\\u015b\\u0107 Cie\\u015bniewskiego\",\"caption\":\"Historia obrazu \\\"Sprawiedliwo\\u015bc\\\" Wojciecha Cie\\u015bniewskiego\",\"description\":\"\\\"Sprawiedliwo\\u015b\\u0107 Cie\\u015bniewskiego\\\".\",\"meta\":{\"artist\":\"Aron Pude\\u0142ko\",\"album\":\"Oblicza Duszy: Cnoty i Grzechy\\\"\",\"length_formatted\":\"2:07\"},\"image\":{\"src\":\"https:\/\/407artfoundation.org\/wp-includes\/images\/media\/audio.svg\",\"width\":48,\"height\":64},\"thumb\":{\"src\":\"https:\/\/407artfoundation.org\/wp-includes\/images\/media\/audio.svg\",\"width\":48,\"height\":64}}]}<\/script>\n<\/div>\n\t\n<p>Wojciech Cie\u015bniewski (1958)<\/p>\n<p>Diptych: 123 x 100 &amp; 123 x 100 cm\u00a0 \/\u00a0 oil on canvas<\/p>\n<p>Total size: 123 x 200 cm<\/p>\n<h3><\/h3>\n<h3>DISCOVER THE HISTORY BEHIND THIS ARTWORK &#8211;\u00a0<a href=\"https:\/\/open.spotify.com\/episode\/2r1XhzQTS4Ghkq8Ld0RA6Y?si=pyGP1qT8SO2In6dxivwfxQ\">LISTEN ON SPOTIFY<\/a><\/h3>\n<p data-start=\"42\" data-end=\"165\">Story by Aron Pudelko, co-curator. Read the full transcript:<\/p>\n<p data-start=\"42\" data-end=\"165\"><strong data-start=\"42\" data-end=\"102\">What should justice be? And what is justice really like?<\/strong><br data-start=\"102\" data-end=\"105\" \/>These are the questions the artist asks us in this painting.<\/p>\n<p data-start=\"167\" data-end=\"459\">Let me tell you how to read <em data-start=\"195\" data-end=\"206\">\u201cJustice\u201d<\/em> by Wojciech Cie\u015bniewski, based on my hours-long conversations with the artist. We look at the painting from a \u201cfrog\u2019s-eye view\u201d &#8211; that is, I, the frog, am looking upward. The painting should hang higher, so that we truly feel we are looking up at it.<\/p>\n<p data-start=\"461\" data-end=\"659\">We see Themis &#8211; the woman who weighs justice. Her eyes are covered, here is her chin, and next to her, a weight. And that weight usually presses down &#8211; because justice is a great responsibility.<\/p>\n<p data-start=\"661\" data-end=\"1005\">In the first painting, Cie\u015bniewski shows justice as cold, detached, balanced, sharp, and very clear. It represents the law that says: <em data-start=\"797\" data-end=\"842\">you stole, therefore you deserve punishment<\/em>. Period. There is no room for further analysis: <em data-start=\"893\" data-end=\"1005\">Why did you steal? What happened? Was it poverty, hunger, emotion, desperation? Do those emotions justify you?<\/em><\/p>\n<p data-start=\"1007\" data-end=\"1377\">And then the second painting appears. It\u2019s the same Themis, but not as clear. These smudges suggest emotion. Different colors represent different arguments. The first painting was cold, this one is alive. The farther you step back, the more clearly you see &#8211; this second painting is also Themis, just shown from a different angle, through a different experience.<\/p>\n<p data-start=\"1379\" data-end=\"1414\">Only together do they form a whole.<\/p>\n<p data-start=\"1416\" data-end=\"1736\">Cie\u015bniewski shows us that justice is not simple. It is complex. And only the merging of these two perspectives brings us something true. Because if we looked only at the second painting, we would struggle to recognize the figure. And if we looked only at the first, we wouldn\u2019t see the human being and their story. It\u2019s the combination that creates completeness &#8211; and that is the essence of Cie\u015bniewski\u2019s art. An artist of museum-level mastery.<\/p>\n<p data-start=\"1871\" data-end=\"2148\" data-is-last-node=\"\" data-is-only-node=\"\"><strong>This painting, a diptych that analyzes the idea of Justice is a work of art made for those who value intelligent conversations about principles and emotions. For those who see the complexity of human stories and enjoy reflecting on truth which is rarely one-dimensional.<\/strong><\/p>\n<pre><\/pre>\n","protected":false},"excerpt":{"rendered":"<h3>O cyklu malarskim<\/h3>\n<p>Wystawa<strong>\"Oblicza Duszy: Cnoty i Grzechy\"<\/strong>zainicjowana przez Fundacj\u0119 407 Art Foundation to pr\u00f3ba redefinicji poj\u0119\u0107 zakorzenionych w kulturze, kt\u00f3re przez wieki wyznacza\u0142y moralny kompas ludzko\u015bci. \n\nWojciech Cie\u015bniewski, podejmuje \u015bmia\u0142e wyzwanie: analizuje ewolucj\u0119 tych poj\u0119\u0107 w kontek\u015bcie wsp\u00f3\u0142czesnych zmian spo\u0142ecznych i kulturowych. \n\nCzy to, co dawniej postrzegano jako grzech, nie sta\u0142o si\u0119 dzi\u015b po prostu cech\u0105 osobowo\u015bci?<br \/>\nCzy cnoty, kt\u00f3re kiedy\u015b okre\u015bla\u0142y idea\u0142 cz\u0142owieka, maj\u0105 wci\u0105\u017c tak\u0105 sam\u0105 wag\u0119 w rzeczywisto\u015bci, gdzie wszystko ulega redefinicji?\t\n\nCie\u015bniewski nie daje \u0142atwych odpowiedzi. Zmusza widza do refleksji, stawia przed nim lustro, w kt\u00f3rym mo\u017ce dostrzec zar\u00f3wno siebie, jak i ca\u0142e spo\u0142ecze\u0144stwo. Jego prace balansuj\u0105 na granicy tego, co znane, i tego, co pod\u015bwiadomie odczuwane \u2013 s\u0105 emocjonalne, prowokacyjne i intelektualne.<\/p>\n<h3>Wojciech Cie\u015bniewski (1958)<\/h3>\n<p>Artysta malarz, profesor sztuki. \nUrodzi\u0142 si\u0119 w 1958 r. w Dzia\u0142dowie. Pocz\u0105tkowo fascynowa\u0142 si\u0119 matematyk\u0105 teoretyczn\u0105, kt\u00f3r\u0105 studiowa\u0142, uzyskuj\u0105c tytu\u0142 magistra w Wy\u017cszej Szkole Pedagogicznej w Olsztynie w 1984 roku. W trakcie studi\u00f3w odkry\u0142, \u017ce j\u0119zyk znak\u00f3w matematycznych nie pozwala mu wyra\u017ca\u0107 emocji.<\/p>\n<p>W 1983 roku rozpocz\u0105\u0142 studia na Wydziale Malarstwa Akademii Sztuk Pi\u0119knych w Warszawie. W 1988 roku uzyska\u0142 dyplom z wyr\u00f3\u017cnieniem w pracowni prof. Rajmunda Ziemskiego. Od 1990 roku jest pracownikiem tej uczelni. W latach 2005-2012 pe\u0142ni\u0142 funkcj\u0119 prodziekana Wydzia\u0142u Malarstwa. Obecnie prowadzi w\u0142asn\u0105 pracowni\u0119 dyplomuj\u0105c\u0105.<\/p>\n<p>Cie\u015bniewski jest jednym z wa\u017cniejszych polskich malarzy wsp\u00f3\u0142czesnych o du\u017cym dorobku artystycznym i intelektualnym. Przez pierwsze dwadzie\u015bcia lat w centrum jego tw\u00f3rczo\u015bci by\u0142o zagadnienie abstrakcji, bada\u0142 mo\u017cliwo\u015bci usamodzielnienia wymowy i dzia\u0142ania obraz\u00f3w. W kolejnych latach pracy wr\u00f3ci\u0142 do malarstwa figuratywnego. Podejmowa\u0142 dialog z tradycj\u0105 europejskiego malarstwa nowo\u017cytnego, nawi\u0105zuj\u0105c m.in. do tw\u00f3rczo\u015bci Caravaggia, Giotta, Micha\u0142a Anio\u0142a, Gian Lorenza Berniniego, Vermeera.<\/p>\n<p>Z czasem coraz cz\u0119\u015bciej zacz\u0105\u0142 dotyka\u0107 problem\u00f3w etycznych, szeroko poj\u0119tych zagadnie\u0144 dobra i z\u0142a w \u017cyciu cz\u0142owieka, jednocze\u015bnie badaj\u0105c funkcj\u0119 sztuki jako no\u015bnika dobra i pi\u0119kna. W swojej tw\u00f3rczo\u015bci cz\u0119sto si\u0119ga po w\u0105tki z Biblii, mitologii, ikonografii chrze\u015bcija\u0144skiej i historii.<\/p>\n<p>Wojciech Cie\u015bniewski jest laureatem wielu nagr\u00f3d i wyr\u00f3\u017cnie\u0144, m.in.: Special Merit Award 2nd Malaysia International Art  Miasta Dzia\u0142dowo (2012) oraz Medalu \u201eZas\u0142u\u017cony Kulturze Gloria Artis\u201d (2011). Jego tw\u00f3rczo\u015b\u0107 prezentowana by\u0142a na ponad 150 wystawach indywidualnych i zbiorowych, zar\u00f3wno w kraju, jak i zagranic\u0105.<\/p>","protected":false},"featured_media":2592,"comment_status":"open","ping_status":"closed","template":"","meta":{"give_campaign_id":0},"product_brand":[],"product_cat":[91],"product_tag":[166,167,165,168,169],"class_list":{"0":"post-2590","1":"product","2":"type-product","3":"status-publish","4":"has-post-thumbnail","6":"product_cat-oblicza-duszy","7":"product_tag-kolekcjasztuki","8":"product_tag-kolekcjonerzy","9":"product_tag-obraz","10":"product_tag-sprawiedliwosc","11":"product_tag-wojciechciesniewski-dyptyk","13":"first","14":"instock","15":"shipping-taxable","16":"purchasable","17":"product-type-simple"},"yoast_head":"<!-- This site is optimized with the Yoast SEO plugin v27.5 - https:\/\/yoast.com\/product\/yoast-seo-wordpress\/ -->\n<title>Wojciech Cie\u015bniewski - dyptyk &quot;Sprawiedliwo\u015b\u0107 - Justice&quot; 76.000 PLN - 407artfoundation.org<\/title>\n<meta name=\"description\" content=\"Dyptyk przedstawiaja\u0107y interpretacj\u0119 wsp\u00f3\u0142czesnej sprawiedliwo\u015bci. Wojciech Cie\u015bniewski bada, jaka powinna by\u0107, a jaka jest sprawiedliwo\u015b\u0107.\" \/>\n<meta name=\"robots\" content=\"index, follow, max-snippet:-1, max-image-preview:large, max-video-preview:-1\" \/>\n<link rel=\"canonical\" href=\"https:\/\/407artfoundation.org\/pl\/produkt\/sprawiedliwosc-wojciech-ciesniewski\/\" \/>\n<meta property=\"og:locale\" content=\"pl_PL\" \/>\n<meta property=\"og:type\" content=\"article\" \/>\n<meta property=\"og:title\" content=\"Wojciech Cie\u015bniewski - dyptyk &quot;Sprawiedliwo\u015b\u0107 - Justice&quot; 76.000 PLN - 407artfoundation.org\" \/>\n<meta property=\"og:description\" content=\"Dyptyk przedstawiaja\u0107y interpretacj\u0119 wsp\u00f3\u0142czesnej sprawiedliwo\u015bci. Wojciech Cie\u015bniewski bada, jaka powinna by\u0107, a jaka jest sprawiedliwo\u015b\u0107.\" \/>\n<meta property=\"og:url\" content=\"https:\/\/407artfoundation.org\/pl\/produkt\/sprawiedliwosc-wojciech-ciesniewski\/\" \/>\n<meta property=\"og:site_name\" content=\"407artfoundation.org\" \/>\n<meta property=\"article:modified_time\" content=\"2025-12-03T18:45:22+00:00\" \/>\n<meta property=\"og:image\" content=\"http:\/\/407artfoundation.org\/wp-content\/uploads\/2025\/06\/AP14322-864x1024.jpg\" \/>\n\t<meta property=\"og:image:width\" content=\"864\" \/>\n\t<meta property=\"og:image:height\" content=\"1024\" \/>\n\t<meta property=\"og:image:type\" content=\"image\/jpeg\" \/>\n<meta name=\"twitter:card\" content=\"summary_large_image\" \/>\n<meta name=\"twitter:label1\" content=\"Szacowany czas czytania\" \/>\n\t<meta name=\"twitter:data1\" content=\"2 minuty\" \/>\n<script type=\"application\/ld+json\" class=\"yoast-schema-graph\">{\"@context\":\"https:\\\/\\\/schema.org\",\"@graph\":[{\"@type\":\"WebPage\",\"@id\":\"https:\\\/\\\/407artfoundation.org\\\/product\\\/sprawiedliwosc-wojciech-ciesniewski\\\/\",\"url\":\"https:\\\/\\\/407artfoundation.org\\\/product\\\/sprawiedliwosc-wojciech-ciesniewski\\\/\",\"name\":\"Wojciech Cie\u015bniewski - dyptyk \\\"Sprawiedliwo\u015b\u0107 - Justice\\\" 76.000 PLN - 407artfoundation.org\",\"isPartOf\":{\"@id\":\"https:\\\/\\\/407artfoundation.org\\\/#website\"},\"primaryImageOfPage\":{\"@id\":\"https:\\\/\\\/407artfoundation.org\\\/product\\\/sprawiedliwosc-wojciech-ciesniewski\\\/#primaryimage\"},\"image\":{\"@id\":\"https:\\\/\\\/407artfoundation.org\\\/product\\\/sprawiedliwosc-wojciech-ciesniewski\\\/#primaryimage\"},\"thumbnailUrl\":\"https:\\\/\\\/407artfoundation.org\\\/wp-content\\\/uploads\\\/2025\\\/06\\\/AP14322.jpg\",\"datePublished\":\"2025-06-12T15:36:48+00:00\",\"dateModified\":\"2025-12-03T18:45:22+00:00\",\"description\":\"Dyptyk przedstawiaja\u0107y interpretacj\u0119 wsp\u00f3\u0142czesnej sprawiedliwo\u015bci. Wojciech Cie\u015bniewski bada, jaka powinna by\u0107, a jaka jest sprawiedliwo\u015b\u0107.\",\"breadcrumb\":{\"@id\":\"https:\\\/\\\/407artfoundation.org\\\/product\\\/sprawiedliwosc-wojciech-ciesniewski\\\/#breadcrumb\"},\"inLanguage\":\"pl-PL\",\"potentialAction\":[{\"@type\":\"ReadAction\",\"target\":[\"https:\\\/\\\/407artfoundation.org\\\/product\\\/sprawiedliwosc-wojciech-ciesniewski\\\/\"]}]},{\"@type\":\"ImageObject\",\"inLanguage\":\"pl-PL\",\"@id\":\"https:\\\/\\\/407artfoundation.org\\\/product\\\/sprawiedliwosc-wojciech-ciesniewski\\\/#primaryimage\",\"url\":\"https:\\\/\\\/407artfoundation.org\\\/wp-content\\\/uploads\\\/2025\\\/06\\\/AP14322.jpg\",\"contentUrl\":\"https:\\\/\\\/407artfoundation.org\\\/wp-content\\\/uploads\\\/2025\\\/06\\\/AP14322.jpg\",\"width\":1800,\"height\":2134,\"caption\":\"Sprawiedliwo\u015b\u0107 2\"},{\"@type\":\"BreadcrumbList\",\"@id\":\"https:\\\/\\\/407artfoundation.org\\\/product\\\/sprawiedliwosc-wojciech-ciesniewski\\\/#breadcrumb\",\"itemListElement\":[{\"@type\":\"ListItem\",\"position\":1,\"name\":\"Home\",\"item\":\"https:\\\/\\\/407artfoundation.org\\\/\"},{\"@type\":\"ListItem\",\"position\":2,\"name\":\"Shop\",\"item\":\"https:\\\/\\\/407artfoundation.org\\\/shop\\\/\"},{\"@type\":\"ListItem\",\"position\":3,\"name\":\"Wojciech Cie\u015bniewski &#8211; dyptyk &#8220;Sprawiedliwo\u015b\u0107 &#8211; Justice&#8221; 76.000 PLN\"}]},{\"@type\":\"WebSite\",\"@id\":\"https:\\\/\\\/407artfoundation.org\\\/#website\",\"url\":\"https:\\\/\\\/407artfoundation.org\\\/\",\"name\":\"407artfoundation.org\",\"description\":\"Promujemy polsk\u0105 sztuk\u0119 i kultur\u0119. \u0141\u0105czymy artyst\u00f3w z kolekcjonerami. Pomagamy budowa\u0107 warto\u015bciowe kolekcje sztuki. Organizujemy wyj\u0105tkowe wystawy w ramach cyklu &quot;Sztuka na Z\u0142otej44&quot;. Wspieramy inne organizacje i instytucje dzia\u0142aj\u0105ce na rzecz szerzenia kultury.\",\"potentialAction\":[{\"@type\":\"SearchAction\",\"target\":{\"@type\":\"EntryPoint\",\"urlTemplate\":\"https:\\\/\\\/407artfoundation.org\\\/?s={search_term_string}\"},\"query-input\":{\"@type\":\"PropertyValueSpecification\",\"valueRequired\":true,\"valueName\":\"search_term_string\"}}],\"inLanguage\":\"pl-PL\"}]}<\/script>\n<!-- \/ Yoast SEO plugin. -->","yoast_head_json":{"title":"Wojciech Cie\u015bniewski - dyptyk \"Sprawiedliwo\u015b\u0107 - Justice\" 76.000 PLN - 407artfoundation.org","description":"Dyptyk przedstawiaja\u0107y interpretacj\u0119 wsp\u00f3\u0142czesnej sprawiedliwo\u015bci. Wojciech Cie\u015bniewski bada, jaka powinna by\u0107, a jaka jest sprawiedliwo\u015b\u0107.","robots":{"index":"index","follow":"follow","max-snippet":"max-snippet:-1","max-image-preview":"max-image-preview:large","max-video-preview":"max-video-preview:-1"},"canonical":"https:\/\/407artfoundation.org\/pl\/produkt\/sprawiedliwosc-wojciech-ciesniewski\/","og_locale":"pl_PL","og_type":"article","og_title":"Wojciech Cie\u015bniewski - dyptyk \"Sprawiedliwo\u015b\u0107 - Justice\" 76.000 PLN - 407artfoundation.org","og_description":"Dyptyk przedstawiaja\u0107y interpretacj\u0119 wsp\u00f3\u0142czesnej sprawiedliwo\u015bci. Wojciech Cie\u015bniewski bada, jaka powinna by\u0107, a jaka jest sprawiedliwo\u015b\u0107.","og_url":"https:\/\/407artfoundation.org\/pl\/produkt\/sprawiedliwosc-wojciech-ciesniewski\/","og_site_name":"407artfoundation.org","article_modified_time":"2025-12-03T18:45:22+00:00","og_image":[{"width":864,"height":1024,"url":"http:\/\/407artfoundation.org\/wp-content\/uploads\/2025\/06\/AP14322-864x1024.jpg","type":"image\/jpeg"}],"twitter_card":"summary_large_image","twitter_misc":{"Szacowany czas czytania":"2 minuty"},"schema":{"@context":"https:\/\/schema.org","@graph":[{"@type":"WebPage","@id":"https:\/\/407artfoundation.org\/product\/sprawiedliwosc-wojciech-ciesniewski\/","url":"https:\/\/407artfoundation.org\/product\/sprawiedliwosc-wojciech-ciesniewski\/","name":"Wojciech Cie\u015bniewski - dyptyk \"Sprawiedliwo\u015b\u0107 - Justice\" 76.000 PLN - 407artfoundation.org","isPartOf":{"@id":"https:\/\/407artfoundation.org\/#website"},"primaryImageOfPage":{"@id":"https:\/\/407artfoundation.org\/product\/sprawiedliwosc-wojciech-ciesniewski\/#primaryimage"},"image":{"@id":"https:\/\/407artfoundation.org\/product\/sprawiedliwosc-wojciech-ciesniewski\/#primaryimage"},"thumbnailUrl":"https:\/\/407artfoundation.org\/wp-content\/uploads\/2025\/06\/AP14322.jpg","datePublished":"2025-06-12T15:36:48+00:00","dateModified":"2025-12-03T18:45:22+00:00","description":"Dyptyk przedstawiaja\u0107y interpretacj\u0119 wsp\u00f3\u0142czesnej sprawiedliwo\u015bci. Wojciech Cie\u015bniewski bada, jaka powinna by\u0107, a jaka jest sprawiedliwo\u015b\u0107.","breadcrumb":{"@id":"https:\/\/407artfoundation.org\/product\/sprawiedliwosc-wojciech-ciesniewski\/#breadcrumb"},"inLanguage":"pl-PL","potentialAction":[{"@type":"ReadAction","target":["https:\/\/407artfoundation.org\/product\/sprawiedliwosc-wojciech-ciesniewski\/"]}]},{"@type":"ImageObject","inLanguage":"pl-PL","@id":"https:\/\/407artfoundation.org\/product\/sprawiedliwosc-wojciech-ciesniewski\/#primaryimage","url":"https:\/\/407artfoundation.org\/wp-content\/uploads\/2025\/06\/AP14322.jpg","contentUrl":"https:\/\/407artfoundation.org\/wp-content\/uploads\/2025\/06\/AP14322.jpg","width":1800,"height":2134,"caption":"Sprawiedliwo\u015b\u0107 2"},{"@type":"BreadcrumbList","@id":"https:\/\/407artfoundation.org\/product\/sprawiedliwosc-wojciech-ciesniewski\/#breadcrumb","itemListElement":[{"@type":"ListItem","position":1,"name":"Home","item":"https:\/\/407artfoundation.org\/"},{"@type":"ListItem","position":2,"name":"Shop","item":"https:\/\/407artfoundation.org\/shop\/"},{"@type":"ListItem","position":3,"name":"Wojciech Cie\u015bniewski &#8211; dyptyk &#8220;Sprawiedliwo\u015b\u0107 &#8211; Justice&#8221; 76.000 PLN"}]},{"@type":"WebSite","@id":"https:\/\/407artfoundation.org\/#website","url":"https:\/\/407artfoundation.org\/","name":"407artfoundation.org","description":"Promujemy polsk\u0105 sztuk\u0119 i kultur\u0119. \u0141\u0105czymy artyst\u00f3w z kolekcjonerami. Pomagamy budowa\u0107 warto\u015bciowe kolekcje sztuki. Organizujemy wyj\u0105tkowe wystawy w ramach cyklu &quot;Sztuka na Z\u0142otej44&quot;. Wspieramy inne organizacje i instytucje dzia\u0142aj\u0105ce na rzecz szerzenia kultury.","potentialAction":[{"@type":"SearchAction","target":{"@type":"EntryPoint","urlTemplate":"https:\/\/407artfoundation.org\/?s={search_term_string}"},"query-input":{"@type":"PropertyValueSpecification","valueRequired":true,"valueName":"search_term_string"}}],"inLanguage":"pl-PL"}]}},"_links":{"self":[{"href":"https:\/\/407artfoundation.org\/pl\/wp-json\/wp\/v2\/product\/2590","targetHints":{"allow":["GET"]}}],"collection":[{"href":"https:\/\/407artfoundation.org\/pl\/wp-json\/wp\/v2\/product"}],"about":[{"href":"https:\/\/407artfoundation.org\/pl\/wp-json\/wp\/v2\/types\/product"}],"replies":[{"embeddable":true,"href":"https:\/\/407artfoundation.org\/pl\/wp-json\/wp\/v2\/comments?post=2590"}],"wp:featuredmedia":[{"embeddable":true,"href":"https:\/\/407artfoundation.org\/pl\/wp-json\/wp\/v2\/media\/2592"}],"wp:attachment":[{"href":"https:\/\/407artfoundation.org\/pl\/wp-json\/wp\/v2\/media?parent=2590"}],"wp:term":[{"taxonomy":"product_brand","embeddable":true,"href":"https:\/\/407artfoundation.org\/pl\/wp-json\/wp\/v2\/product_brand?post=2590"},{"taxonomy":"product_cat","embeddable":true,"href":"https:\/\/407artfoundation.org\/pl\/wp-json\/wp\/v2\/product_cat?post=2590"},{"taxonomy":"product_tag","embeddable":true,"href":"https:\/\/407artfoundation.org\/pl\/wp-json\/wp\/v2\/product_tag?post=2590"}],"curies":[{"name":"wp","href":"https:\/\/api.w.org\/{rel}","templated":true}]}}