{"id":1688,"date":"2024-02-12T16:02:47","date_gmt":"2024-02-12T15:02:47","guid":{"rendered":"https:\/\/407artfoundation.org\/?page_id=1688"},"modified":"2024-02-12T16:04:42","modified_gmt":"2024-02-12T15:04:42","slug":"underconstruction","status":"publish","type":"page","link":"https:\/\/407artfoundation.org\/pl\/underconstruction\/","title":{"rendered":"Underconstruction"},"content":{"rendered":"<div data-elementor-type=\"wp-page\" data-elementor-id=\"1688\" class=\"elementor elementor-1688\" data-elementor-post-type=\"page\">\n\t\t\t\t\t\t<section class=\"elementor-section elementor-top-section elementor-element elementor-element-5aca071 elementor-section-boxed elementor-section-height-default elementor-section-height-default\" data-id=\"5aca071\" data-element_type=\"section\" data-e-type=\"section\">\n\t\t\t\t\t\t<div class=\"elementor-container elementor-column-gap-default\">\n\t\t\t\t\t<div class=\"elementor-column elementor-col-100 elementor-top-column elementor-element elementor-element-99a3f04\" data-id=\"99a3f04\" data-element_type=\"column\" data-e-type=\"column\">\n\t\t\t<div class=\"elementor-widget-wrap elementor-element-populated\">\n\t\t\t\t\t\t<div class=\"elementor-element elementor-element-246e437 elementor-widget elementor-widget-heading\" data-id=\"246e437\" data-element_type=\"widget\" data-e-type=\"widget\" data-widget_type=\"heading.default\">\n\t\t\t\t<div class=\"elementor-widget-container\">\n\t\t\t\t\t<h2 class=\"elementor-heading-title elementor-size-default\">Coming Soon...<\/h2>\t\t\t\t<\/div>\n\t\t\t\t<\/div>\n\t\t\t\t\t<\/div>\n\t\t<\/div>\n\t\t\t\t\t<\/div>\n\t\t<\/section>\n\t\t\t\t<\/div>","protected":false},"excerpt":{"rendered":"<p>Coming Soon&#8230;<\/p>","protected":false},"author":1,"featured_media":0,"parent":0,"menu_order":0,"comment_status":"closed","ping_status":"closed","template":"elementor_header_footer","meta":{"give_campaign_id":0,"footnotes":""},"class_list":["post-1688","page","type-page","status-publish","hentry"],"yoast_head":"<!-- This site is optimized with the Yoast SEO plugin v27.5 - https:\/\/yoast.com\/product\/yoast-seo-wordpress\/ -->\n<title>Underconstruction - 407artfoundation.org<\/title>\n<meta name=\"description\" content=\"\u0141\u0105czymy Artyst\u00f3w i Kolekcjoner\u00f3w. Nasze programy promuj\u0105 polsk\u0105 sztuk\u0119 i kultur\u0119. Organizujemy wyj\u0105tkowe wystawy i kolacje. U nas kupisz obrazy bez prowizji dom\u00f3w aukcyjnych. Do\u0142\u0105cz do 407 Art Foundation.\" \/>\n<meta name=\"robots\" content=\"index, follow, max-snippet:-1, max-image-preview:large, max-video-preview:-1\" \/>\n<link rel=\"canonical\" href=\"https:\/\/407artfoundation.org\/pl\/underconstruction\/\" \/>\n<meta property=\"og:locale\" content=\"pl_PL\" \/>\n<meta property=\"og:type\" content=\"article\" \/>\n<meta property=\"og:title\" content=\"Underconstruction - 407artfoundation.org\" \/>\n<meta property=\"og:description\" content=\"\u0141\u0105czymy Artyst\u00f3w i Kolekcjoner\u00f3w. Nasze programy promuj\u0105 polsk\u0105 sztuk\u0119 i kultur\u0119. Organizujemy wyj\u0105tkowe wystawy i kolacje. U nas kupisz obrazy bez prowizji dom\u00f3w aukcyjnych. Do\u0142\u0105cz do 407 Art Foundation.\" \/>\n<meta property=\"og:url\" content=\"https:\/\/407artfoundation.org\/pl\/underconstruction\/\" \/>\n<meta property=\"og:site_name\" content=\"407artfoundation.org\" \/>\n<meta property=\"article:modified_time\" content=\"2024-02-12T15:04:42+00:00\" \/>\n<meta name=\"twitter:card\" content=\"summary_large_image\" \/>\n<script type=\"application\/ld+json\" class=\"yoast-schema-graph\">{\"@context\":\"https:\\\/\\\/schema.org\",\"@graph\":[{\"@type\":\"WebPage\",\"@id\":\"https:\\\/\\\/407artfoundation.org\\\/underconstruction\\\/\",\"url\":\"https:\\\/\\\/407artfoundation.org\\\/underconstruction\\\/\",\"name\":\"Underconstruction - 407artfoundation.org\",\"isPartOf\":{\"@id\":\"https:\\\/\\\/407artfoundation.org\\\/#website\"},\"datePublished\":\"2024-02-12T15:02:47+00:00\",\"dateModified\":\"2024-02-12T15:04:42+00:00\",\"description\":\"\u0141\u0105czymy Artyst\u00f3w i Kolekcjoner\u00f3w. Nasze programy promuj\u0105 polsk\u0105 sztuk\u0119 i kultur\u0119. Organizujemy wyj\u0105tkowe wystawy i kolacje. U nas kupisz obrazy bez prowizji dom\u00f3w aukcyjnych. Do\u0142\u0105cz do 407 Art Foundation.\",\"breadcrumb\":{\"@id\":\"https:\\\/\\\/407artfoundation.org\\\/underconstruction\\\/#breadcrumb\"},\"inLanguage\":\"pl-PL\",\"potentialAction\":[{\"@type\":\"ReadAction\",\"target\":[\"https:\\\/\\\/407artfoundation.org\\\/underconstruction\\\/\"]}]},{\"@type\":\"BreadcrumbList\",\"@id\":\"https:\\\/\\\/407artfoundation.org\\\/underconstruction\\\/#breadcrumb\",\"itemListElement\":[{\"@type\":\"ListItem\",\"position\":1,\"name\":\"Home\",\"item\":\"https:\\\/\\\/407artfoundation.org\\\/\"},{\"@type\":\"ListItem\",\"position\":2,\"name\":\"Underconstruction\"}]},{\"@type\":\"WebSite\",\"@id\":\"https:\\\/\\\/407artfoundation.org\\\/#website\",\"url\":\"https:\\\/\\\/407artfoundation.org\\\/\",\"name\":\"407artfoundation.org\",\"description\":\"Promujemy polsk\u0105 sztuk\u0119 i kultur\u0119. \u0141\u0105czymy artyst\u00f3w z kolekcjonerami. Pomagamy budowa\u0107 warto\u015bciowe kolekcje sztuki. Organizujemy wyj\u0105tkowe wystawy w ramach cyklu &quot;Sztuka na Z\u0142otej44&quot;. Wspieramy inne organizacje i instytucje dzia\u0142aj\u0105ce na rzecz szerzenia kultury.\",\"potentialAction\":[{\"@type\":\"SearchAction\",\"target\":{\"@type\":\"EntryPoint\",\"urlTemplate\":\"https:\\\/\\\/407artfoundation.org\\\/?s={search_term_string}\"},\"query-input\":{\"@type\":\"PropertyValueSpecification\",\"valueRequired\":true,\"valueName\":\"search_term_string\"}}],\"inLanguage\":\"pl-PL\"}]}<\/script>\n<!-- \/ Yoast SEO plugin. -->","yoast_head_json":{"title":"Underconstruction - 407artfoundation.org","description":"\u0141\u0105czymy Artyst\u00f3w i Kolekcjoner\u00f3w. Nasze programy promuj\u0105 polsk\u0105 sztuk\u0119 i kultur\u0119. Organizujemy wyj\u0105tkowe wystawy i kolacje. U nas kupisz obrazy bez prowizji dom\u00f3w aukcyjnych. Do\u0142\u0105cz do 407 Art Foundation.","robots":{"index":"index","follow":"follow","max-snippet":"max-snippet:-1","max-image-preview":"max-image-preview:large","max-video-preview":"max-video-preview:-1"},"canonical":"https:\/\/407artfoundation.org\/pl\/underconstruction\/","og_locale":"pl_PL","og_type":"article","og_title":"Underconstruction - 407artfoundation.org","og_description":"\u0141\u0105czymy Artyst\u00f3w i Kolekcjoner\u00f3w. Nasze programy promuj\u0105 polsk\u0105 sztuk\u0119 i kultur\u0119. Organizujemy wyj\u0105tkowe wystawy i kolacje. U nas kupisz obrazy bez prowizji dom\u00f3w aukcyjnych. Do\u0142\u0105cz do 407 Art Foundation.","og_url":"https:\/\/407artfoundation.org\/pl\/underconstruction\/","og_site_name":"407artfoundation.org","article_modified_time":"2024-02-12T15:04:42+00:00","twitter_card":"summary_large_image","schema":{"@context":"https:\/\/schema.org","@graph":[{"@type":"WebPage","@id":"https:\/\/407artfoundation.org\/underconstruction\/","url":"https:\/\/407artfoundation.org\/underconstruction\/","name":"Underconstruction - 407artfoundation.org","isPartOf":{"@id":"https:\/\/407artfoundation.org\/#website"},"datePublished":"2024-02-12T15:02:47+00:00","dateModified":"2024-02-12T15:04:42+00:00","description":"\u0141\u0105czymy Artyst\u00f3w i Kolekcjoner\u00f3w. Nasze programy promuj\u0105 polsk\u0105 sztuk\u0119 i kultur\u0119. Organizujemy wyj\u0105tkowe wystawy i kolacje. U nas kupisz obrazy bez prowizji dom\u00f3w aukcyjnych. Do\u0142\u0105cz do 407 Art Foundation.","breadcrumb":{"@id":"https:\/\/407artfoundation.org\/underconstruction\/#breadcrumb"},"inLanguage":"pl-PL","potentialAction":[{"@type":"ReadAction","target":["https:\/\/407artfoundation.org\/underconstruction\/"]}]},{"@type":"BreadcrumbList","@id":"https:\/\/407artfoundation.org\/underconstruction\/#breadcrumb","itemListElement":[{"@type":"ListItem","position":1,"name":"Home","item":"https:\/\/407artfoundation.org\/"},{"@type":"ListItem","position":2,"name":"Underconstruction"}]},{"@type":"WebSite","@id":"https:\/\/407artfoundation.org\/#website","url":"https:\/\/407artfoundation.org\/","name":"407artfoundation.org","description":"Promujemy polsk\u0105 sztuk\u0119 i kultur\u0119. \u0141\u0105czymy artyst\u00f3w z kolekcjonerami. Pomagamy budowa\u0107 warto\u015bciowe kolekcje sztuki. Organizujemy wyj\u0105tkowe wystawy w ramach cyklu &quot;Sztuka na Z\u0142otej44&quot;. Wspieramy inne organizacje i instytucje dzia\u0142aj\u0105ce na rzecz szerzenia kultury.","potentialAction":[{"@type":"SearchAction","target":{"@type":"EntryPoint","urlTemplate":"https:\/\/407artfoundation.org\/?s={search_term_string}"},"query-input":{"@type":"PropertyValueSpecification","valueRequired":true,"valueName":"search_term_string"}}],"inLanguage":"pl-PL"}]}},"campaignId":"","_links":{"self":[{"href":"https:\/\/407artfoundation.org\/pl\/wp-json\/wp\/v2\/pages\/1688","targetHints":{"allow":["GET"]}}],"collection":[{"href":"https:\/\/407artfoundation.org\/pl\/wp-json\/wp\/v2\/pages"}],"about":[{"href":"https:\/\/407artfoundation.org\/pl\/wp-json\/wp\/v2\/types\/page"}],"author":[{"embeddable":true,"href":"https:\/\/407artfoundation.org\/pl\/wp-json\/wp\/v2\/users\/1"}],"replies":[{"embeddable":true,"href":"https:\/\/407artfoundation.org\/pl\/wp-json\/wp\/v2\/comments?post=1688"}],"version-history":[{"count":7,"href":"https:\/\/407artfoundation.org\/pl\/wp-json\/wp\/v2\/pages\/1688\/revisions"}],"predecessor-version":[{"id":1696,"href":"https:\/\/407artfoundation.org\/pl\/wp-json\/wp\/v2\/pages\/1688\/revisions\/1696"}],"wp:attachment":[{"href":"https:\/\/407artfoundation.org\/pl\/wp-json\/wp\/v2\/media?parent=1688"}],"curies":[{"name":"wp","href":"https:\/\/api.w.org\/{rel}","templated":true}]}}