{"id":3509,"date":"2026-01-17T15:25:10","date_gmt":"2026-01-17T14:25:10","guid":{"rendered":"https:\/\/407artfoundation.org\/?post_type=product&#038;p=3509"},"modified":"2026-01-17T15:35:09","modified_gmt":"2026-01-17T14:35:09","slug":"wojciech-ciesniewski-gwasze","status":"publish","type":"product","link":"https:\/\/407artfoundation.org\/en_gb\/product\/wojciech-ciesniewski-gwasze\/","title":{"rendered":"Wojciech Cie\u015bniewski &#8211; kolekcja gwaszy &#8211; 5.000 PLN"},"content":{"rendered":"<p>Wojciech Cie\u015bniewski (1958)<\/p>\n<p>A series of gouaches, collages, and sketches created just before the paintings were completed. They are highly collectible. Never before offered for sale, they have never been reproduced in prints or editions. They constitute a unique record of the Wojciech Cie\u015bniewski&#8217;s creative thought.<\/p>\n<p>Title:<\/p>\n<ol>\n<li>Autoportret, 49&#215;36 cm, 1990, No.2282<\/li>\n<li>Motyw znaku, 32&#215;22 cm, 1987, No. 1544<\/li>\n<li>Autoportret zielony, 32&#215;23 cm, 1988, No. 1548<\/li>\n<li>Autoportret czerwony, 29&#215;21 cm, 1985, No. 1932<\/li>\n<li>Aldona, 42&#215;29 cm, 1991\/1992, No. 5192<\/li>\n<li>Model, 29&#215;42 cm, 1986\/1987, No. 4479<\/li>\n<li>Motyw g\u0142owy, 29&#215;18 cm, 1988\/1989, No. 2723<\/li>\n<li>Modelka, 42&#215;29 cm, 1988, No. 4979<\/li>\n<\/ol>\n<p>&nbsp;<\/p>\n<figure id=\"attachment_3511\" aria-describedby=\"caption-attachment-3511\" style=\"width: 224px\" class=\"wp-caption alignnone\"><img fetchpriority=\"high\" decoding=\"async\" class=\"size-medium wp-image-3511\" src=\"http:\/\/407artfoundation.org\/wp-content\/uploads\/2026\/01\/IMG_2701-224x300.jpeg\" alt=\"Wojciech Cie\u015bniewski gwasz\" width=\"224\" height=\"300\" srcset=\"https:\/\/407artfoundation.org\/wp-content\/uploads\/2026\/01\/IMG_2701-224x300.jpeg 224w, https:\/\/407artfoundation.org\/wp-content\/uploads\/2026\/01\/IMG_2701-765x1024.jpeg 765w, https:\/\/407artfoundation.org\/wp-content\/uploads\/2026\/01\/IMG_2701-768x1027.jpeg 768w, https:\/\/407artfoundation.org\/wp-content\/uploads\/2026\/01\/IMG_2701-1148x1536.jpeg 1148w, https:\/\/407artfoundation.org\/wp-content\/uploads\/2026\/01\/IMG_2701-1531x2048.jpeg 1531w, https:\/\/407artfoundation.org\/wp-content\/uploads\/2026\/01\/IMG_2701-9x12.jpeg 9w, https:\/\/407artfoundation.org\/wp-content\/uploads\/2026\/01\/IMG_2701-600x803.jpeg 600w, https:\/\/407artfoundation.org\/wp-content\/uploads\/2026\/01\/IMG_2701-scaled.jpeg 1914w\" sizes=\"(max-width: 224px) 100vw, 224px\" \/><figcaption id=\"caption-attachment-3511\" class=\"wp-caption-text\">Wojciech Ciesniewski gwasz No1 Autoportret<\/figcaption><\/figure>\n<figure id=\"attachment_3512\" aria-describedby=\"caption-attachment-3512\" style=\"width: 211px\" class=\"wp-caption alignnone\"><img decoding=\"async\" class=\"size-medium wp-image-3512\" src=\"http:\/\/407artfoundation.org\/wp-content\/uploads\/2026\/01\/IMG_2709-211x300.jpeg\" alt=\"Wojciech Cie\u015bniewski gwasz No2\" width=\"211\" height=\"300\" srcset=\"https:\/\/407artfoundation.org\/wp-content\/uploads\/2026\/01\/IMG_2709-211x300.jpeg 211w, https:\/\/407artfoundation.org\/wp-content\/uploads\/2026\/01\/IMG_2709-719x1024.jpeg 719w, https:\/\/407artfoundation.org\/wp-content\/uploads\/2026\/01\/IMG_2709-768x1093.jpeg 768w, https:\/\/407artfoundation.org\/wp-content\/uploads\/2026\/01\/IMG_2709-1079x1536.jpeg 1079w, https:\/\/407artfoundation.org\/wp-content\/uploads\/2026\/01\/IMG_2709-1439x2048.jpeg 1439w, https:\/\/407artfoundation.org\/wp-content\/uploads\/2026\/01\/IMG_2709-8x12.jpeg 8w, https:\/\/407artfoundation.org\/wp-content\/uploads\/2026\/01\/IMG_2709-600x854.jpeg 600w, https:\/\/407artfoundation.org\/wp-content\/uploads\/2026\/01\/IMG_2709-scaled.jpeg 1798w\" sizes=\"(max-width: 211px) 100vw, 211px\" \/><figcaption id=\"caption-attachment-3512\" class=\"wp-caption-text\">Wojciech Cie\u015bniewski gwasz No2 Motyw znaku<\/figcaption><\/figure>\n<figure id=\"attachment_3513\" aria-describedby=\"caption-attachment-3513\" style=\"width: 228px\" class=\"wp-caption alignnone\"><img decoding=\"async\" class=\"size-medium wp-image-3513\" src=\"http:\/\/407artfoundation.org\/wp-content\/uploads\/2026\/01\/IMG_2707-228x300.jpeg\" alt=\"Wojciech Ciesniewski gwasz No3 Autoportret zielony\" width=\"228\" height=\"300\" srcset=\"https:\/\/407artfoundation.org\/wp-content\/uploads\/2026\/01\/IMG_2707-228x300.jpeg 228w, https:\/\/407artfoundation.org\/wp-content\/uploads\/2026\/01\/IMG_2707-778x1024.jpeg 778w, https:\/\/407artfoundation.org\/wp-content\/uploads\/2026\/01\/IMG_2707-768x1010.jpeg 768w, https:\/\/407artfoundation.org\/wp-content\/uploads\/2026\/01\/IMG_2707-1168x1536.jpeg 1168w, https:\/\/407artfoundation.org\/wp-content\/uploads\/2026\/01\/IMG_2707-1557x2048.jpeg 1557w, https:\/\/407artfoundation.org\/wp-content\/uploads\/2026\/01\/IMG_2707-9x12.jpeg 9w, https:\/\/407artfoundation.org\/wp-content\/uploads\/2026\/01\/IMG_2707-600x789.jpeg 600w, https:\/\/407artfoundation.org\/wp-content\/uploads\/2026\/01\/IMG_2707-scaled.jpeg 1946w\" sizes=\"(max-width: 228px) 100vw, 228px\" \/><figcaption id=\"caption-attachment-3513\" class=\"wp-caption-text\">Wojciech Ciesniewski gwasz No3 Autoportret zielony<\/figcaption><\/figure>\n<figure id=\"attachment_3514\" aria-describedby=\"caption-attachment-3514\" style=\"width: 211px\" class=\"wp-caption alignnone\"><img loading=\"lazy\" decoding=\"async\" class=\"size-medium wp-image-3514\" src=\"http:\/\/407artfoundation.org\/wp-content\/uploads\/2026\/01\/IMG_2705-211x300.jpeg\" alt=\"Wojciech Ciesniewski gwasz No4 Autoportret czerwony\" width=\"211\" height=\"300\" srcset=\"https:\/\/407artfoundation.org\/wp-content\/uploads\/2026\/01\/IMG_2705-211x300.jpeg 211w, https:\/\/407artfoundation.org\/wp-content\/uploads\/2026\/01\/IMG_2705-721x1024.jpeg 721w, https:\/\/407artfoundation.org\/wp-content\/uploads\/2026\/01\/IMG_2705-768x1091.jpeg 768w, https:\/\/407artfoundation.org\/wp-content\/uploads\/2026\/01\/IMG_2705-1081x1536.jpeg 1081w, https:\/\/407artfoundation.org\/wp-content\/uploads\/2026\/01\/IMG_2705-1441x2048.jpeg 1441w, https:\/\/407artfoundation.org\/wp-content\/uploads\/2026\/01\/IMG_2705-8x12.jpeg 8w, https:\/\/407artfoundation.org\/wp-content\/uploads\/2026\/01\/IMG_2705-600x853.jpeg 600w, https:\/\/407artfoundation.org\/wp-content\/uploads\/2026\/01\/IMG_2705-scaled.jpeg 1801w\" sizes=\"(max-width: 211px) 100vw, 211px\" \/><figcaption id=\"caption-attachment-3514\" class=\"wp-caption-text\">Wojciech Ciesniewski gwasz No4 Autoportret czerwony<\/figcaption><\/figure>\n<figure id=\"attachment_3510\" aria-describedby=\"caption-attachment-3510\" style=\"width: 210px\" class=\"wp-caption alignnone\"><img loading=\"lazy\" decoding=\"async\" class=\"size-medium wp-image-3510\" src=\"http:\/\/407artfoundation.org\/wp-content\/uploads\/2026\/01\/IMG_2711-1-210x300.jpeg\" alt=\"Wojciech Ciesniewski gwasz No5 Aldona\" width=\"210\" height=\"300\" srcset=\"https:\/\/407artfoundation.org\/wp-content\/uploads\/2026\/01\/IMG_2711-1-210x300.jpeg 210w, https:\/\/407artfoundation.org\/wp-content\/uploads\/2026\/01\/IMG_2711-1-718x1024.jpeg 718w, https:\/\/407artfoundation.org\/wp-content\/uploads\/2026\/01\/IMG_2711-1-768x1096.jpeg 768w, https:\/\/407artfoundation.org\/wp-content\/uploads\/2026\/01\/IMG_2711-1-1077x1536.jpeg 1077w, https:\/\/407artfoundation.org\/wp-content\/uploads\/2026\/01\/IMG_2711-1-1436x2048.jpeg 1436w, https:\/\/407artfoundation.org\/wp-content\/uploads\/2026\/01\/IMG_2711-1-8x12.jpeg 8w, https:\/\/407artfoundation.org\/wp-content\/uploads\/2026\/01\/IMG_2711-1-600x856.jpeg 600w, https:\/\/407artfoundation.org\/wp-content\/uploads\/2026\/01\/IMG_2711-1-scaled.jpeg 1794w\" sizes=\"(max-width: 210px) 100vw, 210px\" \/><figcaption id=\"caption-attachment-3510\" class=\"wp-caption-text\">Wojciech Ciesniewski gwasz No5 Aldona<\/figcaption><\/figure>\n<figure id=\"attachment_3517\" aria-describedby=\"caption-attachment-3517\" style=\"width: 202px\" class=\"wp-caption alignnone\"><img loading=\"lazy\" decoding=\"async\" class=\"size-medium wp-image-3517\" src=\"http:\/\/407artfoundation.org\/wp-content\/uploads\/2026\/01\/IMG_2697-202x300.jpeg\" alt=\"Wojciech Ciesniewski gwasz No6 Model\" width=\"202\" height=\"300\" srcset=\"https:\/\/407artfoundation.org\/wp-content\/uploads\/2026\/01\/IMG_2697-202x300.jpeg 202w, https:\/\/407artfoundation.org\/wp-content\/uploads\/2026\/01\/IMG_2697-689x1024.jpeg 689w, https:\/\/407artfoundation.org\/wp-content\/uploads\/2026\/01\/IMG_2697-768x1142.jpeg 768w, https:\/\/407artfoundation.org\/wp-content\/uploads\/2026\/01\/IMG_2697-1033x1536.jpeg 1033w, https:\/\/407artfoundation.org\/wp-content\/uploads\/2026\/01\/IMG_2697-1377x2048.jpeg 1377w, https:\/\/407artfoundation.org\/wp-content\/uploads\/2026\/01\/IMG_2697-8x12.jpeg 8w, https:\/\/407artfoundation.org\/wp-content\/uploads\/2026\/01\/IMG_2697-600x892.jpeg 600w, https:\/\/407artfoundation.org\/wp-content\/uploads\/2026\/01\/IMG_2697-scaled.jpeg 1722w\" sizes=\"(max-width: 202px) 100vw, 202px\" \/><figcaption id=\"caption-attachment-3517\" class=\"wp-caption-text\">Wojciech Ciesniewski gwasz No6 Model<\/figcaption><\/figure>\n<figure id=\"attachment_3515\" aria-describedby=\"caption-attachment-3515\" style=\"width: 193px\" class=\"wp-caption alignnone\"><img loading=\"lazy\" decoding=\"async\" class=\"size-medium wp-image-3515\" src=\"http:\/\/407artfoundation.org\/wp-content\/uploads\/2026\/01\/IMG_2703-193x300.jpeg\" alt=\"Wojciech Ciesniewski gwasz No7 Motyw g\u0142owy\" width=\"193\" height=\"300\" srcset=\"https:\/\/407artfoundation.org\/wp-content\/uploads\/2026\/01\/IMG_2703-193x300.jpeg 193w, https:\/\/407artfoundation.org\/wp-content\/uploads\/2026\/01\/IMG_2703-659x1024.jpeg 659w, https:\/\/407artfoundation.org\/wp-content\/uploads\/2026\/01\/IMG_2703-768x1194.jpeg 768w, https:\/\/407artfoundation.org\/wp-content\/uploads\/2026\/01\/IMG_2703-988x1536.jpeg 988w, https:\/\/407artfoundation.org\/wp-content\/uploads\/2026\/01\/IMG_2703-1318x2048.jpeg 1318w, https:\/\/407artfoundation.org\/wp-content\/uploads\/2026\/01\/IMG_2703-8x12.jpeg 8w, https:\/\/407artfoundation.org\/wp-content\/uploads\/2026\/01\/IMG_2703-600x932.jpeg 600w, https:\/\/407artfoundation.org\/wp-content\/uploads\/2026\/01\/IMG_2703-scaled.jpeg 1647w\" sizes=\"(max-width: 193px) 100vw, 193px\" \/><figcaption id=\"caption-attachment-3515\" class=\"wp-caption-text\">Wojciech Ciesniewski gwasz No7 Motyw g\u0142owy<\/figcaption><\/figure>\n<figure id=\"attachment_3516\" aria-describedby=\"caption-attachment-3516\" style=\"width: 209px\" class=\"wp-caption alignnone\"><img loading=\"lazy\" decoding=\"async\" class=\"size-medium wp-image-3516\" src=\"http:\/\/407artfoundation.org\/wp-content\/uploads\/2026\/01\/IMG_2699-209x300.jpeg\" alt=\"Wojciech Ciesniewski gwasz No8 Modelka\" width=\"209\" height=\"300\" srcset=\"https:\/\/407artfoundation.org\/wp-content\/uploads\/2026\/01\/IMG_2699-209x300.jpeg 209w, https:\/\/407artfoundation.org\/wp-content\/uploads\/2026\/01\/IMG_2699-714x1024.jpeg 714w, https:\/\/407artfoundation.org\/wp-content\/uploads\/2026\/01\/IMG_2699-768x1101.jpeg 768w, https:\/\/407artfoundation.org\/wp-content\/uploads\/2026\/01\/IMG_2699-1072x1536.jpeg 1072w, https:\/\/407artfoundation.org\/wp-content\/uploads\/2026\/01\/IMG_2699-1429x2048.jpeg 1429w, https:\/\/407artfoundation.org\/wp-content\/uploads\/2026\/01\/IMG_2699-8x12.jpeg 8w, https:\/\/407artfoundation.org\/wp-content\/uploads\/2026\/01\/IMG_2699-600x860.jpeg 600w, https:\/\/407artfoundation.org\/wp-content\/uploads\/2026\/01\/IMG_2699-scaled.jpeg 1786w\" sizes=\"(max-width: 209px) 100vw, 209px\" \/><figcaption id=\"caption-attachment-3516\" class=\"wp-caption-text\">Wojciech Ciesniewski gwasz No8 Modelka<\/figcaption><\/figure>\n<pre><\/pre>\n","protected":false},"excerpt":{"rendered":"<h3>About the Artist<\/h3>\n<h3><img loading=\"lazy\" decoding=\"async\" class=\"alignnone size-medium wp-image-2309\" src=\"http:\/\/407artfoundation.org\/wp-content\/uploads\/2025\/01\/3M6A7753-300x227.jpg\" alt=\"Wojciech Cie\u015bniewski\" width=\"300\" height=\"227\" srcset=\"https:\/\/407artfoundation.org\/wp-content\/uploads\/2025\/01\/3M6A7753-300x227.jpg 300w, https:\/\/407artfoundation.org\/wp-content\/uploads\/2025\/01\/3M6A7753-1024x775.jpg 1024w, https:\/\/407artfoundation.org\/wp-content\/uploads\/2025\/01\/3M6A7753-768x582.jpg 768w, https:\/\/407artfoundation.org\/wp-content\/uploads\/2025\/01\/3M6A7753-1536x1163.jpg 1536w, https:\/\/407artfoundation.org\/wp-content\/uploads\/2025\/01\/3M6A7753-2048x1551.jpg 2048w, https:\/\/407artfoundation.org\/wp-content\/uploads\/2025\/01\/3M6A7753-16x12.jpg 16w, https:\/\/407artfoundation.org\/wp-content\/uploads\/2025\/01\/3M6A7753-600x454.jpg 600w\" sizes=\"(max-width: 300px) 100vw, 300px\" \/><\/h3>\n<h3>Wojciech Cie\u015bniewski (1958)<\/h3>\n<p>The Artist, Painter, Professor of Art. Born in 1958 in Dzia\u0142dowo, Wojciech Cie\u015bniewski initially pursued a passion for theoretical mathematics, earning a Master\u2019s degree from the Higher Pedagogical School in Olsztyn in 1984. During his studies, he discovered that the language of mathematical symbols could not adequately express his emotions.<\/p>\n<p>In 1983, he began studying at the Academy of Fine Arts in Warsaw, where he graduated with distinction in 1988 under the mentorship of Prof. Rajmund Ziemski. Since 1990, he has been a faculty member at the academy, serving as Vice Dean of the Faculty of Painting from 2005 to 2012. Currently, he leads his own diploma studio.<\/p>\n<p>Cie\u015bniewski is considered one of the most significant contemporary Polish painters, recognized for both his artistic and intellectual achievements. For the first two decades of his career, he explored abstraction, investigating the autonomy of meaning and the impact of visual language in painting. In later years, he returned to figurative painting, engaging in a dialogue with the traditions of European art, drawing inspiration from masters such as Caravaggio, Giotto, Michelangelo, Gian Lorenzo Bernini, and Vermeer.<\/p>\n<p>Over time, his work increasingly addressed ethical questions and the broader themes of good and evil in human life, while examining the role of art as a vehicle for beauty and virtue. His paintings often draw upon themes from the Bible, mythology, Christian iconography, and history.<\/p>\n<p>Wojciech Cie\u015bniewski has received numerous awards, including the Special Merit Award at the 2nd Malaysia International Art Exhibition (2012) and the &#8220;Gloria Artis&#8221; Medal for Merit to Culture (2011). His works have been featured in over 150 individual and group exhibitions in Poland and abroad.<\/p>\n","protected":false},"featured_media":3519,"comment_status":"open","ping_status":"closed","template":"","meta":{"give_campaign_id":0},"product_brand":[235],"product_cat":[236],"product_tag":[166,167,176,165,175,164],"class_list":{"0":"post-3509","1":"product","2":"type-product","3":"status-publish","4":"has-post-thumbnail","6":"product_brand-limited-series","7":"product_cat-wojciech-ciesniewski-limited-collection","8":"product_tag-kolekcjasztuki","9":"product_tag-kolekcjonerzy","10":"product_tag-mestwo","11":"product_tag-obraz","12":"product_tag-obrazdokupna","13":"product_tag-wojciechciesniewski","15":"first","16":"instock","17":"shipping-taxable","18":"purchasable","19":"product-type-simple"},"yoast_head":"<!-- This site is optimized with the Yoast SEO plugin v27.5 - https:\/\/yoast.com\/product\/yoast-seo-wordpress\/ -->\n<title>Wojciech Cie\u015bniewski - kolekcja gwaszy - 5.000 PLN - 407artfoundation.org<\/title>\n<meta name=\"description\" content=\"Oryginalne szkice, gwasze, kolarze Wojciecha Cie\u015bniewskiego z okresu tw\u00f3rczego 1986. Nigdy nie powielane w formie print\u00f3w. Wysoka warto\u015b\u0107 kolekcjonerska.\" \/>\n<meta name=\"robots\" content=\"index, follow, max-snippet:-1, max-image-preview:large, max-video-preview:-1\" \/>\n<link rel=\"canonical\" href=\"https:\/\/407artfoundation.org\/en_gb\/product\/wojciech-ciesniewski-gwasze\/\" \/>\n<meta property=\"og:locale\" content=\"en_GB\" \/>\n<meta property=\"og:type\" content=\"article\" \/>\n<meta property=\"og:title\" content=\"Wojciech Cie\u015bniewski - kolekcja gwaszy - 5.000 PLN - 407artfoundation.org\" \/>\n<meta property=\"og:description\" content=\"Oryginalne szkice, gwasze, kolarze Wojciecha Cie\u015bniewskiego z okresu tw\u00f3rczego 1986. Nigdy nie powielane w formie print\u00f3w. Wysoka warto\u015b\u0107 kolekcjonerska.\" \/>\n<meta property=\"og:url\" content=\"https:\/\/407artfoundation.org\/en_gb\/product\/wojciech-ciesniewski-gwasze\/\" \/>\n<meta property=\"og:site_name\" content=\"407artfoundation.org\" \/>\n<meta property=\"article:modified_time\" content=\"2026-01-17T14:35:09+00:00\" \/>\n<meta property=\"og:image\" content=\"http:\/\/407artfoundation.org\/wp-content\/uploads\/2026\/01\/Aldona-small-1.jpg\" \/>\n\t<meta property=\"og:image:width\" content=\"860\" \/>\n\t<meta property=\"og:image:height\" content=\"858\" \/>\n\t<meta property=\"og:image:type\" content=\"image\/jpeg\" \/>\n<meta name=\"twitter:card\" content=\"summary_large_image\" \/>\n<meta name=\"twitter:label1\" content=\"Estimated reading time\" \/>\n\t<meta name=\"twitter:data1\" content=\"3 minutes\" \/>\n<script type=\"application\/ld+json\" class=\"yoast-schema-graph\">{\"@context\":\"https:\\\/\\\/schema.org\",\"@graph\":[{\"@type\":\"WebPage\",\"@id\":\"https:\\\/\\\/407artfoundation.org\\\/product\\\/wojciech-ciesniewski-gwasze\\\/\",\"url\":\"https:\\\/\\\/407artfoundation.org\\\/product\\\/wojciech-ciesniewski-gwasze\\\/\",\"name\":\"Wojciech Cie\u015bniewski - kolekcja gwaszy - 5.000 PLN - 407artfoundation.org\",\"isPartOf\":{\"@id\":\"https:\\\/\\\/407artfoundation.org\\\/#website\"},\"primaryImageOfPage\":{\"@id\":\"https:\\\/\\\/407artfoundation.org\\\/product\\\/wojciech-ciesniewski-gwasze\\\/#primaryimage\"},\"image\":{\"@id\":\"https:\\\/\\\/407artfoundation.org\\\/product\\\/wojciech-ciesniewski-gwasze\\\/#primaryimage\"},\"thumbnailUrl\":\"https:\\\/\\\/407artfoundation.org\\\/wp-content\\\/uploads\\\/2026\\\/01\\\/Aldona-small-1.jpg\",\"datePublished\":\"2026-01-17T14:25:10+00:00\",\"dateModified\":\"2026-01-17T14:35:09+00:00\",\"description\":\"Oryginalne szkice, gwasze, kolarze Wojciecha Cie\u015bniewskiego z okresu tw\u00f3rczego 1986. Nigdy nie powielane w formie print\u00f3w. Wysoka warto\u015b\u0107 kolekcjonerska.\",\"breadcrumb\":{\"@id\":\"https:\\\/\\\/407artfoundation.org\\\/product\\\/wojciech-ciesniewski-gwasze\\\/#breadcrumb\"},\"inLanguage\":\"en-GB\",\"potentialAction\":[{\"@type\":\"ReadAction\",\"target\":[\"https:\\\/\\\/407artfoundation.org\\\/product\\\/wojciech-ciesniewski-gwasze\\\/\"]}]},{\"@type\":\"ImageObject\",\"inLanguage\":\"en-GB\",\"@id\":\"https:\\\/\\\/407artfoundation.org\\\/product\\\/wojciech-ciesniewski-gwasze\\\/#primaryimage\",\"url\":\"https:\\\/\\\/407artfoundation.org\\\/wp-content\\\/uploads\\\/2026\\\/01\\\/Aldona-small-1.jpg\",\"contentUrl\":\"https:\\\/\\\/407artfoundation.org\\\/wp-content\\\/uploads\\\/2026\\\/01\\\/Aldona-small-1.jpg\",\"width\":860,\"height\":858,\"caption\":\"Wojciech Cie\u015bniewski Aldona\"},{\"@type\":\"BreadcrumbList\",\"@id\":\"https:\\\/\\\/407artfoundation.org\\\/product\\\/wojciech-ciesniewski-gwasze\\\/#breadcrumb\",\"itemListElement\":[{\"@type\":\"ListItem\",\"position\":1,\"name\":\"Home\",\"item\":\"https:\\\/\\\/407artfoundation.org\\\/\"},{\"@type\":\"ListItem\",\"position\":2,\"name\":\"Shop\",\"item\":\"https:\\\/\\\/407artfoundation.org\\\/shop\\\/\"},{\"@type\":\"ListItem\",\"position\":3,\"name\":\"Wojciech Cie\u015bniewski &#8211; kolekcja gwaszy &#8211; 5.000 PLN\"}]},{\"@type\":\"WebSite\",\"@id\":\"https:\\\/\\\/407artfoundation.org\\\/#website\",\"url\":\"https:\\\/\\\/407artfoundation.org\\\/\",\"name\":\"407artfoundation.org\",\"description\":\"Promujemy polsk\u0105 sztuk\u0119 i kultur\u0119. \u0141\u0105czymy artyst\u00f3w z kolekcjonerami. Pomagamy budowa\u0107 warto\u015bciowe kolekcje sztuki. Organizujemy wyj\u0105tkowe wystawy w ramach cyklu &quot;Sztuka na Z\u0142otej44&quot;. Wspieramy inne organizacje i instytucje dzia\u0142aj\u0105ce na rzecz szerzenia kultury.\",\"potentialAction\":[{\"@type\":\"SearchAction\",\"target\":{\"@type\":\"EntryPoint\",\"urlTemplate\":\"https:\\\/\\\/407artfoundation.org\\\/?s={search_term_string}\"},\"query-input\":{\"@type\":\"PropertyValueSpecification\",\"valueRequired\":true,\"valueName\":\"search_term_string\"}}],\"inLanguage\":\"en-GB\"}]}<\/script>\n<!-- \/ Yoast SEO plugin. -->","yoast_head_json":{"title":"Wojciech Cie\u015bniewski - kolekcja gwaszy - 5.000 PLN - 407artfoundation.org","description":"Oryginalne szkice, gwasze, kolarze Wojciecha Cie\u015bniewskiego z okresu tw\u00f3rczego 1986. Nigdy nie powielane w formie print\u00f3w. Wysoka warto\u015b\u0107 kolekcjonerska.","robots":{"index":"index","follow":"follow","max-snippet":"max-snippet:-1","max-image-preview":"max-image-preview:large","max-video-preview":"max-video-preview:-1"},"canonical":"https:\/\/407artfoundation.org\/en_gb\/product\/wojciech-ciesniewski-gwasze\/","og_locale":"en_GB","og_type":"article","og_title":"Wojciech Cie\u015bniewski - kolekcja gwaszy - 5.000 PLN - 407artfoundation.org","og_description":"Oryginalne szkice, gwasze, kolarze Wojciecha Cie\u015bniewskiego z okresu tw\u00f3rczego 1986. Nigdy nie powielane w formie print\u00f3w. Wysoka warto\u015b\u0107 kolekcjonerska.","og_url":"https:\/\/407artfoundation.org\/en_gb\/product\/wojciech-ciesniewski-gwasze\/","og_site_name":"407artfoundation.org","article_modified_time":"2026-01-17T14:35:09+00:00","og_image":[{"width":860,"height":858,"url":"http:\/\/407artfoundation.org\/wp-content\/uploads\/2026\/01\/Aldona-small-1.jpg","type":"image\/jpeg"}],"twitter_card":"summary_large_image","twitter_misc":{"Estimated reading time":"3 minutes"},"schema":{"@context":"https:\/\/schema.org","@graph":[{"@type":"WebPage","@id":"https:\/\/407artfoundation.org\/product\/wojciech-ciesniewski-gwasze\/","url":"https:\/\/407artfoundation.org\/product\/wojciech-ciesniewski-gwasze\/","name":"Wojciech Cie\u015bniewski - kolekcja gwaszy - 5.000 PLN - 407artfoundation.org","isPartOf":{"@id":"https:\/\/407artfoundation.org\/#website"},"primaryImageOfPage":{"@id":"https:\/\/407artfoundation.org\/product\/wojciech-ciesniewski-gwasze\/#primaryimage"},"image":{"@id":"https:\/\/407artfoundation.org\/product\/wojciech-ciesniewski-gwasze\/#primaryimage"},"thumbnailUrl":"https:\/\/407artfoundation.org\/wp-content\/uploads\/2026\/01\/Aldona-small-1.jpg","datePublished":"2026-01-17T14:25:10+00:00","dateModified":"2026-01-17T14:35:09+00:00","description":"Oryginalne szkice, gwasze, kolarze Wojciecha Cie\u015bniewskiego z okresu tw\u00f3rczego 1986. Nigdy nie powielane w formie print\u00f3w. Wysoka warto\u015b\u0107 kolekcjonerska.","breadcrumb":{"@id":"https:\/\/407artfoundation.org\/product\/wojciech-ciesniewski-gwasze\/#breadcrumb"},"inLanguage":"en-GB","potentialAction":[{"@type":"ReadAction","target":["https:\/\/407artfoundation.org\/product\/wojciech-ciesniewski-gwasze\/"]}]},{"@type":"ImageObject","inLanguage":"en-GB","@id":"https:\/\/407artfoundation.org\/product\/wojciech-ciesniewski-gwasze\/#primaryimage","url":"https:\/\/407artfoundation.org\/wp-content\/uploads\/2026\/01\/Aldona-small-1.jpg","contentUrl":"https:\/\/407artfoundation.org\/wp-content\/uploads\/2026\/01\/Aldona-small-1.jpg","width":860,"height":858,"caption":"Wojciech Cie\u015bniewski Aldona"},{"@type":"BreadcrumbList","@id":"https:\/\/407artfoundation.org\/product\/wojciech-ciesniewski-gwasze\/#breadcrumb","itemListElement":[{"@type":"ListItem","position":1,"name":"Home","item":"https:\/\/407artfoundation.org\/"},{"@type":"ListItem","position":2,"name":"Shop","item":"https:\/\/407artfoundation.org\/shop\/"},{"@type":"ListItem","position":3,"name":"Wojciech Cie\u015bniewski &#8211; kolekcja gwaszy &#8211; 5.000 PLN"}]},{"@type":"WebSite","@id":"https:\/\/407artfoundation.org\/#website","url":"https:\/\/407artfoundation.org\/","name":"407artfoundation.org","description":"Promujemy polsk\u0105 sztuk\u0119 i kultur\u0119. \u0141\u0105czymy artyst\u00f3w z kolekcjonerami. Pomagamy budowa\u0107 warto\u015bciowe kolekcje sztuki. Organizujemy wyj\u0105tkowe wystawy w ramach cyklu &quot;Sztuka na Z\u0142otej44&quot;. Wspieramy inne organizacje i instytucje dzia\u0142aj\u0105ce na rzecz szerzenia kultury.","potentialAction":[{"@type":"SearchAction","target":{"@type":"EntryPoint","urlTemplate":"https:\/\/407artfoundation.org\/?s={search_term_string}"},"query-input":{"@type":"PropertyValueSpecification","valueRequired":true,"valueName":"search_term_string"}}],"inLanguage":"en-GB"}]}},"_links":{"self":[{"href":"https:\/\/407artfoundation.org\/en_gb\/wp-json\/wp\/v2\/product\/3509","targetHints":{"allow":["GET"]}}],"collection":[{"href":"https:\/\/407artfoundation.org\/en_gb\/wp-json\/wp\/v2\/product"}],"about":[{"href":"https:\/\/407artfoundation.org\/en_gb\/wp-json\/wp\/v2\/types\/product"}],"replies":[{"embeddable":true,"href":"https:\/\/407artfoundation.org\/en_gb\/wp-json\/wp\/v2\/comments?post=3509"}],"wp:featuredmedia":[{"embeddable":true,"href":"https:\/\/407artfoundation.org\/en_gb\/wp-json\/wp\/v2\/media\/3519"}],"wp:attachment":[{"href":"https:\/\/407artfoundation.org\/en_gb\/wp-json\/wp\/v2\/media?parent=3509"}],"wp:term":[{"taxonomy":"product_brand","embeddable":true,"href":"https:\/\/407artfoundation.org\/en_gb\/wp-json\/wp\/v2\/product_brand?post=3509"},{"taxonomy":"product_cat","embeddable":true,"href":"https:\/\/407artfoundation.org\/en_gb\/wp-json\/wp\/v2\/product_cat?post=3509"},{"taxonomy":"product_tag","embeddable":true,"href":"https:\/\/407artfoundation.org\/en_gb\/wp-json\/wp\/v2\/product_tag?post=3509"}],"curies":[{"name":"wp","href":"https:\/\/api.w.org\/{rel}","templated":true}]}}