{"id":3096,"date":"2025-07-14T10:59:31","date_gmt":"2025-07-14T08:59:31","guid":{"rendered":"https:\/\/407artfoundation.org\/?post_type=product&#038;p=3096"},"modified":"2026-04-07T15:06:49","modified_gmt":"2026-04-07T13:06:49","slug":"klaudia-krzosek-swift2","status":"publish","type":"product","link":"https:\/\/407artfoundation.org\/en_gb\/product\/klaudia-krzosek-swift2\/","title":{"rendered":"Klaudia Krzosek &#8211; Swift2 &#8211; 18.000 PLN"},"content":{"rendered":"<div class=\"wp-playlist wp-audio-playlist wp-playlist-light\">\n\t\t\t<div class=\"wp-playlist-current-item\"><\/div>\n\t\t<audio controls=\"controls\" preload=\"none\" width=\"778\"\n\t\t\t><\/audio>\n\t<div class=\"wp-playlist-next\"><\/div>\n\t<div class=\"wp-playlist-prev\"><\/div>\n\t<noscript>\n\t<ol>\n\t\t<li><a href='https:\/\/407artfoundation.org\/wp-content\/uploads\/2025\/12\/Klaudia-Krzosek_-Polska-Abstrakcja.mp3'>Klaudia Krzosek_ Polska Abstrakcja<\/a><\/li>\t<\/ol>\n\t<\/noscript>\n\t<script type=\"application\/json\" class=\"wp-playlist-script\">{\"type\":\"audio\",\"tracklist\":true,\"tracknumbers\":true,\"images\":true,\"artists\":true,\"tracks\":[{\"src\":\"https:\/\/407artfoundation.org\/wp-content\/uploads\/2025\/12\/Klaudia-Krzosek_-Polska-Abstrakcja.mp3\",\"type\":\"audio\/mpeg\",\"title\":\"Klaudia Krzosek_ Polska Abstrakcja\",\"caption\":\"Opis tw\\u00f3rczo\\u015bci Klaudii Krzosek\",\"description\":\"\\\"Klaudia Krzosek_ Polska Abstrakcja\\\".\",\"meta\":{\"artist\":\"Aron Pude\\u0142ko\",\"length_formatted\":\"2:38\"},\"image\":{\"src\":\"https:\/\/407artfoundation.org\/wp-includes\/images\/media\/audio.svg\",\"width\":48,\"height\":64},\"thumb\":{\"src\":\"https:\/\/407artfoundation.org\/wp-includes\/images\/media\/audio.svg\",\"width\":48,\"height\":64}}]}<\/script>\n<\/div>\n\t\n<p>Klaudia Krzosek (2000)<\/p>\n<p>Swift2 \/ 80 x 80 cm \/ oil on canvas \/ 2025<\/p>\n<h3>DISCOVER THE HISTORY BEHIND THIS ARTWORKS \u2013 <a href=\"https:\/\/open.spotify.com\/episode\/3Z03FX0mveAhSVCQOqkx7y?si=QOyGV7azSOWPPfZjbYRg0A\">LISTEN ON SPOTIFY<\/a><\/h3>\n<p>&nbsp;<\/p>\n<h2 dir=\"ltr\" data-placeholder=\"Translation\" data-ved=\"2ahUKEwic0JrcleeNAxVAR_EDHXS2LJUQ3ewLegQICRAV\" aria-label=\"Translated text: Excerpt from the review: &quot;When you stare at Klaudia Krzosek's paintings, you feel as if you were crossing the border of light. You literally immerse yourself in color. Each line is a fiber of energy, each layer is a frequency of mood, and the center... the center draws you in like a vortex, like a portal to your own imagination. These are not paintings to &quot;watch&quot;. These are paintings that breathe with you. You change the angle of view - they change. Depth appears. Space. Movement. When the light falls differently, the paintings start to live, showing you a different layer, different emotions and a different color. It is art like a pulse - it reacts to the light, to you, for a moment. Once you see a space of blue peace. Another time - pulsating green, or deep red. As if the color told you who you are today. And how you feel. Klaudia does not paint colors - she constructs them. Technical precision goes hand in hand with absolute emotionality. Her paintings are intricately woven structures - thousands of lines, each in a different shades of color that together create something more than a picture. They create an experience.&quot;\">From curator<\/h2>\n<p class=\"tw-data-text tw-text-large tw-ta\" dir=\"ltr\" data-placeholder=\"Translation\" data-ved=\"2ahUKEwic0JrcleeNAxVAR_EDHXS2LJUQ3ewLegQICRAV\" aria-label=\"Translated text: Excerpt from the review: &quot;When you stare at Klaudia Krzosek's paintings, you feel as if you were crossing the border of light. You literally immerse yourself in color. Each line is a fiber of energy, each layer is a frequency of mood, and the center... the center draws you in like a vortex, like a portal to your own imagination. These are not paintings to &quot;watch&quot;. These are paintings that breathe with you. You change the angle of view - they change. Depth appears. Space. Movement. When the light falls differently, the paintings start to live, showing you a different layer, different emotions and a different color. It is art like a pulse - it reacts to the light, to you, for a moment. Once you see a space of blue peace. Another time - pulsating green, or deep red. As if the color told you who you are today. And how you feel. Klaudia does not paint colors - she constructs them. Technical precision goes hand in hand with absolute emotionality. Her paintings are intricately woven structures - thousands of lines, each in a different shades of color that together create something more than a picture. They create an experience.&quot;\"><span class=\"Y2IQFc\" lang=\"en\">&#8220;When you look at Klaudia Krzosek paintings, you feel as if you were crossing the border of light. You literally immerse yourself in color. Each line is a fiber of energy, each layer is a frequency of mood, and the center&#8230; the center draws you in like a vortex, like a portal to your own imagination. These are not paintings to &#8220;watch&#8221;. These are paintings that breathe with you. <\/span><\/p>\n<p class=\"tw-data-text tw-text-large tw-ta\" dir=\"ltr\" data-placeholder=\"Translation\" data-ved=\"2ahUKEwic0JrcleeNAxVAR_EDHXS2LJUQ3ewLegQICRAV\" aria-label=\"Translated text: Excerpt from the review: &quot;When you stare at Klaudia Krzosek's paintings, you feel as if you were crossing the border of light. You literally immerse yourself in color. Each line is a fiber of energy, each layer is a frequency of mood, and the center... the center draws you in like a vortex, like a portal to your own imagination. These are not paintings to &quot;watch&quot;. These are paintings that breathe with you. You change the angle of view - they change. Depth appears. Space. Movement. When the light falls differently, the paintings start to live, showing you a different layer, different emotions and a different color. It is art like a pulse - it reacts to the light, to you, for a moment. Once you see a space of blue peace. Another time - pulsating green, or deep red. As if the color told you who you are today. And how you feel. Klaudia does not paint colors - she constructs them. Technical precision goes hand in hand with absolute emotionality. Her paintings are intricately woven structures - thousands of lines, each in a different shades of color that together create something more than a picture. They create an experience.&quot;\"><span class=\"Y2IQFc\" lang=\"en\">You change the angle of view &#8211; they change. Depth appears. Space. Movement. When the light falls differently, the paintings start to live, showing you a different layer, different emotions and a different color. It is art like a pulse &#8211; it reacts to the light, to you, for a moment. Once you see a space of blue peace. Another time &#8211; pulsating green, or deep red. As if the color told you who you are today. And how you feel. <\/span><\/p>\n<p class=\"tw-data-text tw-text-large tw-ta\" dir=\"ltr\" data-placeholder=\"Translation\" data-ved=\"2ahUKEwic0JrcleeNAxVAR_EDHXS2LJUQ3ewLegQICRAV\" aria-label=\"Translated text: Excerpt from the review: &quot;When you stare at Klaudia Krzosek's paintings, you feel as if you were crossing the border of light. You literally immerse yourself in color. Each line is a fiber of energy, each layer is a frequency of mood, and the center... the center draws you in like a vortex, like a portal to your own imagination. These are not paintings to &quot;watch&quot;. These are paintings that breathe with you. You change the angle of view - they change. Depth appears. Space. Movement. When the light falls differently, the paintings start to live, showing you a different layer, different emotions and a different color. It is art like a pulse - it reacts to the light, to you, for a moment. Once you see a space of blue peace. Another time - pulsating green, or deep red. As if the color told you who you are today. And how you feel. Klaudia does not paint colors - she constructs them. Technical precision goes hand in hand with absolute emotionality. Her paintings are intricately woven structures - thousands of lines, each in a different shades of color that together create something more than a picture. They create an experience.&quot;\"><span class=\"Y2IQFc\" lang=\"en\">Klaudia Krzosek does not paint colors &#8211; she constructs them. Technical precision goes hand in hand with absolute emotionality. Her paintings are intricately woven structures &#8211; thousands of lines, each in a different shades of color that together create something more than a picture. They create an experience.&#8221; Aron Pude\u0142ko &#8211; curator <\/span><\/p>\n<h2>The New Art Collection by Klaudia Krzosek<\/h2>\n<p><a href=\"https:\/\/407artfoundation.org\/en_gb\/new-project-the-colors-of-color\/\">The Colors of Color exhibition<\/a> feature 30 original works that redefine how we perceive space, color, and our relationship as viewers. <a href=\"https:\/\/407artfoundation.org\/pl\/klaudia-krzosek-artist\/\">Klaudia Krzosek<\/a> and her <a href=\"https:\/\/pl.wikipedia.org\/wiki\/Op-art\">abstract art<\/a> speaks directly to a generation that embraces new media. To a generation driven by energy, curiosity, and hope. We turn our focus to the captivating world of color, light, and the dynamic interplay between the two, inviting a broader conversation about the evolving dimension of abstract art. Abstract art has long served as a space for expanding the boundaries of perception. From the optical illusions of Op Art to contemporary explorations of light and spatial interactions, abstraction continues to challenge and awaken the senses.<\/p>\n","protected":false},"excerpt":{"rendered":"<h2>Klaudia Krzosek<\/h2>\n<p>Swift2 \/ 80 x 80 cm \/ oil on canvas \/ <a href=\"https:\/\/407artfoundation.org\/en_gb\/new-project-the-colors-of-color\/\">&#8220;The Colors of Color&#8221;<\/a> 2025-2026<\/p>\n<p>A part of &#8220;The Colors of Color&#8221; exhibition. Premiere March 2026. More information is <a href=\"https:\/\/407artfoundation.org\/en_gb\/new-project-the-colors-of-color\/\">here<\/a>.<\/p>\n<h2>Meet Klaudia Krzosek<\/h2>\n<p><strong>The Artist, Klaudia Krzosek (2000)<\/strong> &#8211; a\u00a0graduate of the Academy of <a href=\"https:\/\/online2020.asp.waw.pl\/autorzy\/krzosek-klaudia\/\">Fine Arts in Warsaw.<\/a> In 2024 she completed her diploma annex in the painting studio led by Professor <a href=\"https:\/\/pl.wikipedia.org\/wiki\/Andrzej_Zwierzchowski\">Andrzej Zwierzchowski<\/a>. While still a student, she took part in many group exhibitions. Her individual exhibition \u201cBreak on through\u201d (2023) showed that she can combine technical precision with emotional depth in a unique way. Klaudia Krzosek\u2019s works are distinguished by their unique style. She can build mood through subtle plays of light and shadow and the intensity of color accents.<\/p>\n<p>&nbsp;<\/p>\n","protected":false},"featured_media":3097,"comment_status":"open","ping_status":"closed","template":"","meta":{"give_campaign_id":0},"product_brand":[],"product_cat":[178],"product_tag":[187,186,204,185,179,180,182,183,184,181],"class_list":{"0":"post-3096","1":"product","2":"type-product","3":"status-publish","4":"has-post-thumbnail","6":"product_cat-the-colors-of-color","7":"product_tag-krzosek-abstrakcja","8":"product_tag-krzosek-obrazy","9":"product_tag-swift2","10":"product_tag-investinart","11":"product_tag-klaudiakrzosek","12":"product_tag-krzosek","13":"product_tag-krzosek-obraz","14":"product_tag-krzosek-obrazy-do-kupna","15":"product_tag-op-art","16":"product_tag-thecolorsofcolor","18":"first","19":"instock","20":"shipping-taxable","21":"purchasable","22":"product-type-simple"},"yoast_head":"<!-- This site is optimized with the Yoast SEO plugin v27.5 - https:\/\/yoast.com\/product\/yoast-seo-wordpress\/ -->\n<title>Klaudia Krzosek - Swift2 - 18.000 PLN - 407artfoundation.org<\/title>\n<meta name=\"description\" content=\"Wyj\u0105tkowy obraz &quot;Swift2&quot; 80x80 cm Klaudii Krzosek. Jest cz\u0119\u015bci\u0105 wystawy &quot;The Colors of Color&quot;. Dost\u0119pny w przedsprzeda\u017cy. Premiera wystawy - 03.2026\" \/>\n<meta name=\"robots\" content=\"index, follow, max-snippet:-1, max-image-preview:large, max-video-preview:-1\" \/>\n<link rel=\"canonical\" href=\"https:\/\/407artfoundation.org\/en_gb\/product\/klaudia-krzosek-swift2\/\" \/>\n<meta property=\"og:locale\" content=\"en_GB\" \/>\n<meta property=\"og:type\" content=\"article\" \/>\n<meta property=\"og:title\" content=\"Klaudia Krzosek - Swift2 - 18.000 PLN - 407artfoundation.org\" \/>\n<meta property=\"og:description\" content=\"Wyj\u0105tkowy obraz &quot;Swift2&quot; 80x80 cm Klaudii Krzosek. Jest cz\u0119\u015bci\u0105 wystawy &quot;The Colors of Color&quot;. Dost\u0119pny w przedsprzeda\u017cy. Premiera wystawy - 03.2026\" \/>\n<meta property=\"og:url\" content=\"https:\/\/407artfoundation.org\/en_gb\/product\/klaudia-krzosek-swift2\/\" \/>\n<meta property=\"og:site_name\" content=\"407artfoundation.org\" \/>\n<meta property=\"article:modified_time\" content=\"2026-04-07T13:06:49+00:00\" \/>\n<meta property=\"og:image\" content=\"http:\/\/407artfoundation.org\/wp-content\/uploads\/2025\/07\/Swift-2_80x80-scaled.jpg\" \/>\n\t<meta property=\"og:image:width\" content=\"2560\" \/>\n\t<meta property=\"og:image:height\" content=\"2550\" \/>\n\t<meta property=\"og:image:type\" content=\"image\/jpeg\" \/>\n<meta name=\"twitter:card\" content=\"summary_large_image\" \/>\n<meta name=\"twitter:label1\" content=\"Estimated reading time\" \/>\n\t<meta name=\"twitter:data1\" content=\"2 minutes\" \/>\n<script type=\"application\/ld+json\" class=\"yoast-schema-graph\">{\"@context\":\"https:\\\/\\\/schema.org\",\"@graph\":[{\"@type\":\"WebPage\",\"@id\":\"https:\\\/\\\/407artfoundation.org\\\/product\\\/klaudia-krzosek-swift2\\\/\",\"url\":\"https:\\\/\\\/407artfoundation.org\\\/product\\\/klaudia-krzosek-swift2\\\/\",\"name\":\"Klaudia Krzosek - Swift2 - 18.000 PLN - 407artfoundation.org\",\"isPartOf\":{\"@id\":\"https:\\\/\\\/407artfoundation.org\\\/#website\"},\"primaryImageOfPage\":{\"@id\":\"https:\\\/\\\/407artfoundation.org\\\/product\\\/klaudia-krzosek-swift2\\\/#primaryimage\"},\"image\":{\"@id\":\"https:\\\/\\\/407artfoundation.org\\\/product\\\/klaudia-krzosek-swift2\\\/#primaryimage\"},\"thumbnailUrl\":\"https:\\\/\\\/407artfoundation.org\\\/wp-content\\\/uploads\\\/2025\\\/07\\\/Swift-2_80x80-scaled.jpg\",\"datePublished\":\"2025-07-14T08:59:31+00:00\",\"dateModified\":\"2026-04-07T13:06:49+00:00\",\"description\":\"Wyj\u0105tkowy obraz \\\"Swift2\\\" 80x80 cm Klaudii Krzosek. Jest cz\u0119\u015bci\u0105 wystawy \\\"The Colors of Color\\\". Dost\u0119pny w przedsprzeda\u017cy. Premiera wystawy - 03.2026\",\"breadcrumb\":{\"@id\":\"https:\\\/\\\/407artfoundation.org\\\/product\\\/klaudia-krzosek-swift2\\\/#breadcrumb\"},\"inLanguage\":\"en-GB\",\"potentialAction\":[{\"@type\":\"ReadAction\",\"target\":[\"https:\\\/\\\/407artfoundation.org\\\/product\\\/klaudia-krzosek-swift2\\\/\"]}]},{\"@type\":\"ImageObject\",\"inLanguage\":\"en-GB\",\"@id\":\"https:\\\/\\\/407artfoundation.org\\\/product\\\/klaudia-krzosek-swift2\\\/#primaryimage\",\"url\":\"https:\\\/\\\/407artfoundation.org\\\/wp-content\\\/uploads\\\/2025\\\/07\\\/Swift-2_80x80-scaled.jpg\",\"contentUrl\":\"https:\\\/\\\/407artfoundation.org\\\/wp-content\\\/uploads\\\/2025\\\/07\\\/Swift-2_80x80-scaled.jpg\",\"width\":2560,\"height\":2550,\"caption\":\"\\\"Swift II\\\" Klaudia Krzosek\"},{\"@type\":\"BreadcrumbList\",\"@id\":\"https:\\\/\\\/407artfoundation.org\\\/product\\\/klaudia-krzosek-swift2\\\/#breadcrumb\",\"itemListElement\":[{\"@type\":\"ListItem\",\"position\":1,\"name\":\"Home\",\"item\":\"https:\\\/\\\/407artfoundation.org\\\/\"},{\"@type\":\"ListItem\",\"position\":2,\"name\":\"Shop\",\"item\":\"https:\\\/\\\/407artfoundation.org\\\/shop\\\/\"},{\"@type\":\"ListItem\",\"position\":3,\"name\":\"Klaudia Krzosek &#8211; Swift2 &#8211; 18.000 PLN\"}]},{\"@type\":\"WebSite\",\"@id\":\"https:\\\/\\\/407artfoundation.org\\\/#website\",\"url\":\"https:\\\/\\\/407artfoundation.org\\\/\",\"name\":\"407artfoundation.org\",\"description\":\"Promujemy polsk\u0105 sztuk\u0119 i kultur\u0119. \u0141\u0105czymy artyst\u00f3w z kolekcjonerami. Pomagamy budowa\u0107 warto\u015bciowe kolekcje sztuki. Organizujemy wyj\u0105tkowe wystawy w ramach cyklu &quot;Sztuka na Z\u0142otej44&quot;. Wspieramy inne organizacje i instytucje dzia\u0142aj\u0105ce na rzecz szerzenia kultury.\",\"potentialAction\":[{\"@type\":\"SearchAction\",\"target\":{\"@type\":\"EntryPoint\",\"urlTemplate\":\"https:\\\/\\\/407artfoundation.org\\\/?s={search_term_string}\"},\"query-input\":{\"@type\":\"PropertyValueSpecification\",\"valueRequired\":true,\"valueName\":\"search_term_string\"}}],\"inLanguage\":\"en-GB\"}]}<\/script>\n<!-- \/ Yoast SEO plugin. -->","yoast_head_json":{"title":"Klaudia Krzosek - Swift2 - 18.000 PLN - 407artfoundation.org","description":"Wyj\u0105tkowy obraz \"Swift2\" 80x80 cm Klaudii Krzosek. Jest cz\u0119\u015bci\u0105 wystawy \"The Colors of Color\". Dost\u0119pny w przedsprzeda\u017cy. Premiera wystawy - 03.2026","robots":{"index":"index","follow":"follow","max-snippet":"max-snippet:-1","max-image-preview":"max-image-preview:large","max-video-preview":"max-video-preview:-1"},"canonical":"https:\/\/407artfoundation.org\/en_gb\/product\/klaudia-krzosek-swift2\/","og_locale":"en_GB","og_type":"article","og_title":"Klaudia Krzosek - Swift2 - 18.000 PLN - 407artfoundation.org","og_description":"Wyj\u0105tkowy obraz \"Swift2\" 80x80 cm Klaudii Krzosek. Jest cz\u0119\u015bci\u0105 wystawy \"The Colors of Color\". Dost\u0119pny w przedsprzeda\u017cy. Premiera wystawy - 03.2026","og_url":"https:\/\/407artfoundation.org\/en_gb\/product\/klaudia-krzosek-swift2\/","og_site_name":"407artfoundation.org","article_modified_time":"2026-04-07T13:06:49+00:00","og_image":[{"width":2560,"height":2550,"url":"http:\/\/407artfoundation.org\/wp-content\/uploads\/2025\/07\/Swift-2_80x80-scaled.jpg","type":"image\/jpeg"}],"twitter_card":"summary_large_image","twitter_misc":{"Estimated reading time":"2 minutes"},"schema":{"@context":"https:\/\/schema.org","@graph":[{"@type":"WebPage","@id":"https:\/\/407artfoundation.org\/product\/klaudia-krzosek-swift2\/","url":"https:\/\/407artfoundation.org\/product\/klaudia-krzosek-swift2\/","name":"Klaudia Krzosek - Swift2 - 18.000 PLN - 407artfoundation.org","isPartOf":{"@id":"https:\/\/407artfoundation.org\/#website"},"primaryImageOfPage":{"@id":"https:\/\/407artfoundation.org\/product\/klaudia-krzosek-swift2\/#primaryimage"},"image":{"@id":"https:\/\/407artfoundation.org\/product\/klaudia-krzosek-swift2\/#primaryimage"},"thumbnailUrl":"https:\/\/407artfoundation.org\/wp-content\/uploads\/2025\/07\/Swift-2_80x80-scaled.jpg","datePublished":"2025-07-14T08:59:31+00:00","dateModified":"2026-04-07T13:06:49+00:00","description":"Wyj\u0105tkowy obraz \"Swift2\" 80x80 cm Klaudii Krzosek. Jest cz\u0119\u015bci\u0105 wystawy \"The Colors of Color\". Dost\u0119pny w przedsprzeda\u017cy. Premiera wystawy - 03.2026","breadcrumb":{"@id":"https:\/\/407artfoundation.org\/product\/klaudia-krzosek-swift2\/#breadcrumb"},"inLanguage":"en-GB","potentialAction":[{"@type":"ReadAction","target":["https:\/\/407artfoundation.org\/product\/klaudia-krzosek-swift2\/"]}]},{"@type":"ImageObject","inLanguage":"en-GB","@id":"https:\/\/407artfoundation.org\/product\/klaudia-krzosek-swift2\/#primaryimage","url":"https:\/\/407artfoundation.org\/wp-content\/uploads\/2025\/07\/Swift-2_80x80-scaled.jpg","contentUrl":"https:\/\/407artfoundation.org\/wp-content\/uploads\/2025\/07\/Swift-2_80x80-scaled.jpg","width":2560,"height":2550,"caption":"\"Swift II\" Klaudia Krzosek"},{"@type":"BreadcrumbList","@id":"https:\/\/407artfoundation.org\/product\/klaudia-krzosek-swift2\/#breadcrumb","itemListElement":[{"@type":"ListItem","position":1,"name":"Home","item":"https:\/\/407artfoundation.org\/"},{"@type":"ListItem","position":2,"name":"Shop","item":"https:\/\/407artfoundation.org\/shop\/"},{"@type":"ListItem","position":3,"name":"Klaudia Krzosek &#8211; Swift2 &#8211; 18.000 PLN"}]},{"@type":"WebSite","@id":"https:\/\/407artfoundation.org\/#website","url":"https:\/\/407artfoundation.org\/","name":"407artfoundation.org","description":"Promujemy polsk\u0105 sztuk\u0119 i kultur\u0119. \u0141\u0105czymy artyst\u00f3w z kolekcjonerami. Pomagamy budowa\u0107 warto\u015bciowe kolekcje sztuki. Organizujemy wyj\u0105tkowe wystawy w ramach cyklu &quot;Sztuka na Z\u0142otej44&quot;. Wspieramy inne organizacje i instytucje dzia\u0142aj\u0105ce na rzecz szerzenia kultury.","potentialAction":[{"@type":"SearchAction","target":{"@type":"EntryPoint","urlTemplate":"https:\/\/407artfoundation.org\/?s={search_term_string}"},"query-input":{"@type":"PropertyValueSpecification","valueRequired":true,"valueName":"search_term_string"}}],"inLanguage":"en-GB"}]}},"_links":{"self":[{"href":"https:\/\/407artfoundation.org\/en_gb\/wp-json\/wp\/v2\/product\/3096","targetHints":{"allow":["GET"]}}],"collection":[{"href":"https:\/\/407artfoundation.org\/en_gb\/wp-json\/wp\/v2\/product"}],"about":[{"href":"https:\/\/407artfoundation.org\/en_gb\/wp-json\/wp\/v2\/types\/product"}],"replies":[{"embeddable":true,"href":"https:\/\/407artfoundation.org\/en_gb\/wp-json\/wp\/v2\/comments?post=3096"}],"wp:featuredmedia":[{"embeddable":true,"href":"https:\/\/407artfoundation.org\/en_gb\/wp-json\/wp\/v2\/media\/3097"}],"wp:attachment":[{"href":"https:\/\/407artfoundation.org\/en_gb\/wp-json\/wp\/v2\/media?parent=3096"}],"wp:term":[{"taxonomy":"product_brand","embeddable":true,"href":"https:\/\/407artfoundation.org\/en_gb\/wp-json\/wp\/v2\/product_brand?post=3096"},{"taxonomy":"product_cat","embeddable":true,"href":"https:\/\/407artfoundation.org\/en_gb\/wp-json\/wp\/v2\/product_cat?post=3096"},{"taxonomy":"product_tag","embeddable":true,"href":"https:\/\/407artfoundation.org\/en_gb\/wp-json\/wp\/v2\/product_tag?post=3096"}],"curies":[{"name":"wp","href":"https:\/\/api.w.org\/{rel}","templated":true}]}}