{"id":583,"date":"2023-12-21T08:55:55","date_gmt":"2023-12-21T08:55:55","guid":{"rendered":"https:\/\/407artfoundation.org\/basket\/"},"modified":"2023-12-21T08:55:55","modified_gmt":"2023-12-21T08:55:55","slug":"basket","status":"publish","type":"page","link":"https:\/\/407artfoundation.org\/en_gb\/basket\/","title":{"rendered":"Basket"},"content":{"rendered":"\n<div data-block-name=\"woocommerce\/cart\" class=\"wp-block-woocommerce-cart alignwide is-loading\">\n<div data-block-name=\"woocommerce\/filled-cart-block\" class=\"wp-block-woocommerce-filled-cart-block\">\n<div data-block-name=\"woocommerce\/cart-items-block\" class=\"wp-block-woocommerce-cart-items-block\">\n<div data-block-name=\"woocommerce\/cart-line-items-block\" class=\"wp-block-woocommerce-cart-line-items-block\"><\/div>\n\n\n\n<div data-block-name=\"woocommerce\/cart-cross-sells-block\" class=\"wp-block-woocommerce-cart-cross-sells-block\">\n<h2 class=\"wp-block-heading has-large-font-size\">You may be interested in\u2026<\/h2>\n\n\n\n<div data-block-name=\"woocommerce\/cart-cross-sells-products-block\" class=\"wp-block-woocommerce-cart-cross-sells-products-block\"><\/div>\n<\/div>\n<\/div>\n\n\n\n<div data-block-name=\"woocommerce\/cart-totals-block\" class=\"wp-block-woocommerce-cart-totals-block\">\n<div data-block-name=\"woocommerce\/cart-order-summary-block\" class=\"wp-block-woocommerce-cart-order-summary-block\">\n<div data-block-name=\"woocommerce\/cart-order-summary-heading-block\" class=\"wp-block-woocommerce-cart-order-summary-heading-block\"><\/div><div data-block-name=\"woocommerce\/cart-order-summary-coupon-form-block\" class=\"wp-block-woocommerce-cart-order-summary-coupon-form-block\"><\/div><div data-block-name=\"woocommerce\/cart-order-summary-totals-block\" class=\"wp-block-woocommerce-cart-order-summary-totals-block\">\n<div data-block-name=\"woocommerce\/cart-order-summary-subtotal-block\" class=\"wp-block-woocommerce-cart-order-summary-subtotal-block\"><\/div>\n<div data-block-name=\"woocommerce\/cart-order-summary-discount-block\" class=\"wp-block-woocommerce-cart-order-summary-discount-block\"><\/div>\n<div data-block-name=\"woocommerce\/cart-order-summary-fee-block\" class=\"wp-block-woocommerce-cart-order-summary-fee-block\"><\/div>\n<div data-block-name=\"woocommerce\/cart-order-summary-shipping-block\" class=\"wp-block-woocommerce-cart-order-summary-shipping-block\"><\/div>\n<div data-block-name=\"woocommerce\/cart-order-summary-taxes-block\" class=\"wp-block-woocommerce-cart-order-summary-taxes-block\"><\/div><\/div>\n<\/div>\n\n\n\n<div data-block-name=\"woocommerce\/cart-express-payment-block\" class=\"wp-block-woocommerce-cart-express-payment-block\"><\/div>\n\n\n\n<div data-block-name=\"woocommerce\/proceed-to-checkout-block\" class=\"wp-block-woocommerce-proceed-to-checkout-block\"><\/div>\n\n\n\n<div data-block-name=\"woocommerce\/cart-accepted-payment-methods-block\" class=\"wp-block-woocommerce-cart-accepted-payment-methods-block\"><\/div>\n<\/div>\n<\/div>\n\n\n\n<div data-block-name=\"woocommerce\/empty-cart-block\" class=\"wp-block-woocommerce-empty-cart-block\">\n<h2 class=\"wp-block-heading has-text-align-center with-empty-cart-icon wc-block-cart__empty-cart__title\">Your basket is currently empty!<\/h2>\n\n\n\n<hr class=\"wp-block-separator has-alpha-channel-opacity is-style-dots\"\/>\n\n\n\n<h2 class=\"wp-block-heading has-text-align-center\">New in store<\/h2>\n\n\n<div data-block-name=\"woocommerce\/product-new\" data-columns=\"4\" data-rows=\"1\" class=\"wc-block-grid wp-block-product-new wp-block-woocommerce-product-new wc-block-product-new has-4-columns\"><ul class=\"wc-block-grid__products\"><li class=\"wc-block-grid__product\">\n\t\t\t\t<a href=\"https:\/\/407artfoundation.org\/en_gb\/product\/klaudia-krzosek-etacarinaeb\/\" class=\"wc-block-grid__product-link\">\n\t\t\t\t\t\n\t\t\t\t\t<div class=\"wc-block-grid__product-image\"><img fetchpriority=\"high\" decoding=\"async\" width=\"300\" height=\"300\" src=\"https:\/\/407artfoundation.org\/wp-content\/uploads\/2026\/03\/Eta_Carinae_B_100x100-300x300.jpg\" class=\"attachment-woocommerce_thumbnail size-woocommerce_thumbnail\" alt=\"Klaudia_Krzosek_EtaCarinaeB\" srcset=\"https:\/\/407artfoundation.org\/wp-content\/uploads\/2026\/03\/Eta_Carinae_B_100x100-300x300.jpg 300w, https:\/\/407artfoundation.org\/wp-content\/uploads\/2026\/03\/Eta_Carinae_B_100x100-1024x1024.jpg 1024w, https:\/\/407artfoundation.org\/wp-content\/uploads\/2026\/03\/Eta_Carinae_B_100x100-150x150.jpg 150w, https:\/\/407artfoundation.org\/wp-content\/uploads\/2026\/03\/Eta_Carinae_B_100x100-768x768.jpg 768w, https:\/\/407artfoundation.org\/wp-content\/uploads\/2026\/03\/Eta_Carinae_B_100x100-1536x1536.jpg 1536w, https:\/\/407artfoundation.org\/wp-content\/uploads\/2026\/03\/Eta_Carinae_B_100x100-2048x2048.jpg 2048w, https:\/\/407artfoundation.org\/wp-content\/uploads\/2026\/03\/Eta_Carinae_B_100x100-12x12.jpg 12w, https:\/\/407artfoundation.org\/wp-content\/uploads\/2026\/03\/Eta_Carinae_B_100x100-600x600.jpg 600w, https:\/\/407artfoundation.org\/wp-content\/uploads\/2026\/03\/Eta_Carinae_B_100x100-100x100.jpg 100w\" sizes=\"(max-width: 300px) 100vw, 300px\" \/><\/div>\n\t\t\t\t\t<div class=\"wc-block-grid__product-title\">Klaudia Krzosek &#8211; EtaCarinaeB &#8211; 26.000 PLN<\/div>\n\t\t\t\t<\/a>\n\t\t\t\t<div class=\"wc-block-grid__product-price price\"><span class=\"woocommerce-Price-amount amount\"><bdi>26000,00&nbsp;<span class=\"woocommerce-Price-currencySymbol\">&#122;&#322;<\/span><\/bdi><\/span><\/div>\n\t\t\t\t\n\t\t\t\t<div class=\"wp-block-button wc-block-grid__product-add-to-cart\"><a href=\"\/en_gb\/wp-json\/wp\/v2\/pages\/583?add-to-cart=3630\" aria-label=\"Add to basket: &ldquo;Klaudia Krzosek - EtaCarinaeB - 26.000 PLN&rdquo;\" data-quantity=\"1\" data-product_id=\"3630\" data-product_sku=\"\" data-price=\"26000\" rel=\"nofollow\" class=\"wp-block-button__link  add_to_cart_button ajax_add_to_cart\">Add to basket<\/a><\/div>\n\t\t\t<\/li><li class=\"wc-block-grid__product\">\n\t\t\t\t<a href=\"https:\/\/407artfoundation.org\/en_gb\/product\/klaudia-krzosek-procjon\/\" class=\"wc-block-grid__product-link\">\n\t\t\t\t\t\n\t\t\t\t\t<div class=\"wc-block-grid__product-image\"><img decoding=\"async\" width=\"300\" height=\"300\" src=\"https:\/\/407artfoundation.org\/wp-content\/uploads\/2026\/03\/Procjon_KlaudiaKrzosek_80x80-300x300.jpg\" class=\"attachment-woocommerce_thumbnail size-woocommerce_thumbnail\" alt=\"Procjon_80x80_KlaudiaKrzosek\" srcset=\"https:\/\/407artfoundation.org\/wp-content\/uploads\/2026\/03\/Procjon_KlaudiaKrzosek_80x80-300x300.jpg 300w, https:\/\/407artfoundation.org\/wp-content\/uploads\/2026\/03\/Procjon_KlaudiaKrzosek_80x80-1024x1024.jpg 1024w, https:\/\/407artfoundation.org\/wp-content\/uploads\/2026\/03\/Procjon_KlaudiaKrzosek_80x80-150x150.jpg 150w, https:\/\/407artfoundation.org\/wp-content\/uploads\/2026\/03\/Procjon_KlaudiaKrzosek_80x80-768x768.jpg 768w, https:\/\/407artfoundation.org\/wp-content\/uploads\/2026\/03\/Procjon_KlaudiaKrzosek_80x80-1536x1536.jpg 1536w, https:\/\/407artfoundation.org\/wp-content\/uploads\/2026\/03\/Procjon_KlaudiaKrzosek_80x80-2048x2048.jpg 2048w, https:\/\/407artfoundation.org\/wp-content\/uploads\/2026\/03\/Procjon_KlaudiaKrzosek_80x80-12x12.jpg 12w, https:\/\/407artfoundation.org\/wp-content\/uploads\/2026\/03\/Procjon_KlaudiaKrzosek_80x80-600x600.jpg 600w, https:\/\/407artfoundation.org\/wp-content\/uploads\/2026\/03\/Procjon_KlaudiaKrzosek_80x80-100x100.jpg 100w\" sizes=\"(max-width: 300px) 100vw, 300px\" \/><\/div>\n\t\t\t\t\t<div class=\"wc-block-grid__product-title\">Klaudia Krzosek &#8211; Procjon &#8211; 18.000 PLN<\/div>\n\t\t\t\t<\/a>\n\t\t\t\t<div class=\"wc-block-grid__product-price price\"><span class=\"woocommerce-Price-amount amount\"><bdi>18000,00&nbsp;<span class=\"woocommerce-Price-currencySymbol\">&#122;&#322;<\/span><\/bdi><\/span><\/div>\n\t\t\t\t\n\t\t\t\t<div class=\"wp-block-button wc-block-grid__product-add-to-cart\"><a href=\"\/en_gb\/wp-json\/wp\/v2\/pages\/583?add-to-cart=3625\" aria-label=\"Add to basket: &ldquo;Klaudia Krzosek - Procjon - 18.000 PLN&rdquo;\" data-quantity=\"1\" data-product_id=\"3625\" data-product_sku=\"\" data-price=\"18000\" rel=\"nofollow\" class=\"wp-block-button__link  add_to_cart_button ajax_add_to_cart\">Add to basket<\/a><\/div>\n\t\t\t<\/li><li class=\"wc-block-grid__product\">\n\t\t\t\t<a href=\"https:\/\/407artfoundation.org\/en_gb\/product\/wojciech-ciesniewski-gwasze\/\" class=\"wc-block-grid__product-link\">\n\t\t\t\t\t\n\t\t\t\t\t<div class=\"wc-block-grid__product-image\"><img decoding=\"async\" width=\"300\" height=\"300\" src=\"https:\/\/407artfoundation.org\/wp-content\/uploads\/2026\/01\/Aldona-small-1-300x300.jpg\" class=\"attachment-woocommerce_thumbnail size-woocommerce_thumbnail\" alt=\"Wojciech Cie\u015bniewski Aldona\" srcset=\"https:\/\/407artfoundation.org\/wp-content\/uploads\/2026\/01\/Aldona-small-1-300x300.jpg 300w, https:\/\/407artfoundation.org\/wp-content\/uploads\/2026\/01\/Aldona-small-1-150x150.jpg 150w, https:\/\/407artfoundation.org\/wp-content\/uploads\/2026\/01\/Aldona-small-1-768x766.jpg 768w, https:\/\/407artfoundation.org\/wp-content\/uploads\/2026\/01\/Aldona-small-1-12x12.jpg 12w, https:\/\/407artfoundation.org\/wp-content\/uploads\/2026\/01\/Aldona-small-1-600x599.jpg 600w, https:\/\/407artfoundation.org\/wp-content\/uploads\/2026\/01\/Aldona-small-1-100x100.jpg 100w, https:\/\/407artfoundation.org\/wp-content\/uploads\/2026\/01\/Aldona-small-1.jpg 860w\" sizes=\"(max-width: 300px) 100vw, 300px\" \/><\/div>\n\t\t\t\t\t<div class=\"wc-block-grid__product-title\">Wojciech Cie\u015bniewski &#8211; kolekcja gwaszy &#8211; 5.000 PLN<\/div>\n\t\t\t\t<\/a>\n\t\t\t\t<div class=\"wc-block-grid__product-price price\"><span class=\"woocommerce-Price-amount amount\"><bdi>5000,00&nbsp;<span class=\"woocommerce-Price-currencySymbol\">&#122;&#322;<\/span><\/bdi><\/span><\/div>\n\t\t\t\t\n\t\t\t\t<div class=\"wp-block-button wc-block-grid__product-add-to-cart\"><a href=\"\/en_gb\/wp-json\/wp\/v2\/pages\/583?add-to-cart=3509\" aria-label=\"Add to basket: &ldquo;Wojciech Cie\u015bniewski - kolekcja gwaszy - 5.000 PLN&rdquo;\" data-quantity=\"1\" data-product_id=\"3509\" data-product_sku=\"\" data-price=\"5000\" rel=\"nofollow\" class=\"wp-block-button__link  add_to_cart_button ajax_add_to_cart\">Add to basket<\/a><\/div>\n\t\t\t<\/li><li class=\"wc-block-grid__product\">\n\t\t\t\t<a href=\"https:\/\/407artfoundation.org\/en_gb\/product\/klaudia-krzosek-plejady-3-7\/\" class=\"wc-block-grid__product-link\">\n\t\t\t\t\t\n\t\t\t\t\t<div class=\"wc-block-grid__product-image\"><img loading=\"lazy\" decoding=\"async\" width=\"300\" height=\"300\" src=\"https:\/\/407artfoundation.org\/wp-content\/uploads\/2025\/12\/21.-Plejada_3_7_100x100.-1-300x300.jpg\" class=\"attachment-woocommerce_thumbnail size-woocommerce_thumbnail\" alt=\"Klaudia Krzosek &quot;Plejady 3\/7&quot;\" srcset=\"https:\/\/407artfoundation.org\/wp-content\/uploads\/2025\/12\/21.-Plejada_3_7_100x100.-1-300x300.jpg 300w, https:\/\/407artfoundation.org\/wp-content\/uploads\/2025\/12\/21.-Plejada_3_7_100x100.-1-1024x1024.jpg 1024w, https:\/\/407artfoundation.org\/wp-content\/uploads\/2025\/12\/21.-Plejada_3_7_100x100.-1-150x150.jpg 150w, https:\/\/407artfoundation.org\/wp-content\/uploads\/2025\/12\/21.-Plejada_3_7_100x100.-1-768x768.jpg 768w, https:\/\/407artfoundation.org\/wp-content\/uploads\/2025\/12\/21.-Plejada_3_7_100x100.-1-1536x1536.jpg 1536w, https:\/\/407artfoundation.org\/wp-content\/uploads\/2025\/12\/21.-Plejada_3_7_100x100.-1-2048x2048.jpg 2048w, https:\/\/407artfoundation.org\/wp-content\/uploads\/2025\/12\/21.-Plejada_3_7_100x100.-1-12x12.jpg 12w, https:\/\/407artfoundation.org\/wp-content\/uploads\/2025\/12\/21.-Plejada_3_7_100x100.-1-600x600.jpg 600w, https:\/\/407artfoundation.org\/wp-content\/uploads\/2025\/12\/21.-Plejada_3_7_100x100.-1-100x100.jpg 100w\" sizes=\"(max-width: 300px) 100vw, 300px\" \/><\/div>\n\t\t\t\t\t<div class=\"wc-block-grid__product-title\">Klaudia Krzosek &#8211; Plejady 3\/7 &#8211; 23.000 PLN<\/div>\n\t\t\t\t<\/a>\n\t\t\t\t<div class=\"wc-block-grid__product-price price\"><span class=\"woocommerce-Price-amount amount\"><bdi>23000,00&nbsp;<span class=\"woocommerce-Price-currencySymbol\">&#122;&#322;<\/span><\/bdi><\/span><\/div>\n\t\t\t\t\n\t\t\t\t<div class=\"wp-block-button wc-block-grid__product-add-to-cart\"><a href=\"\/en_gb\/wp-json\/wp\/v2\/pages\/583?add-to-cart=3450\" aria-label=\"Add to basket: &ldquo;Klaudia Krzosek - Plejady 3\/7 - 23.000 PLN&rdquo;\" data-quantity=\"1\" data-product_id=\"3450\" data-product_sku=\"\" data-price=\"23000\" rel=\"nofollow\" class=\"wp-block-button__link  add_to_cart_button ajax_add_to_cart\">Add to basket<\/a><\/div>\n\t\t\t<\/li><\/ul><\/div><\/div>\n<\/div>\n","protected":false},"excerpt":{"rendered":"","protected":false},"author":1,"featured_media":0,"parent":0,"menu_order":0,"comment_status":"closed","ping_status":"closed","template":"","meta":{"give_campaign_id":0,"footnotes":""},"class_list":["post-583","page","type-page","status-publish","hentry"],"yoast_head":"<!-- This site is optimized with the Yoast SEO plugin v27.5 - https:\/\/yoast.com\/product\/yoast-seo-wordpress\/ -->\n<title>Basket - 407artfoundation.org<\/title>\n<meta name=\"description\" content=\"\u0141\u0105czymy Artyst\u00f3w i Kolekcjoner\u00f3w. Nasze programy promuj\u0105 polsk\u0105 sztuk\u0119 i kultur\u0119. Organizujemy wyj\u0105tkowe wystawy i kolacje. U nas kupisz obrazy bez prowizji dom\u00f3w aukcyjnych. Do\u0142\u0105cz do 407 Art Foundation.\" \/>\n<meta name=\"robots\" content=\"index, follow, max-snippet:-1, max-image-preview:large, max-video-preview:-1\" \/>\n<link rel=\"canonical\" href=\"https:\/\/407artfoundation.org\/en_gb\/basket\/\" \/>\n<meta property=\"og:locale\" content=\"en_GB\" \/>\n<meta property=\"og:type\" content=\"article\" \/>\n<meta property=\"og:title\" content=\"Basket - 407artfoundation.org\" \/>\n<meta property=\"og:description\" content=\"\u0141\u0105czymy Artyst\u00f3w i Kolekcjoner\u00f3w. Nasze programy promuj\u0105 polsk\u0105 sztuk\u0119 i kultur\u0119. Organizujemy wyj\u0105tkowe wystawy i kolacje. U nas kupisz obrazy bez prowizji dom\u00f3w aukcyjnych. Do\u0142\u0105cz do 407 Art Foundation.\" \/>\n<meta property=\"og:url\" content=\"https:\/\/407artfoundation.org\/en_gb\/basket\/\" \/>\n<meta property=\"og:site_name\" content=\"407artfoundation.org\" \/>\n<meta name=\"twitter:card\" content=\"summary_large_image\" \/>\n<script type=\"application\/ld+json\" class=\"yoast-schema-graph\">{\"@context\":\"https:\\\/\\\/schema.org\",\"@graph\":[{\"@type\":\"WebPage\",\"@id\":\"https:\\\/\\\/407artfoundation.org\\\/basket\\\/\",\"url\":\"https:\\\/\\\/407artfoundation.org\\\/basket\\\/\",\"name\":\"Basket - 407artfoundation.org\",\"isPartOf\":{\"@id\":\"https:\\\/\\\/407artfoundation.org\\\/#website\"},\"datePublished\":\"2023-12-21T08:55:55+00:00\",\"description\":\"\u0141\u0105czymy Artyst\u00f3w i Kolekcjoner\u00f3w. Nasze programy promuj\u0105 polsk\u0105 sztuk\u0119 i kultur\u0119. Organizujemy wyj\u0105tkowe wystawy i kolacje. U nas kupisz obrazy bez prowizji dom\u00f3w aukcyjnych. Do\u0142\u0105cz do 407 Art Foundation.\",\"breadcrumb\":{\"@id\":\"https:\\\/\\\/407artfoundation.org\\\/basket\\\/#breadcrumb\"},\"inLanguage\":\"en-GB\",\"potentialAction\":[{\"@type\":\"ReadAction\",\"target\":[\"https:\\\/\\\/407artfoundation.org\\\/basket\\\/\"]}]},{\"@type\":\"BreadcrumbList\",\"@id\":\"https:\\\/\\\/407artfoundation.org\\\/basket\\\/#breadcrumb\",\"itemListElement\":[{\"@type\":\"ListItem\",\"position\":1,\"name\":\"Home\",\"item\":\"https:\\\/\\\/407artfoundation.org\\\/\"},{\"@type\":\"ListItem\",\"position\":2,\"name\":\"Basket\"}]},{\"@type\":\"WebSite\",\"@id\":\"https:\\\/\\\/407artfoundation.org\\\/#website\",\"url\":\"https:\\\/\\\/407artfoundation.org\\\/\",\"name\":\"407artfoundation.org\",\"description\":\"Promujemy polsk\u0105 sztuk\u0119 i kultur\u0119. \u0141\u0105czymy artyst\u00f3w z kolekcjonerami. Pomagamy budowa\u0107 warto\u015bciowe kolekcje sztuki. Organizujemy wyj\u0105tkowe wystawy w ramach cyklu &quot;Sztuka na Z\u0142otej44&quot;. Wspieramy inne organizacje i instytucje dzia\u0142aj\u0105ce na rzecz szerzenia kultury.\",\"potentialAction\":[{\"@type\":\"SearchAction\",\"target\":{\"@type\":\"EntryPoint\",\"urlTemplate\":\"https:\\\/\\\/407artfoundation.org\\\/?s={search_term_string}\"},\"query-input\":{\"@type\":\"PropertyValueSpecification\",\"valueRequired\":true,\"valueName\":\"search_term_string\"}}],\"inLanguage\":\"en-GB\"}]}<\/script>\n<!-- \/ Yoast SEO plugin. -->","yoast_head_json":{"title":"Basket - 407artfoundation.org","description":"\u0141\u0105czymy Artyst\u00f3w i Kolekcjoner\u00f3w. Nasze programy promuj\u0105 polsk\u0105 sztuk\u0119 i kultur\u0119. Organizujemy wyj\u0105tkowe wystawy i kolacje. U nas kupisz obrazy bez prowizji dom\u00f3w aukcyjnych. Do\u0142\u0105cz do 407 Art Foundation.","robots":{"index":"index","follow":"follow","max-snippet":"max-snippet:-1","max-image-preview":"max-image-preview:large","max-video-preview":"max-video-preview:-1"},"canonical":"https:\/\/407artfoundation.org\/en_gb\/basket\/","og_locale":"en_GB","og_type":"article","og_title":"Basket - 407artfoundation.org","og_description":"\u0141\u0105czymy Artyst\u00f3w i Kolekcjoner\u00f3w. Nasze programy promuj\u0105 polsk\u0105 sztuk\u0119 i kultur\u0119. Organizujemy wyj\u0105tkowe wystawy i kolacje. U nas kupisz obrazy bez prowizji dom\u00f3w aukcyjnych. Do\u0142\u0105cz do 407 Art Foundation.","og_url":"https:\/\/407artfoundation.org\/en_gb\/basket\/","og_site_name":"407artfoundation.org","twitter_card":"summary_large_image","schema":{"@context":"https:\/\/schema.org","@graph":[{"@type":"WebPage","@id":"https:\/\/407artfoundation.org\/basket\/","url":"https:\/\/407artfoundation.org\/basket\/","name":"Basket - 407artfoundation.org","isPartOf":{"@id":"https:\/\/407artfoundation.org\/#website"},"datePublished":"2023-12-21T08:55:55+00:00","description":"\u0141\u0105czymy Artyst\u00f3w i Kolekcjoner\u00f3w. Nasze programy promuj\u0105 polsk\u0105 sztuk\u0119 i kultur\u0119. Organizujemy wyj\u0105tkowe wystawy i kolacje. U nas kupisz obrazy bez prowizji dom\u00f3w aukcyjnych. Do\u0142\u0105cz do 407 Art Foundation.","breadcrumb":{"@id":"https:\/\/407artfoundation.org\/basket\/#breadcrumb"},"inLanguage":"en-GB","potentialAction":[{"@type":"ReadAction","target":["https:\/\/407artfoundation.org\/basket\/"]}]},{"@type":"BreadcrumbList","@id":"https:\/\/407artfoundation.org\/basket\/#breadcrumb","itemListElement":[{"@type":"ListItem","position":1,"name":"Home","item":"https:\/\/407artfoundation.org\/"},{"@type":"ListItem","position":2,"name":"Basket"}]},{"@type":"WebSite","@id":"https:\/\/407artfoundation.org\/#website","url":"https:\/\/407artfoundation.org\/","name":"407artfoundation.org","description":"Promujemy polsk\u0105 sztuk\u0119 i kultur\u0119. \u0141\u0105czymy artyst\u00f3w z kolekcjonerami. Pomagamy budowa\u0107 warto\u015bciowe kolekcje sztuki. Organizujemy wyj\u0105tkowe wystawy w ramach cyklu &quot;Sztuka na Z\u0142otej44&quot;. Wspieramy inne organizacje i instytucje dzia\u0142aj\u0105ce na rzecz szerzenia kultury.","potentialAction":[{"@type":"SearchAction","target":{"@type":"EntryPoint","urlTemplate":"https:\/\/407artfoundation.org\/?s={search_term_string}"},"query-input":{"@type":"PropertyValueSpecification","valueRequired":true,"valueName":"search_term_string"}}],"inLanguage":"en-GB"}]}},"campaignId":"","_links":{"self":[{"href":"https:\/\/407artfoundation.org\/en_gb\/wp-json\/wp\/v2\/pages\/583","targetHints":{"allow":["GET"]}}],"collection":[{"href":"https:\/\/407artfoundation.org\/en_gb\/wp-json\/wp\/v2\/pages"}],"about":[{"href":"https:\/\/407artfoundation.org\/en_gb\/wp-json\/wp\/v2\/types\/page"}],"author":[{"embeddable":true,"href":"https:\/\/407artfoundation.org\/en_gb\/wp-json\/wp\/v2\/users\/1"}],"replies":[{"embeddable":true,"href":"https:\/\/407artfoundation.org\/en_gb\/wp-json\/wp\/v2\/comments?post=583"}],"version-history":[{"count":0,"href":"https:\/\/407artfoundation.org\/en_gb\/wp-json\/wp\/v2\/pages\/583\/revisions"}],"wp:attachment":[{"href":"https:\/\/407artfoundation.org\/en_gb\/wp-json\/wp\/v2\/media?parent=583"}],"curies":[{"name":"wp","href":"https:\/\/api.w.org\/{rel}","templated":true}]}}