{"id":532,"date":"2023-12-21T07:31:26","date_gmt":"2023-12-21T07:31:26","guid":{"rendered":"https:\/\/407artfoundation.org\/?page_id=532"},"modified":"2026-02-17T18:27:56","modified_gmt":"2026-02-17T17:27:56","slug":"donate","status":"publish","type":"page","link":"https:\/\/407artfoundation.org\/en_gb\/donate\/","title":{"rendered":"Donate"},"content":{"rendered":"\t\t<div data-elementor-type=\"wp-page\" data-elementor-id=\"532\" class=\"elementor elementor-532\" data-elementor-post-type=\"page\">\n\t\t\t\t\t\t<section class=\"elementor-section elementor-top-section elementor-element elementor-element-464f5c9 elementor-section-boxed elementor-section-height-default elementor-section-height-default\" data-id=\"464f5c9\" data-element_type=\"section\" data-e-type=\"section\" data-settings=\"{&quot;background_background&quot;:&quot;classic&quot;}\">\n\t\t\t\t\t\t\t<div class=\"elementor-background-overlay\"><\/div>\n\t\t\t\t\t\t\t<div class=\"elementor-container elementor-column-gap-default\">\n\t\t\t\t\t<div class=\"elementor-column elementor-col-100 elementor-top-column elementor-element elementor-element-c0583f0\" data-id=\"c0583f0\" data-element_type=\"column\" data-e-type=\"column\">\n\t\t\t<div class=\"elementor-widget-wrap elementor-element-populated\">\n\t\t\t\t\t\t<div class=\"elementor-element elementor-element-aa54385 elementor-widget elementor-widget-heading\" data-id=\"aa54385\" data-element_type=\"widget\" data-e-type=\"widget\" data-widget_type=\"heading.default\">\n\t\t\t\t<div class=\"elementor-widget-container\">\n\t\t\t\t\t<h2 class=\"elementor-heading-title elementor-size-default\">Donate\n<\/h2>\t\t\t\t<\/div>\n\t\t\t\t<\/div>\n\t\t\t\t\t<\/div>\n\t\t<\/div>\n\t\t\t\t\t<\/div>\n\t\t<\/section>\n\t\t\t\t<section class=\"elementor-section elementor-top-section elementor-element elementor-element-9e1970c elementor-section-content-top elementor-section-boxed elementor-section-height-default elementor-section-height-default\" data-id=\"9e1970c\" data-element_type=\"section\" data-e-type=\"section\" data-settings=\"{&quot;background_background&quot;:&quot;classic&quot;}\">\n\t\t\t\t\t\t<div class=\"elementor-container elementor-column-gap-default\">\n\t\t\t\t\t<div class=\"elementor-column elementor-col-100 elementor-top-column elementor-element elementor-element-4c97ee5\" data-id=\"4c97ee5\" data-element_type=\"column\" data-e-type=\"column\">\n\t\t\t<div class=\"elementor-widget-wrap elementor-element-populated\">\n\t\t\t\t\t\t<div class=\"elementor-element elementor-element-38ed99d elementor-invisible elementor-widget elementor-widget-heading\" data-id=\"38ed99d\" data-element_type=\"widget\" data-e-type=\"widget\" data-settings=\"{&quot;_animation&quot;:&quot;fadeInLeft&quot;}\" data-widget_type=\"heading.default\">\n\t\t\t\t<div class=\"elementor-widget-container\">\n\t\t\t\t\t<h5 class=\"elementor-heading-title elementor-size-default\">Support Us<\/h5>\t\t\t\t<\/div>\n\t\t\t\t<\/div>\n\t\t\t\t<div class=\"elementor-element elementor-element-476b1c6 elementor-widget elementor-widget-text-editor\" data-id=\"476b1c6\" data-element_type=\"widget\" data-e-type=\"widget\" data-widget_type=\"text-editor.default\">\n\t\t\t\t<div class=\"elementor-widget-container\">\n\t\t\t\t\t\t\t\t\t<p>Supporting and Empowering Artists &#8211; Grants and opportunities for Emerging Talents in art<\/p>\t\t\t\t\t\t\t\t<\/div>\n\t\t\t\t<\/div>\n\t\t\t\t<div class=\"elementor-element elementor-element-62c73e3 elementor-invisible elementor-widget elementor-widget-text-editor\" data-id=\"62c73e3\" data-element_type=\"widget\" data-e-type=\"widget\" data-settings=\"{&quot;_animation_delay&quot;:200,&quot;_animation&quot;:&quot;fadeInLeft&quot;}\" data-widget_type=\"text-editor.default\">\n\t\t\t\t<div class=\"elementor-widget-container\">\n\t\t\t\t\t\t\t\t\t<p><span style=\"font-weight: 400;\">407 Art Foundation is committed to empowering emerging artists and innovating contemporary art projects, thanks to the generous support from individuals, businesses, and other foundations. Our donors are not just contributors; they are vital partners in our journey to foster emerging talent in the arts. To show our appreciations, we often invite our donors to exclusive experiences such as studio visits, private museum tours, art exhibitions and special events, providing an intimate view of the contemporary art scene and direct engagement with artists.<\/span><\/p><p><span style=\"font-weight: 400;\">Every contribution, big or small, plays an essential role in our non-profit organization&#8217;s ability to provide crucial grants for artists pushing the boundaries of creativity. Your donation is pivotal in sustaining and expanding our impact in the art community.<\/span><\/p><h3><span style=\"font-weight: 400;\"> Join our commitment to nurturing the future of art, and witness the remarkable difference your support can make in the lives of artists and broader art community.<\/span><\/h3><p><span style=\"font-weight: 400;\">\u00a0<\/span>407 Art Foundation, apart from payment gateway option on the right, accepts direct donations via wire transfer to one of our bank accounts held by mBank S.A. in Poland.<\/p><p>When choosing this method, please always state <strong>&#8220;darowizna na cele statutowe&#8221;<\/strong> in the transfer title.\u00a0<\/p><h3><strong>Transfers in PLN:\u00a0<\/strong><\/h3><h4><strong>12 1140 1010 0000 4542 9300 1001\u00a0<\/strong><\/h4><h3><strong>Transfers in EUR:<\/strong><\/h3><h4><strong>PL82 1140 1010 0000 4542 9300 1002<\/strong><\/h4>\t\t\t\t\t\t\t\t<\/div>\n\t\t\t\t<\/div>\n\t\t\t\t\t<\/div>\n\t\t<\/div>\n\t\t\t\t\t<\/div>\n\t\t<\/section>\n\t\t\t\t<section class=\"elementor-section elementor-top-section elementor-element elementor-element-699bdda elementor-section-full_width elementor-section-height-default elementor-section-height-default\" data-id=\"699bdda\" data-element_type=\"section\" data-e-type=\"section\">\n\t\t\t\t\t\t<div class=\"elementor-container elementor-column-gap-default\">\n\t\t\t\t\t<div class=\"elementor-column elementor-col-100 elementor-top-column elementor-element elementor-element-f2b4f50\" data-id=\"f2b4f50\" data-element_type=\"column\" data-e-type=\"column\">\n\t\t\t<div class=\"elementor-widget-wrap elementor-element-populated\">\n\t\t\t\t\t\t<div class=\"elementor-element elementor-element-242b331 uael-ins-normal elementor-widget elementor-widget-uael-image-gallery\" data-id=\"242b331\" data-element_type=\"widget\" data-e-type=\"widget\" data-settings=\"{&quot;column_gap&quot;:{&quot;unit&quot;:&quot;px&quot;,&quot;size&quot;:3,&quot;sizes&quot;:[]},&quot;slides_to_show&quot;:4,&quot;slides_to_show_tablet&quot;:3,&quot;slides_to_show_mobile&quot;:2,&quot;slides_to_scroll&quot;:1,&quot;slides_to_scroll_tablet&quot;:1,&quot;slides_to_scroll_mobile&quot;:1,&quot;column_gap_tablet&quot;:{&quot;unit&quot;:&quot;px&quot;,&quot;size&quot;:&quot;&quot;,&quot;sizes&quot;:[]},&quot;column_gap_mobile&quot;:{&quot;unit&quot;:&quot;px&quot;,&quot;size&quot;:&quot;&quot;,&quot;sizes&quot;:[]}}\" data-widget_type=\"uael-image-gallery.default\">\n\t\t\t\t<div class=\"elementor-widget-container\">\n\t\t\t\t\t<div class=\"uael-gallery-parent uael-caption- uael-gallery-unjustified\"><div data-image_carousel=\"{&quot;slidesToShow&quot;:4,&quot;slidesToScroll&quot;:1,&quot;autoplaySpeed&quot;:5000,&quot;autoplay&quot;:false,&quot;infinite&quot;:true,&quot;pauseOnHover&quot;:true,&quot;speed&quot;:500,&quot;arrows&quot;:false,&quot;dots&quot;:false,&quot;rtl&quot;:false,&quot;responsive&quot;:[{&quot;breakpoint&quot;:1024,&quot;settings&quot;:{&quot;slidesToShow&quot;:3,&quot;slidesToScroll&quot;:1}},{&quot;breakpoint&quot;:767,&quot;settings&quot;:{&quot;slidesToShow&quot;:2,&quot;slidesToScroll&quot;:1}}]}\" class=\"uael-img-gallery-wrap uael-img-carousel-wrap uael-nav-none\" data-filter-default=\"All\"><div class=\"uael-grid-item  uael-img-gallery-item-1\"><div class=\"uael-grid-item-content\"><a class=\"uael-grid-img uael-grid-gallery-img uael-ins-hover elementor-clickable\" target=\"_blank\" rel=\"dofollow\" href=\"https:\/\/407artfoundation.org\/wp-content\/uploads\/2026\/02\/PANA8154-2-scaled.jpeg\" data-elementor-open-lightbox=\"no\"><div class=\"uael-grid-img-thumbnail uael-ins-target\"><img decoding=\"async\" src=\"https:\/\/407artfoundation.org\/wp-content\/uploads\/2026\/02\/PANA8154-2-scaled.jpeg\" title=\"PANA8154 2\" alt=\"PANA8154 2\" loading=\"lazy\" \/><\/div><div class=\"uael-grid-img-overlay\"><\/div><\/a><\/div><\/div><div class=\"uael-grid-item  uael-img-gallery-item-2\"><div class=\"uael-grid-item-content\"><a class=\"uael-grid-img uael-grid-gallery-img uael-ins-hover elementor-clickable\" target=\"_blank\" rel=\"dofollow\" href=\"https:\/\/407artfoundation.org\/wp-content\/uploads\/2026\/02\/PANA7756-2-scaled.jpeg\" data-elementor-open-lightbox=\"no\"><div class=\"uael-grid-img-thumbnail uael-ins-target\"><img decoding=\"async\" src=\"https:\/\/407artfoundation.org\/wp-content\/uploads\/2026\/02\/PANA7756-2-scaled.jpeg\" title=\"PANA7756 2\" alt=\"PANA7756 2\" loading=\"lazy\" \/><\/div><div class=\"uael-grid-img-overlay\"><\/div><\/a><\/div><\/div><div class=\"uael-grid-item  uael-img-gallery-item-3\"><div class=\"uael-grid-item-content\"><a class=\"uael-grid-img uael-grid-gallery-img uael-ins-hover elementor-clickable\" target=\"_blank\" rel=\"dofollow\" href=\"https:\/\/407artfoundation.org\/wp-content\/uploads\/2026\/02\/PANA1770-2-scaled.jpeg\" data-elementor-open-lightbox=\"no\"><div class=\"uael-grid-img-thumbnail uael-ins-target\"><img decoding=\"async\" src=\"https:\/\/407artfoundation.org\/wp-content\/uploads\/2026\/02\/PANA1770-2-scaled.jpeg\" title=\"PANA1770 2\" alt=\"PANA1770 2\" loading=\"lazy\" \/><\/div><div class=\"uael-grid-img-overlay\"><\/div><\/a><\/div><\/div><div class=\"uael-grid-item  uael-img-gallery-item-4\"><div class=\"uael-grid-item-content\"><a class=\"uael-grid-img uael-grid-gallery-img uael-ins-hover elementor-clickable\" target=\"_blank\" rel=\"dofollow\" href=\"https:\/\/407artfoundation.org\/wp-content\/uploads\/2026\/02\/PANA1448-2-scaled.jpeg\" data-elementor-open-lightbox=\"no\"><div class=\"uael-grid-img-thumbnail uael-ins-target\"><img decoding=\"async\" src=\"https:\/\/407artfoundation.org\/wp-content\/uploads\/2026\/02\/PANA1448-2-scaled.jpeg\" title=\"PANA1448 2\" alt=\"PANA1448 2\" loading=\"lazy\" \/><\/div><div class=\"uael-grid-img-overlay\"><\/div><\/a><\/div><\/div><\/div><\/div>\t\t\t\t<\/div>\n\t\t\t\t<\/div>\n\t\t\t\t\t<\/div>\n\t\t<\/div>\n\t\t\t\t\t<\/div>\n\t\t<\/section>\n\t\t\t\t<section class=\"elementor-section elementor-top-section elementor-element elementor-element-44f2c9e elementor-section-full_width elementor-section-height-default elementor-section-height-default\" data-id=\"44f2c9e\" data-element_type=\"section\" data-e-type=\"section\">\n\t\t\t\t\t\t<div class=\"elementor-container elementor-column-gap-default\">\n\t\t\t\t\t<div class=\"elementor-column elementor-col-33 elementor-top-column elementor-element elementor-element-33b77b8\" data-id=\"33b77b8\" data-element_type=\"column\" data-e-type=\"column\">\n\t\t\t<div class=\"elementor-widget-wrap elementor-element-populated\">\n\t\t\t\t\t\t<div class=\"elementor-element elementor-element-1700b26 elementor-widget elementor-widget-video\" data-id=\"1700b26\" data-element_type=\"widget\" data-e-type=\"widget\" data-settings=\"{&quot;youtube_url&quot;:&quot;https:\\\/\\\/youtu.be\\\/F_0LzJN9Rrk?si=T85HRZu9tWyABboR&quot;,&quot;video_type&quot;:&quot;youtube&quot;,&quot;controls&quot;:&quot;yes&quot;}\" data-widget_type=\"video.default\">\n\t\t\t\t<div class=\"elementor-widget-container\">\n\t\t\t\t\t\t\t<div class=\"elementor-wrapper elementor-open-inline\">\n\t\t\t<div class=\"elementor-video\"><\/div>\t\t<\/div>\n\t\t\t\t\t\t<\/div>\n\t\t\t\t<\/div>\n\t\t\t\t\t<\/div>\n\t\t<\/div>\n\t\t\t\t<div class=\"elementor-column elementor-col-33 elementor-top-column elementor-element elementor-element-8307070\" data-id=\"8307070\" data-element_type=\"column\" data-e-type=\"column\">\n\t\t\t<div class=\"elementor-widget-wrap elementor-element-populated\">\n\t\t\t\t\t\t<div class=\"elementor-element elementor-element-2fe451f elementor-widget elementor-widget-video\" data-id=\"2fe451f\" data-element_type=\"widget\" data-e-type=\"widget\" data-settings=\"{&quot;youtube_url&quot;:&quot;https:\\\/\\\/youtu.be\\\/1JXB3f6kL0Y?si=AuL_tV-3JIJ1FIXZ&quot;,&quot;video_type&quot;:&quot;youtube&quot;,&quot;controls&quot;:&quot;yes&quot;}\" data-widget_type=\"video.default\">\n\t\t\t\t<div class=\"elementor-widget-container\">\n\t\t\t\t\t\t\t<div class=\"elementor-wrapper elementor-open-inline\">\n\t\t\t<div class=\"elementor-video\"><\/div>\t\t<\/div>\n\t\t\t\t\t\t<\/div>\n\t\t\t\t<\/div>\n\t\t\t\t\t<\/div>\n\t\t<\/div>\n\t\t\t\t<div class=\"elementor-column elementor-col-33 elementor-top-column elementor-element elementor-element-54ba0ca\" data-id=\"54ba0ca\" data-element_type=\"column\" data-e-type=\"column\">\n\t\t\t<div class=\"elementor-widget-wrap elementor-element-populated\">\n\t\t\t\t\t\t<div class=\"elementor-element elementor-element-0bcdf3b elementor-widget elementor-widget-video\" data-id=\"0bcdf3b\" data-element_type=\"widget\" data-e-type=\"widget\" data-settings=\"{&quot;youtube_url&quot;:&quot;https:\\\/\\\/youtu.be\\\/B7tqkmUHq1E?si=cW_6eANyTiJq7GcI&quot;,&quot;video_type&quot;:&quot;youtube&quot;,&quot;controls&quot;:&quot;yes&quot;}\" data-widget_type=\"video.default\">\n\t\t\t\t<div class=\"elementor-widget-container\">\n\t\t\t\t\t\t\t<div class=\"elementor-wrapper elementor-open-inline\">\n\t\t\t<div class=\"elementor-video\"><\/div>\t\t<\/div>\n\t\t\t\t\t\t<\/div>\n\t\t\t\t<\/div>\n\t\t\t\t\t<\/div>\n\t\t<\/div>\n\t\t\t\t\t<\/div>\n\t\t<\/section>\n\t\t\t\t<\/div>\n\t\t","protected":false},"excerpt":{"rendered":"<p>Donate Support Us Supporting and Empowering Artists &#8211; Grants and opportunities for Emerging Talents in art 407 Art Foundation is committed to empowering emerging artists and innovating contemporary art projects, thanks to the generous support from individuals, businesses, and other foundations. Our donors are not just contributors; they are vital partners in our journey to [&hellip;]<\/p>\n","protected":false},"author":1,"featured_media":0,"parent":0,"menu_order":0,"comment_status":"closed","ping_status":"closed","template":"","meta":{"give_campaign_id":0,"footnotes":""},"class_list":["post-532","page","type-page","status-publish","hentry"],"yoast_head":"<!-- This site is optimized with the Yoast SEO plugin v27.5 - https:\/\/yoast.com\/product\/yoast-seo-wordpress\/ -->\n<title>Donate - 407artfoundation.org<\/title>\n<meta name=\"description\" content=\"\u0141\u0105czymy Artyst\u00f3w i Kolekcjoner\u00f3w. Nasze programy promuj\u0105 polsk\u0105 sztuk\u0119 i kultur\u0119. Organizujemy wyj\u0105tkowe wystawy i kolacje. U nas kupisz obrazy bez prowizji dom\u00f3w aukcyjnych. Do\u0142\u0105cz do 407 Art Foundation.\" \/>\n<meta name=\"robots\" content=\"index, follow, max-snippet:-1, max-image-preview:large, max-video-preview:-1\" \/>\n<link rel=\"canonical\" href=\"https:\/\/407artfoundation.org\/en_gb\/donate\/\" \/>\n<meta property=\"og:locale\" content=\"en_GB\" \/>\n<meta property=\"og:type\" content=\"article\" \/>\n<meta property=\"og:title\" content=\"Donate - 407artfoundation.org\" \/>\n<meta property=\"og:description\" content=\"\u0141\u0105czymy Artyst\u00f3w i Kolekcjoner\u00f3w. Nasze programy promuj\u0105 polsk\u0105 sztuk\u0119 i kultur\u0119. Organizujemy wyj\u0105tkowe wystawy i kolacje. U nas kupisz obrazy bez prowizji dom\u00f3w aukcyjnych. Do\u0142\u0105cz do 407 Art Foundation.\" \/>\n<meta property=\"og:url\" content=\"https:\/\/407artfoundation.org\/en_gb\/donate\/\" \/>\n<meta property=\"og:site_name\" content=\"407artfoundation.org\" \/>\n<meta property=\"article:modified_time\" content=\"2026-02-17T17:27:56+00:00\" \/>\n<meta property=\"og:image\" content=\"http:\/\/407artfoundation.org\/wp-content\/uploads\/elementor\/thumbs\/PANA8154-2-scaled-rjapeklctuz92il3dddbytplj2sr5inovcuh3fzw5k.jpeg\" \/>\n<meta name=\"twitter:card\" content=\"summary_large_image\" \/>\n<meta name=\"twitter:label1\" content=\"Estimated reading time\" \/>\n\t<meta name=\"twitter:data1\" content=\"2 minutes\" \/>\n<script type=\"application\/ld+json\" class=\"yoast-schema-graph\">{\"@context\":\"https:\\\/\\\/schema.org\",\"@graph\":[{\"@type\":\"WebPage\",\"@id\":\"https:\\\/\\\/407artfoundation.org\\\/donate\\\/\",\"url\":\"https:\\\/\\\/407artfoundation.org\\\/donate\\\/\",\"name\":\"Donate - 407artfoundation.org\",\"isPartOf\":{\"@id\":\"https:\\\/\\\/407artfoundation.org\\\/#website\"},\"primaryImageOfPage\":{\"@id\":\"https:\\\/\\\/407artfoundation.org\\\/donate\\\/#primaryimage\"},\"image\":{\"@id\":\"https:\\\/\\\/407artfoundation.org\\\/donate\\\/#primaryimage\"},\"thumbnailUrl\":\"http:\\\/\\\/407artfoundation.org\\\/wp-content\\\/uploads\\\/elementor\\\/thumbs\\\/PANA8154-2-scaled-rjapeklctuz92il3dddbytplj2sr5inovcuh3fzw5k.jpeg\",\"datePublished\":\"2023-12-21T07:31:26+00:00\",\"dateModified\":\"2026-02-17T17:27:56+00:00\",\"description\":\"\u0141\u0105czymy Artyst\u00f3w i Kolekcjoner\u00f3w. Nasze programy promuj\u0105 polsk\u0105 sztuk\u0119 i kultur\u0119. Organizujemy wyj\u0105tkowe wystawy i kolacje. U nas kupisz obrazy bez prowizji dom\u00f3w aukcyjnych. Do\u0142\u0105cz do 407 Art Foundation.\",\"breadcrumb\":{\"@id\":\"https:\\\/\\\/407artfoundation.org\\\/donate\\\/#breadcrumb\"},\"inLanguage\":\"en-GB\",\"potentialAction\":[{\"@type\":\"ReadAction\",\"target\":[\"https:\\\/\\\/407artfoundation.org\\\/donate\\\/\"]}]},{\"@type\":\"ImageObject\",\"inLanguage\":\"en-GB\",\"@id\":\"https:\\\/\\\/407artfoundation.org\\\/donate\\\/#primaryimage\",\"url\":\"http:\\\/\\\/407artfoundation.org\\\/wp-content\\\/uploads\\\/elementor\\\/thumbs\\\/PANA8154-2-scaled-rjapeklctuz92il3dddbytplj2sr5inovcuh3fzw5k.jpeg\",\"contentUrl\":\"http:\\\/\\\/407artfoundation.org\\\/wp-content\\\/uploads\\\/elementor\\\/thumbs\\\/PANA8154-2-scaled-rjapeklctuz92il3dddbytplj2sr5inovcuh3fzw5k.jpeg\"},{\"@type\":\"BreadcrumbList\",\"@id\":\"https:\\\/\\\/407artfoundation.org\\\/donate\\\/#breadcrumb\",\"itemListElement\":[{\"@type\":\"ListItem\",\"position\":1,\"name\":\"Home\",\"item\":\"https:\\\/\\\/407artfoundation.org\\\/\"},{\"@type\":\"ListItem\",\"position\":2,\"name\":\"Donate\"}]},{\"@type\":\"WebSite\",\"@id\":\"https:\\\/\\\/407artfoundation.org\\\/#website\",\"url\":\"https:\\\/\\\/407artfoundation.org\\\/\",\"name\":\"407artfoundation.org\",\"description\":\"Promujemy polsk\u0105 sztuk\u0119 i kultur\u0119. \u0141\u0105czymy artyst\u00f3w z kolekcjonerami. Pomagamy budowa\u0107 warto\u015bciowe kolekcje sztuki. Organizujemy wyj\u0105tkowe wystawy w ramach cyklu &quot;Sztuka na Z\u0142otej44&quot;. Wspieramy inne organizacje i instytucje dzia\u0142aj\u0105ce na rzecz szerzenia kultury.\",\"potentialAction\":[{\"@type\":\"SearchAction\",\"target\":{\"@type\":\"EntryPoint\",\"urlTemplate\":\"https:\\\/\\\/407artfoundation.org\\\/?s={search_term_string}\"},\"query-input\":{\"@type\":\"PropertyValueSpecification\",\"valueRequired\":true,\"valueName\":\"search_term_string\"}}],\"inLanguage\":\"en-GB\"}]}<\/script>\n<!-- \/ Yoast SEO plugin. -->","yoast_head_json":{"title":"Donate - 407artfoundation.org","description":"\u0141\u0105czymy Artyst\u00f3w i Kolekcjoner\u00f3w. Nasze programy promuj\u0105 polsk\u0105 sztuk\u0119 i kultur\u0119. Organizujemy wyj\u0105tkowe wystawy i kolacje. U nas kupisz obrazy bez prowizji dom\u00f3w aukcyjnych. Do\u0142\u0105cz do 407 Art Foundation.","robots":{"index":"index","follow":"follow","max-snippet":"max-snippet:-1","max-image-preview":"max-image-preview:large","max-video-preview":"max-video-preview:-1"},"canonical":"https:\/\/407artfoundation.org\/en_gb\/donate\/","og_locale":"en_GB","og_type":"article","og_title":"Donate - 407artfoundation.org","og_description":"\u0141\u0105czymy Artyst\u00f3w i Kolekcjoner\u00f3w. Nasze programy promuj\u0105 polsk\u0105 sztuk\u0119 i kultur\u0119. Organizujemy wyj\u0105tkowe wystawy i kolacje. U nas kupisz obrazy bez prowizji dom\u00f3w aukcyjnych. Do\u0142\u0105cz do 407 Art Foundation.","og_url":"https:\/\/407artfoundation.org\/en_gb\/donate\/","og_site_name":"407artfoundation.org","article_modified_time":"2026-02-17T17:27:56+00:00","og_image":[{"url":"http:\/\/407artfoundation.org\/wp-content\/uploads\/elementor\/thumbs\/PANA8154-2-scaled-rjapeklctuz92il3dddbytplj2sr5inovcuh3fzw5k.jpeg","type":"","width":"","height":""}],"twitter_card":"summary_large_image","twitter_misc":{"Estimated reading time":"2 minutes"},"schema":{"@context":"https:\/\/schema.org","@graph":[{"@type":"WebPage","@id":"https:\/\/407artfoundation.org\/donate\/","url":"https:\/\/407artfoundation.org\/donate\/","name":"Donate - 407artfoundation.org","isPartOf":{"@id":"https:\/\/407artfoundation.org\/#website"},"primaryImageOfPage":{"@id":"https:\/\/407artfoundation.org\/donate\/#primaryimage"},"image":{"@id":"https:\/\/407artfoundation.org\/donate\/#primaryimage"},"thumbnailUrl":"http:\/\/407artfoundation.org\/wp-content\/uploads\/elementor\/thumbs\/PANA8154-2-scaled-rjapeklctuz92il3dddbytplj2sr5inovcuh3fzw5k.jpeg","datePublished":"2023-12-21T07:31:26+00:00","dateModified":"2026-02-17T17:27:56+00:00","description":"\u0141\u0105czymy Artyst\u00f3w i Kolekcjoner\u00f3w. Nasze programy promuj\u0105 polsk\u0105 sztuk\u0119 i kultur\u0119. Organizujemy wyj\u0105tkowe wystawy i kolacje. U nas kupisz obrazy bez prowizji dom\u00f3w aukcyjnych. Do\u0142\u0105cz do 407 Art Foundation.","breadcrumb":{"@id":"https:\/\/407artfoundation.org\/donate\/#breadcrumb"},"inLanguage":"en-GB","potentialAction":[{"@type":"ReadAction","target":["https:\/\/407artfoundation.org\/donate\/"]}]},{"@type":"ImageObject","inLanguage":"en-GB","@id":"https:\/\/407artfoundation.org\/donate\/#primaryimage","url":"http:\/\/407artfoundation.org\/wp-content\/uploads\/elementor\/thumbs\/PANA8154-2-scaled-rjapeklctuz92il3dddbytplj2sr5inovcuh3fzw5k.jpeg","contentUrl":"http:\/\/407artfoundation.org\/wp-content\/uploads\/elementor\/thumbs\/PANA8154-2-scaled-rjapeklctuz92il3dddbytplj2sr5inovcuh3fzw5k.jpeg"},{"@type":"BreadcrumbList","@id":"https:\/\/407artfoundation.org\/donate\/#breadcrumb","itemListElement":[{"@type":"ListItem","position":1,"name":"Home","item":"https:\/\/407artfoundation.org\/"},{"@type":"ListItem","position":2,"name":"Donate"}]},{"@type":"WebSite","@id":"https:\/\/407artfoundation.org\/#website","url":"https:\/\/407artfoundation.org\/","name":"407artfoundation.org","description":"Promujemy polsk\u0105 sztuk\u0119 i kultur\u0119. \u0141\u0105czymy artyst\u00f3w z kolekcjonerami. Pomagamy budowa\u0107 warto\u015bciowe kolekcje sztuki. Organizujemy wyj\u0105tkowe wystawy w ramach cyklu &quot;Sztuka na Z\u0142otej44&quot;. Wspieramy inne organizacje i instytucje dzia\u0142aj\u0105ce na rzecz szerzenia kultury.","potentialAction":[{"@type":"SearchAction","target":{"@type":"EntryPoint","urlTemplate":"https:\/\/407artfoundation.org\/?s={search_term_string}"},"query-input":{"@type":"PropertyValueSpecification","valueRequired":true,"valueName":"search_term_string"}}],"inLanguage":"en-GB"}]}},"campaignId":"","_links":{"self":[{"href":"https:\/\/407artfoundation.org\/en_gb\/wp-json\/wp\/v2\/pages\/532","targetHints":{"allow":["GET"]}}],"collection":[{"href":"https:\/\/407artfoundation.org\/en_gb\/wp-json\/wp\/v2\/pages"}],"about":[{"href":"https:\/\/407artfoundation.org\/en_gb\/wp-json\/wp\/v2\/types\/page"}],"author":[{"embeddable":true,"href":"https:\/\/407artfoundation.org\/en_gb\/wp-json\/wp\/v2\/users\/1"}],"replies":[{"embeddable":true,"href":"https:\/\/407artfoundation.org\/en_gb\/wp-json\/wp\/v2\/comments?post=532"}],"version-history":[{"count":79,"href":"https:\/\/407artfoundation.org\/en_gb\/wp-json\/wp\/v2\/pages\/532\/revisions"}],"predecessor-version":[{"id":3581,"href":"https:\/\/407artfoundation.org\/en_gb\/wp-json\/wp\/v2\/pages\/532\/revisions\/3581"}],"wp:attachment":[{"href":"https:\/\/407artfoundation.org\/en_gb\/wp-json\/wp\/v2\/media?parent=532"}],"curies":[{"name":"wp","href":"https:\/\/api.w.org\/{rel}","templated":true}]}}