{"id":250,"date":"2023-12-17T15:10:41","date_gmt":"2023-12-17T15:10:41","guid":{"rendered":"https:\/\/407artfoundation.org\/?page_id=250"},"modified":"2024-01-10T21:56:04","modified_gmt":"2024-01-10T21:56:04","slug":"our-activities","status":"publish","type":"page","link":"https:\/\/407artfoundation.org\/en_gb\/our-activities\/","title":{"rendered":"Our Activities"},"content":{"rendered":"\t\t<div data-elementor-type=\"wp-page\" data-elementor-id=\"250\" class=\"elementor elementor-250\" data-elementor-post-type=\"page\">\n\t\t\t\t\t\t<section class=\"elementor-section elementor-top-section elementor-element elementor-element-76a5b08 elementor-section-boxed elementor-section-height-default elementor-section-height-default\" data-id=\"76a5b08\" data-element_type=\"section\" data-e-type=\"section\" data-settings=\"{&quot;background_background&quot;:&quot;classic&quot;}\">\n\t\t\t\t\t\t\t<div class=\"elementor-background-overlay\"><\/div>\n\t\t\t\t\t\t\t<div class=\"elementor-container elementor-column-gap-default\">\n\t\t\t\t\t<div class=\"elementor-column elementor-col-100 elementor-top-column elementor-element elementor-element-378a6836\" data-id=\"378a6836\" data-element_type=\"column\" data-e-type=\"column\">\n\t\t\t<div class=\"elementor-widget-wrap elementor-element-populated\">\n\t\t\t\t\t\t<div class=\"elementor-element elementor-element-7a9b3ebb elementor-widget elementor-widget-heading\" data-id=\"7a9b3ebb\" data-element_type=\"widget\" data-e-type=\"widget\" data-widget_type=\"heading.default\">\n\t\t\t\t<div class=\"elementor-widget-container\">\n\t\t\t\t\t<h2 class=\"elementor-heading-title elementor-size-default\">Our Activities<\/h2>\t\t\t\t<\/div>\n\t\t\t\t<\/div>\n\t\t\t\t\t<\/div>\n\t\t<\/div>\n\t\t\t\t\t<\/div>\n\t\t<\/section>\n\t\t\t\t<section class=\"elementor-section elementor-top-section elementor-element elementor-element-39bd999e elementor-section-boxed elementor-section-height-default elementor-section-height-default\" data-id=\"39bd999e\" data-element_type=\"section\" data-e-type=\"section\" data-settings=\"{&quot;background_background&quot;:&quot;classic&quot;}\">\n\t\t\t\t\t\t<div class=\"elementor-container elementor-column-gap-default\">\n\t\t\t\t\t<div class=\"elementor-column elementor-col-100 elementor-top-column elementor-element elementor-element-6f68b83c\" data-id=\"6f68b83c\" data-element_type=\"column\" data-e-type=\"column\">\n\t\t\t<div class=\"elementor-widget-wrap elementor-element-populated\">\n\t\t\t\t\t\t<div class=\"elementor-element elementor-element-1cb4595 elementor-widget elementor-widget-heading\" data-id=\"1cb4595\" data-element_type=\"widget\" data-e-type=\"widget\" data-widget_type=\"heading.default\">\n\t\t\t\t<div class=\"elementor-widget-container\">\n\t\t\t\t\t<h2 class=\"elementor-heading-title elementor-size-default\">What we do<\/h2>\t\t\t\t<\/div>\n\t\t\t\t<\/div>\n\t\t\t\t<div class=\"elementor-element elementor-element-2656ae1b animated-slow elementor-invisible elementor-widget elementor-widget-jkit_post_block\" data-id=\"2656ae1b\" data-element_type=\"widget\" data-e-type=\"widget\" data-settings=\"{&quot;_animation&quot;:&quot;fadeInUp&quot;}\" data-widget_type=\"jkit_post_block.default\">\n\t\t\t\t<div class=\"elementor-widget-container\">\n\t\t\t\t\t<div  class=\"jeg-elementor-kit jkit-postblock postblock-type-5 jkit-pagination-loadmore post-element jeg_module___69f558d7c3c82\"  data-id=\"jeg_module___69f558d7c3c82\" data-settings=\"{&quot;post_type&quot;:&quot;post&quot;,&quot;number_post&quot;:{&quot;unit&quot;:&quot;px&quot;,&quot;size&quot;:30,&quot;sizes&quot;:[]},&quot;post_offset&quot;:0,&quot;unique_content&quot;:&quot;disable&quot;,&quot;include_post&quot;:&quot;&quot;,&quot;exclude_post&quot;:&quot;&quot;,&quot;include_category&quot;:&quot;14&quot;,&quot;exclude_category&quot;:&quot;&quot;,&quot;include_author&quot;:&quot;&quot;,&quot;include_tag&quot;:&quot;&quot;,&quot;exclude_tag&quot;:&quot;&quot;,&quot;product_brand&quot;:&quot;&quot;,&quot;product_cat&quot;:&quot;&quot;,&quot;product_tag&quot;:&quot;&quot;,&quot;sort_by&quot;:&quot;latest&quot;,&quot;pagination_mode&quot;:&quot;loadmore&quot;,&quot;pagination_loadmore_text&quot;:&quot;Load More&quot;,&quot;pagination_loading_text&quot;:&quot;Loading...&quot;,&quot;pagination_number_post&quot;:{&quot;unit&quot;:&quot;px&quot;,&quot;size&quot;:3,&quot;sizes&quot;:[]},&quot;pagination_scroll_limit&quot;:0,&quot;pagination_icon&quot;:{&quot;value&quot;:&quot;&quot;,&quot;library&quot;:&quot;&quot;},&quot;pagination_icon_position&quot;:&quot;before&quot;,&quot;st_category_position&quot;:&quot;center&quot;,&quot;sg_content_postblock_type&quot;:&quot;type-5&quot;,&quot;sg_content_element_order&quot;:&quot;title,meta,excerpt,read&quot;,&quot;sg_content_breakpoint&quot;:&quot;tablet&quot;,&quot;sg_content_title_html_tag&quot;:&quot;h3&quot;,&quot;sg_content_category_enable&quot;:&quot;&quot;,&quot;sg_content_excerpt_enable&quot;:&quot;&quot;,&quot;sg_content_excerpt_length&quot;:{&quot;unit&quot;:&quot;px&quot;,&quot;size&quot;:10,&quot;sizes&quot;:[]},&quot;sg_content_excerpt_more&quot;:&quot;...&quot;,&quot;sg_content_readmore_enable&quot;:&quot;&quot;,&quot;sg_content_readmore_icon&quot;:{&quot;value&quot;:&quot;&quot;,&quot;library&quot;:&quot;&quot;},&quot;sg_content_readmore_icon_position&quot;:&quot;after&quot;,&quot;sg_content_readmore_text&quot;:&quot;Read More&quot;,&quot;sg_content_comment_enable&quot;:&quot;&quot;,&quot;sg_content_comment_icon&quot;:{&quot;value&quot;:&quot;fas fa-comment&quot;,&quot;library&quot;:&quot;fa-solid&quot;},&quot;sg_content_comment_icon_position&quot;:&quot;before&quot;,&quot;sg_content_meta_enable&quot;:&quot;&quot;,&quot;sg_content_meta_author_enable&quot;:&quot;&quot;,&quot;sg_content_meta_author_by_text&quot;:&quot;by&quot;,&quot;sg_content_meta_author_icon&quot;:{&quot;value&quot;:&quot;fas fa-user&quot;,&quot;library&quot;:&quot;fa-solid&quot;},&quot;sg_content_meta_author_icon_position&quot;:&quot;before&quot;,&quot;sg_content_meta_date_enable&quot;:&quot;&quot;,&quot;sg_content_meta_date_type&quot;:&quot;published&quot;,&quot;sg_content_meta_date_format&quot;:&quot;default&quot;,&quot;sg_content_meta_date_format_custom&quot;:&quot;F j, Y&quot;,&quot;sg_content_meta_date_icon&quot;:{&quot;value&quot;:&quot;fas fa-clock&quot;,&quot;library&quot;:&quot;fa-solid&quot;},&quot;sg_content_meta_date_icon_position&quot;:&quot;before&quot;,&quot;sg_content_image_size_imagesize_size&quot;:&quot;full&quot;,&quot;paged&quot;:1,&quot;class&quot;:&quot;jkit_post_block&quot;}\"><div class=\"jkit-block-container\"><div class=\"jkit-posts jkit-ajax-flag\">\n            <article class=\"jkit-post post-3582 post type-post status-publish format-standard has-post-thumbnail hentry category-foundation-project tag-art tag-artcollectrion tag-collectors tag-klaudiakrzosek tag-kolekcjasztuki tag-polishart tag-sztukanazlotej44 tag-sztukapolska tag-thecolorsofcolor tag-wernisaz tag-wystawa tag-407artfoundation tag-sztuka\">\n                    <div class=\"jkit-thumb\"><a aria-label=\"Sztuka na Z\u0142otej 44: The Colors of Color &#8211; Klaudia Krzosek\" href=\"https:\/\/407artfoundation.org\/en_gb\/the-colors-of-color-klaudia-krzosek\/\"><div class=\"thumbnail-container \">\n            <img loading=\"lazy\" decoding=\"async\" width=\"1080\" height=\"1350\" src=\"https:\/\/407artfoundation.org\/wp-content\/uploads\/2026\/02\/Bez-nazwy-80.png\" class=\"attachment-full size-full wp-post-image\" alt=\"The Colors of Color poster\" loading=\"lazy\" srcset=\"https:\/\/407artfoundation.org\/wp-content\/uploads\/2026\/02\/Bez-nazwy-80.png 1080w, https:\/\/407artfoundation.org\/wp-content\/uploads\/2026\/02\/Bez-nazwy-80-240x300.png 240w, https:\/\/407artfoundation.org\/wp-content\/uploads\/2026\/02\/Bez-nazwy-80-819x1024.png 819w, https:\/\/407artfoundation.org\/wp-content\/uploads\/2026\/02\/Bez-nazwy-80-768x960.png 768w, https:\/\/407artfoundation.org\/wp-content\/uploads\/2026\/02\/Bez-nazwy-80-10x12.png 10w, https:\/\/407artfoundation.org\/wp-content\/uploads\/2026\/02\/Bez-nazwy-80-600x750.png 600w\" sizes=\"auto, (max-width: 1080px) 100vw, 1080px\" \/>\n        <\/div><\/a><\/div>\n                    <div class=\"jkit-postblock-content\"><h3 class=\"jkit-post-title\">\n\t\t\t\t\t\t\t<a href=\"https:\/\/407artfoundation.org\/en_gb\/the-colors-of-color-klaudia-krzosek\/\">Sztuka na Z\u0142otej 44: The Colors of Color &#8211; Klaudia Krzosek<\/a>\n\t\t\t\t\t\t<\/h3><div class=\"jkit-post-meta-bottom\">\n\t\t\t\t\t\t\t\n\t\t\t\t\t\t<\/div><\/div>\n                <\/article><article class=\"jkit-post post-2257 post type-post status-publish format-standard has-post-thumbnail hentry category-foundation-project tag-art tag-artcollectrion tag-cnotyigrzechy tag-collectors tag-kolekcjasztuki tag-obliczaduszy tag-polishart tag-sztukanazlotej44 tag-sztukapolska tag-wernisaz tag-wojciechciesniewski tag-wystawa tag-407artfoundation tag-sztuka\">\n                    <div class=\"jkit-thumb\"><a aria-label=\"&#8220;Faces of the Soul: Virtues and Sins&#8221; Exhibition\" href=\"https:\/\/407artfoundation.org\/en_gb\/faces-of-the-soul\/\"><div class=\"thumbnail-container \">\n            <img loading=\"lazy\" decoding=\"async\" width=\"1289\" height=\"1845\" src=\"https:\/\/407artfoundation.org\/wp-content\/uploads\/2025\/01\/small-Oblicza-Duszy-PL.png\" class=\"attachment-full size-full wp-post-image\" alt=\"Faces of the Soul\" loading=\"lazy\" srcset=\"https:\/\/407artfoundation.org\/wp-content\/uploads\/2025\/01\/small-Oblicza-Duszy-PL.png 1289w, https:\/\/407artfoundation.org\/wp-content\/uploads\/2025\/01\/small-Oblicza-Duszy-PL-210x300.png 210w, https:\/\/407artfoundation.org\/wp-content\/uploads\/2025\/01\/small-Oblicza-Duszy-PL-715x1024.png 715w, https:\/\/407artfoundation.org\/wp-content\/uploads\/2025\/01\/small-Oblicza-Duszy-PL-768x1099.png 768w, https:\/\/407artfoundation.org\/wp-content\/uploads\/2025\/01\/small-Oblicza-Duszy-PL-1073x1536.png 1073w, https:\/\/407artfoundation.org\/wp-content\/uploads\/2025\/01\/small-Oblicza-Duszy-PL-8x12.png 8w, https:\/\/407artfoundation.org\/wp-content\/uploads\/2025\/01\/small-Oblicza-Duszy-PL-600x859.png 600w\" sizes=\"auto, (max-width: 1289px) 100vw, 1289px\" \/>\n        <\/div><\/a><\/div>\n                    <div class=\"jkit-postblock-content\"><h3 class=\"jkit-post-title\">\n\t\t\t\t\t\t\t<a href=\"https:\/\/407artfoundation.org\/en_gb\/faces-of-the-soul\/\">&#8220;Faces of the Soul: Virtues and Sins&#8221; Exhibition<\/a>\n\t\t\t\t\t\t<\/h3><div class=\"jkit-post-meta-bottom\">\n\t\t\t\t\t\t\t\n\t\t\t\t\t\t<\/div><\/div>\n                <\/article><article class=\"jkit-post post-2162 post type-post status-publish format-standard has-post-thumbnail hentry category-foundation-project tag-kolacjew407-sztuka-fundacja407-wspolnotaartystow-tworczainspiracja-wsparciedlaartystow\">\n                    <div class=\"jkit-thumb\"><a aria-label=\"Dinners in 407 &#8211; Encounters with Artists and Art\" href=\"https:\/\/407artfoundation.org\/en_gb\/kolacje_w_407\/\"><div class=\"thumbnail-container \">\n            <img loading=\"lazy\" decoding=\"async\" width=\"1290\" height=\"716\" src=\"https:\/\/407artfoundation.org\/wp-content\/uploads\/2024\/09\/IMG_0503.jpg\" class=\"attachment-full size-full wp-post-image\" alt=\"\" loading=\"lazy\" srcset=\"https:\/\/407artfoundation.org\/wp-content\/uploads\/2024\/09\/IMG_0503.jpg 1290w, https:\/\/407artfoundation.org\/wp-content\/uploads\/2024\/09\/IMG_0503-300x167.jpg 300w, https:\/\/407artfoundation.org\/wp-content\/uploads\/2024\/09\/IMG_0503-1024x568.jpg 1024w, https:\/\/407artfoundation.org\/wp-content\/uploads\/2024\/09\/IMG_0503-768x426.jpg 768w, https:\/\/407artfoundation.org\/wp-content\/uploads\/2024\/09\/IMG_0503-18x10.jpg 18w, https:\/\/407artfoundation.org\/wp-content\/uploads\/2024\/09\/IMG_0503-600x333.jpg 600w\" sizes=\"auto, (max-width: 1290px) 100vw, 1290px\" \/>\n        <\/div><\/a><\/div>\n                    <div class=\"jkit-postblock-content\"><h3 class=\"jkit-post-title\">\n\t\t\t\t\t\t\t<a href=\"https:\/\/407artfoundation.org\/en_gb\/kolacje_w_407\/\">Dinners in 407 &#8211; Encounters with Artists and Art<\/a>\n\t\t\t\t\t\t<\/h3><div class=\"jkit-post-meta-bottom\">\n\t\t\t\t\t\t\t\n\t\t\t\t\t\t<\/div><\/div>\n                <\/article><article class=\"jkit-post post-517 post type-post status-publish format-standard has-post-thumbnail hentry category-foundation-project tag-zlota44-sztuka-zlotekobiety-katarzynachmiel\">\n                    <div class=\"jkit-thumb\"><a aria-label=\"Art at Z\u0142ota44: Golden Women. March 2024\" href=\"https:\/\/407artfoundation.org\/en_gb\/art-at-zlota-44-golden-women\/\"><div class=\"thumbnail-container \">\n            <img loading=\"lazy\" decoding=\"async\" width=\"1290\" height=\"2072\" src=\"https:\/\/407artfoundation.org\/wp-content\/uploads\/2024\/03\/wernisaz_zlotekobiety_09032024_14.jpg\" class=\"attachment-full size-full wp-post-image\" alt=\"Art at Z\u0142ota44\" loading=\"lazy\" srcset=\"https:\/\/407artfoundation.org\/wp-content\/uploads\/2024\/03\/wernisaz_zlotekobiety_09032024_14.jpg 1290w, https:\/\/407artfoundation.org\/wp-content\/uploads\/2024\/03\/wernisaz_zlotekobiety_09032024_14-187x300.jpg 187w, https:\/\/407artfoundation.org\/wp-content\/uploads\/2024\/03\/wernisaz_zlotekobiety_09032024_14-638x1024.jpg 638w, https:\/\/407artfoundation.org\/wp-content\/uploads\/2024\/03\/wernisaz_zlotekobiety_09032024_14-768x1234.jpg 768w, https:\/\/407artfoundation.org\/wp-content\/uploads\/2024\/03\/wernisaz_zlotekobiety_09032024_14-956x1536.jpg 956w, https:\/\/407artfoundation.org\/wp-content\/uploads\/2024\/03\/wernisaz_zlotekobiety_09032024_14-1275x2048.jpg 1275w, https:\/\/407artfoundation.org\/wp-content\/uploads\/2024\/03\/wernisaz_zlotekobiety_09032024_14-7x12.jpg 7w, https:\/\/407artfoundation.org\/wp-content\/uploads\/2024\/03\/wernisaz_zlotekobiety_09032024_14-600x964.jpg 600w\" sizes=\"auto, (max-width: 1290px) 100vw, 1290px\" \/>\n        <\/div><\/a><\/div>\n                    <div class=\"jkit-postblock-content\"><h3 class=\"jkit-post-title\">\n\t\t\t\t\t\t\t<a href=\"https:\/\/407artfoundation.org\/en_gb\/art-at-zlota-44-golden-women\/\">Art at Z\u0142ota44: Golden Women. March 2024<\/a>\n\t\t\t\t\t\t<\/h3><div class=\"jkit-post-meta-bottom\">\n\t\t\t\t\t\t\t\n\t\t\t\t\t\t<\/div><\/div>\n                <\/article>\n        <\/div><\/div><\/div>\t\t\t\t<\/div>\n\t\t\t\t<\/div>\n\t\t\t\t\t<\/div>\n\t\t<\/div>\n\t\t\t\t\t<\/div>\n\t\t<\/section>\n\t\t\t\t<section class=\"elementor-section elementor-top-section elementor-element elementor-element-c262765 envato-kit-141-newsletter-inline elementor-section-boxed elementor-section-height-default elementor-section-height-default\" data-id=\"c262765\" data-element_type=\"section\" data-e-type=\"section\" data-settings=\"{&quot;background_background&quot;:&quot;classic&quot;}\">\n\t\t\t\t\t\t<div class=\"elementor-container elementor-column-gap-wide\">\n\t\t\t\t\t<div class=\"elementor-column elementor-col-50 elementor-top-column elementor-element elementor-element-b15f40b elementor-invisible\" data-id=\"b15f40b\" data-element_type=\"column\" data-e-type=\"column\" data-settings=\"{&quot;animation&quot;:&quot;fadeIn&quot;,&quot;animation_delay&quot;:200}\">\n\t\t\t<div class=\"elementor-widget-wrap elementor-element-populated\">\n\t\t\t\t\t\t<div class=\"elementor-element elementor-element-91182dc elementor-invisible elementor-widget elementor-widget-heading\" data-id=\"91182dc\" data-element_type=\"widget\" data-e-type=\"widget\" data-settings=\"{&quot;_animation&quot;:&quot;fadeIn&quot;,&quot;_animation_delay&quot;:100}\" data-widget_type=\"heading.default\">\n\t\t\t\t<div class=\"elementor-widget-container\">\n\t\t\t\t\t<h2 class=\"elementor-heading-title elementor-size-default\">Enrich Art, Enrich Lives: Your Support, Their Masterpiece.  <\/h2>\t\t\t\t<\/div>\n\t\t\t\t<\/div>\n\t\t\t\t\t<\/div>\n\t\t<\/div>\n\t\t\t\t<div class=\"elementor-column elementor-col-50 elementor-top-column elementor-element elementor-element-3b77383 elementor-invisible\" data-id=\"3b77383\" data-element_type=\"column\" data-e-type=\"column\" data-settings=\"{&quot;animation&quot;:&quot;fadeIn&quot;,&quot;animation_delay&quot;:300}\">\n\t\t\t<div class=\"elementor-widget-wrap elementor-element-populated\">\n\t\t\t\t\t\t<div class=\"elementor-element elementor-element-3a61ec0 elementor-align-center elementor-mobile-align-left elementor-widget elementor-widget-button\" data-id=\"3a61ec0\" data-element_type=\"widget\" data-e-type=\"widget\" data-widget_type=\"button.default\">\n\t\t\t\t<div class=\"elementor-widget-container\">\n\t\t\t\t\t\t\t\t\t<div class=\"elementor-button-wrapper\">\n\t\t\t\t\t<a class=\"elementor-button elementor-button-link elementor-size-sm\" href=\"https:\/\/407artfoundation.org\/en_gb\/donate\/\">\n\t\t\t\t\t\t<span class=\"elementor-button-content-wrapper\">\n\t\t\t\t\t\t<span class=\"elementor-button-icon\">\n\t\t\t\t<i aria-hidden=\"true\" class=\"jki jki-donate-solid\"><\/i>\t\t\t<\/span>\n\t\t\t\t\t\t\t\t\t<span class=\"elementor-button-text\">Donate<\/span>\n\t\t\t\t\t<\/span>\n\t\t\t\t\t<\/a>\n\t\t\t\t<\/div>\n\t\t\t\t\t\t\t\t<\/div>\n\t\t\t\t<\/div>\n\t\t\t\t\t<\/div>\n\t\t<\/div>\n\t\t\t\t\t<\/div>\n\t\t<\/section>\n\t\t\t\t<\/div>\n\t\t","protected":false},"excerpt":{"rendered":"<p>Our Activities What we do edit post Art at Z\u0142ota 44 &#8211; Exhibition: Golden Women Enrich Art, Enrich Lives: Your Support, Their Masterpiece. Donate<\/p>\n","protected":false},"author":1,"featured_media":0,"parent":0,"menu_order":0,"comment_status":"closed","ping_status":"closed","template":"elementor_header_footer","meta":{"give_campaign_id":0,"footnotes":""},"class_list":["post-250","page","type-page","status-publish","hentry"],"yoast_head":"<!-- This site is optimized with the Yoast SEO plugin v27.5 - https:\/\/yoast.com\/product\/yoast-seo-wordpress\/ -->\n<title>Our Activities - 407artfoundation.org<\/title>\n<meta name=\"description\" content=\"\u0141\u0105czymy Artyst\u00f3w i Kolekcjoner\u00f3w. Nasze programy promuj\u0105 polsk\u0105 sztuk\u0119 i kultur\u0119. Organizujemy wyj\u0105tkowe wystawy i kolacje. U nas kupisz obrazy bez prowizji dom\u00f3w aukcyjnych. Do\u0142\u0105cz do 407 Art Foundation.\" \/>\n<meta name=\"robots\" content=\"index, follow, max-snippet:-1, max-image-preview:large, max-video-preview:-1\" \/>\n<link rel=\"canonical\" href=\"https:\/\/407artfoundation.org\/en_gb\/our-activities\/\" \/>\n<meta property=\"og:locale\" content=\"en_GB\" \/>\n<meta property=\"og:type\" content=\"article\" \/>\n<meta property=\"og:title\" content=\"Our Activities - 407artfoundation.org\" \/>\n<meta property=\"og:description\" content=\"\u0141\u0105czymy Artyst\u00f3w i Kolekcjoner\u00f3w. Nasze programy promuj\u0105 polsk\u0105 sztuk\u0119 i kultur\u0119. Organizujemy wyj\u0105tkowe wystawy i kolacje. U nas kupisz obrazy bez prowizji dom\u00f3w aukcyjnych. Do\u0142\u0105cz do 407 Art Foundation.\" \/>\n<meta property=\"og:url\" content=\"https:\/\/407artfoundation.org\/en_gb\/our-activities\/\" \/>\n<meta property=\"og:site_name\" content=\"407artfoundation.org\" \/>\n<meta property=\"article:modified_time\" content=\"2024-01-10T21:56:04+00:00\" \/>\n<meta property=\"og:image\" content=\"http:\/\/407artfoundation.org\/wp-content\/uploads\/2023\/12\/pexels-photo-11817339.jpeg\" \/>\n<meta name=\"twitter:card\" content=\"summary_large_image\" \/>\n<meta name=\"twitter:label1\" content=\"Estimated reading time\" \/>\n\t<meta name=\"twitter:data1\" content=\"1 minute\" \/>\n<script type=\"application\/ld+json\" class=\"yoast-schema-graph\">{\"@context\":\"https:\\\/\\\/schema.org\",\"@graph\":[{\"@type\":\"WebPage\",\"@id\":\"https:\\\/\\\/407artfoundation.org\\\/our-activities\\\/\",\"url\":\"https:\\\/\\\/407artfoundation.org\\\/our-activities\\\/\",\"name\":\"Our Activities - 407artfoundation.org\",\"isPartOf\":{\"@id\":\"https:\\\/\\\/407artfoundation.org\\\/#website\"},\"primaryImageOfPage\":{\"@id\":\"https:\\\/\\\/407artfoundation.org\\\/our-activities\\\/#primaryimage\"},\"image\":{\"@id\":\"https:\\\/\\\/407artfoundation.org\\\/our-activities\\\/#primaryimage\"},\"thumbnailUrl\":\"http:\\\/\\\/407artfoundation.org\\\/wp-content\\\/uploads\\\/2023\\\/12\\\/pexels-photo-11817339.jpeg\",\"datePublished\":\"2023-12-17T15:10:41+00:00\",\"dateModified\":\"2024-01-10T21:56:04+00:00\",\"description\":\"\u0141\u0105czymy Artyst\u00f3w i Kolekcjoner\u00f3w. Nasze programy promuj\u0105 polsk\u0105 sztuk\u0119 i kultur\u0119. Organizujemy wyj\u0105tkowe wystawy i kolacje. U nas kupisz obrazy bez prowizji dom\u00f3w aukcyjnych. Do\u0142\u0105cz do 407 Art Foundation.\",\"breadcrumb\":{\"@id\":\"https:\\\/\\\/407artfoundation.org\\\/our-activities\\\/#breadcrumb\"},\"inLanguage\":\"en-GB\",\"potentialAction\":[{\"@type\":\"ReadAction\",\"target\":[\"https:\\\/\\\/407artfoundation.org\\\/our-activities\\\/\"]}]},{\"@type\":\"ImageObject\",\"inLanguage\":\"en-GB\",\"@id\":\"https:\\\/\\\/407artfoundation.org\\\/our-activities\\\/#primaryimage\",\"url\":\"http:\\\/\\\/407artfoundation.org\\\/wp-content\\\/uploads\\\/2023\\\/12\\\/pexels-photo-11817339.jpeg\",\"contentUrl\":\"http:\\\/\\\/407artfoundation.org\\\/wp-content\\\/uploads\\\/2023\\\/12\\\/pexels-photo-11817339.jpeg\"},{\"@type\":\"BreadcrumbList\",\"@id\":\"https:\\\/\\\/407artfoundation.org\\\/our-activities\\\/#breadcrumb\",\"itemListElement\":[{\"@type\":\"ListItem\",\"position\":1,\"name\":\"Home\",\"item\":\"https:\\\/\\\/407artfoundation.org\\\/\"},{\"@type\":\"ListItem\",\"position\":2,\"name\":\"Our Activities\"}]},{\"@type\":\"WebSite\",\"@id\":\"https:\\\/\\\/407artfoundation.org\\\/#website\",\"url\":\"https:\\\/\\\/407artfoundation.org\\\/\",\"name\":\"407artfoundation.org\",\"description\":\"Promujemy polsk\u0105 sztuk\u0119 i kultur\u0119. \u0141\u0105czymy artyst\u00f3w z kolekcjonerami. Pomagamy budowa\u0107 warto\u015bciowe kolekcje sztuki. Organizujemy wyj\u0105tkowe wystawy w ramach cyklu &quot;Sztuka na Z\u0142otej44&quot;. Wspieramy inne organizacje i instytucje dzia\u0142aj\u0105ce na rzecz szerzenia kultury.\",\"potentialAction\":[{\"@type\":\"SearchAction\",\"target\":{\"@type\":\"EntryPoint\",\"urlTemplate\":\"https:\\\/\\\/407artfoundation.org\\\/?s={search_term_string}\"},\"query-input\":{\"@type\":\"PropertyValueSpecification\",\"valueRequired\":true,\"valueName\":\"search_term_string\"}}],\"inLanguage\":\"en-GB\"}]}<\/script>\n<!-- \/ Yoast SEO plugin. -->","yoast_head_json":{"title":"Our Activities - 407artfoundation.org","description":"\u0141\u0105czymy Artyst\u00f3w i Kolekcjoner\u00f3w. Nasze programy promuj\u0105 polsk\u0105 sztuk\u0119 i kultur\u0119. Organizujemy wyj\u0105tkowe wystawy i kolacje. U nas kupisz obrazy bez prowizji dom\u00f3w aukcyjnych. Do\u0142\u0105cz do 407 Art Foundation.","robots":{"index":"index","follow":"follow","max-snippet":"max-snippet:-1","max-image-preview":"max-image-preview:large","max-video-preview":"max-video-preview:-1"},"canonical":"https:\/\/407artfoundation.org\/en_gb\/our-activities\/","og_locale":"en_GB","og_type":"article","og_title":"Our Activities - 407artfoundation.org","og_description":"\u0141\u0105czymy Artyst\u00f3w i Kolekcjoner\u00f3w. Nasze programy promuj\u0105 polsk\u0105 sztuk\u0119 i kultur\u0119. Organizujemy wyj\u0105tkowe wystawy i kolacje. U nas kupisz obrazy bez prowizji dom\u00f3w aukcyjnych. Do\u0142\u0105cz do 407 Art Foundation.","og_url":"https:\/\/407artfoundation.org\/en_gb\/our-activities\/","og_site_name":"407artfoundation.org","article_modified_time":"2024-01-10T21:56:04+00:00","og_image":[{"url":"http:\/\/407artfoundation.org\/wp-content\/uploads\/2023\/12\/pexels-photo-11817339.jpeg","type":"","width":"","height":""}],"twitter_card":"summary_large_image","twitter_misc":{"Estimated reading time":"1 minute"},"schema":{"@context":"https:\/\/schema.org","@graph":[{"@type":"WebPage","@id":"https:\/\/407artfoundation.org\/our-activities\/","url":"https:\/\/407artfoundation.org\/our-activities\/","name":"Our Activities - 407artfoundation.org","isPartOf":{"@id":"https:\/\/407artfoundation.org\/#website"},"primaryImageOfPage":{"@id":"https:\/\/407artfoundation.org\/our-activities\/#primaryimage"},"image":{"@id":"https:\/\/407artfoundation.org\/our-activities\/#primaryimage"},"thumbnailUrl":"http:\/\/407artfoundation.org\/wp-content\/uploads\/2023\/12\/pexels-photo-11817339.jpeg","datePublished":"2023-12-17T15:10:41+00:00","dateModified":"2024-01-10T21:56:04+00:00","description":"\u0141\u0105czymy Artyst\u00f3w i Kolekcjoner\u00f3w. Nasze programy promuj\u0105 polsk\u0105 sztuk\u0119 i kultur\u0119. Organizujemy wyj\u0105tkowe wystawy i kolacje. U nas kupisz obrazy bez prowizji dom\u00f3w aukcyjnych. Do\u0142\u0105cz do 407 Art Foundation.","breadcrumb":{"@id":"https:\/\/407artfoundation.org\/our-activities\/#breadcrumb"},"inLanguage":"en-GB","potentialAction":[{"@type":"ReadAction","target":["https:\/\/407artfoundation.org\/our-activities\/"]}]},{"@type":"ImageObject","inLanguage":"en-GB","@id":"https:\/\/407artfoundation.org\/our-activities\/#primaryimage","url":"http:\/\/407artfoundation.org\/wp-content\/uploads\/2023\/12\/pexels-photo-11817339.jpeg","contentUrl":"http:\/\/407artfoundation.org\/wp-content\/uploads\/2023\/12\/pexels-photo-11817339.jpeg"},{"@type":"BreadcrumbList","@id":"https:\/\/407artfoundation.org\/our-activities\/#breadcrumb","itemListElement":[{"@type":"ListItem","position":1,"name":"Home","item":"https:\/\/407artfoundation.org\/"},{"@type":"ListItem","position":2,"name":"Our Activities"}]},{"@type":"WebSite","@id":"https:\/\/407artfoundation.org\/#website","url":"https:\/\/407artfoundation.org\/","name":"407artfoundation.org","description":"Promujemy polsk\u0105 sztuk\u0119 i kultur\u0119. \u0141\u0105czymy artyst\u00f3w z kolekcjonerami. Pomagamy budowa\u0107 warto\u015bciowe kolekcje sztuki. Organizujemy wyj\u0105tkowe wystawy w ramach cyklu &quot;Sztuka na Z\u0142otej44&quot;. Wspieramy inne organizacje i instytucje dzia\u0142aj\u0105ce na rzecz szerzenia kultury.","potentialAction":[{"@type":"SearchAction","target":{"@type":"EntryPoint","urlTemplate":"https:\/\/407artfoundation.org\/?s={search_term_string}"},"query-input":{"@type":"PropertyValueSpecification","valueRequired":true,"valueName":"search_term_string"}}],"inLanguage":"en-GB"}]}},"campaignId":"","_links":{"self":[{"href":"https:\/\/407artfoundation.org\/en_gb\/wp-json\/wp\/v2\/pages\/250","targetHints":{"allow":["GET"]}}],"collection":[{"href":"https:\/\/407artfoundation.org\/en_gb\/wp-json\/wp\/v2\/pages"}],"about":[{"href":"https:\/\/407artfoundation.org\/en_gb\/wp-json\/wp\/v2\/types\/page"}],"author":[{"embeddable":true,"href":"https:\/\/407artfoundation.org\/en_gb\/wp-json\/wp\/v2\/users\/1"}],"replies":[{"embeddable":true,"href":"https:\/\/407artfoundation.org\/en_gb\/wp-json\/wp\/v2\/comments?post=250"}],"version-history":[{"count":39,"href":"https:\/\/407artfoundation.org\/en_gb\/wp-json\/wp\/v2\/pages\/250\/revisions"}],"predecessor-version":[{"id":1442,"href":"https:\/\/407artfoundation.org\/en_gb\/wp-json\/wp\/v2\/pages\/250\/revisions\/1442"}],"wp:attachment":[{"href":"https:\/\/407artfoundation.org\/en_gb\/wp-json\/wp\/v2\/media?parent=250"}],"curies":[{"name":"wp","href":"https:\/\/api.w.org\/{rel}","templated":true}]}}